{"id":1418,"date":"2022-10-14T13:41:24","date_gmt":"2022-10-14T13:41:24","guid":{"rendered":"https:\/\/domina-st-petersburg.ms.decms.eu\/media-press-page-2\/"},"modified":"2022-10-14T14:51:10","modified_gmt":"2022-10-14T14:51:10","slug":"medias-presse","status":"publish","type":"page","link":"https:\/\/spb.dominarussia.com\/fr\/medias-presse\/","title":{"rendered":"Media"},"content":{"rendered":"<p style=\"text-align: center;\"><span class=\"s1\">Nous sommes toujours ouverts \u00e0 l\u2019opportunit\u00e9 de travailler avec les m\u00e9dias.<\/span><\/p>\n<p style=\"text-align: center;\">Pour obtenir des commentaires ou des informations sur les projets de Domina en Russie ou dans d\u2019autres pays, veuillez contacter le service de presse de Domina Russie par courrier \u00e9lectronique :<\/p>\n<p style=\"text-align: center;\"><a href=\"mailto:press@dominarussia.com\">press@dominarussia.com<\/a> ou par t\u00e9l\u00e9phone :\u00a0<a href=\"tel:+79675350499\" target=\"_blank\" rel=\"noopener noreferrer\">+7 (967) 535 04 99<\/a>.<\/p>\n","protected":false},"excerpt":{"rendered":"<p>Nous sommes toujours ouverts \u00e0 l\u2019opportunit\u00e9 de travailler avec les m\u00e9dias. Pour obtenir des commentaires ou des informations sur les projets de Domina en Russie ou dans d\u2019autres pays, veuillez contacter le service de presse de Domina Russie par courrier \u00e9lectronique : press@dominarussia.com ou par t\u00e9l\u00e9phone :\u00a0+7 (967) 535 04 99.<\/p>\n","protected":false},"author":7,"featured_media":0,"parent":0,"menu_order":820,"comment_status":"closed","ping_status":"closed","template":"template-press.php","meta":{"footnotes":""},"class_list":["post-1418","page","type-page","status-publish","hentry"],"yoast_head":"<!-- This site is optimized with the Yoast SEO plugin v26.9 - https:\/\/yoast.com\/product\/yoast-seo-wordpress\/ -->\n<title>Media &#8211; Domina St. Petersburg &#8211;<\/title>\n<meta name=\"robots\" content=\"index, follow, max-snippet:-1, max-image-preview:large, max-video-preview:-1\" \/>\n<link rel=\"canonical\" href=\"https:\/\/spb.dominarussia.com\/fr\/medias-presse\/\" \/>\n<meta property=\"og:locale\" content=\"fr_FR\" \/>\n<meta property=\"og:type\" content=\"article\" \/>\n<meta property=\"og:title\" content=\"Media &#8211; Domina St. Petersburg &#8211;\" \/>\n<meta property=\"og:description\" content=\"Nous sommes toujours ouverts \u00e0 l\u2019opportunit\u00e9 de travailler avec les m\u00e9dias. Pour obtenir des commentaires ou des informations sur les projets de Domina en Russie ou dans d\u2019autres pays, veuillez contacter le service de presse de Domina Russie par courrier \u00e9lectronique : press@dominarussia.com ou par t\u00e9l\u00e9phone :\u00a0+7 (967) 535 04 99.\" \/>\n<meta property=\"og:url\" content=\"https:\/\/spb.dominarussia.com\/fr\/medias-presse\/\" \/>\n<meta property=\"og:site_name\" content=\"Domina St. Petersburg\" \/>\n<meta property=\"article:modified_time\" content=\"2022-10-14T14:51:10+00:00\" \/>\n<meta name=\"twitter:card\" content=\"summary_large_image\" \/>\n<meta name=\"twitter:label1\" content=\"Dur\u00e9e de lecture estim\u00e9e\" \/>\n\t<meta name=\"twitter:data1\" content=\"1 minute\" \/>\n<script type=\"application\/ld+json\" class=\"yoast-schema-graph\">{\"@context\":\"https:\/\/schema.org\",\"@graph\":[{\"@type\":\"WebPage\",\"@id\":\"https:\/\/spb.dominarussia.com\/fr\/medias-presse\/\",\"url\":\"https:\/\/spb.dominarussia.com\/fr\/medias-presse\/\",\"name\":\"Media &#8211; Domina St. Petersburg &#8211;\",\"isPartOf\":{\"@id\":\"https:\/\/spb.dominarussia.com\/fr\/#website\"},\"datePublished\":\"2022-10-14T13:41:24+00:00\",\"dateModified\":\"2022-10-14T14:51:10+00:00\",\"breadcrumb\":{\"@id\":\"https:\/\/spb.dominarussia.com\/fr\/medias-presse\/#breadcrumb\"},\"inLanguage\":\"fr-FR\",\"potentialAction\":[{\"@type\":\"ReadAction\",\"target\":[\"https:\/\/spb.dominarussia.com\/fr\/medias-presse\/\"]}]},{\"@type\":\"BreadcrumbList\",\"@id\":\"https:\/\/spb.dominarussia.com\/fr\/medias-presse\/#breadcrumb\",\"itemListElement\":[{\"@type\":\"ListItem\",\"position\":1,\"name\":\"Home\",\"item\":\"https:\/\/spb.dominarussia.com\/fr\/\"},{\"@type\":\"ListItem\",\"position\":2,\"name\":\"Media\"}]},{\"@type\":\"WebSite\",\"@id\":\"https:\/\/spb.dominarussia.com\/fr\/#website\",\"url\":\"https:\/\/spb.dominarussia.com\/fr\/\",\"name\":\"Domina St. Petersburg\",\"description\":\"Just another ms.decms.eu site\",\"potentialAction\":[{\"@type\":\"SearchAction\",\"target\":{\"@type\":\"EntryPoint\",\"urlTemplate\":\"https:\/\/spb.dominarussia.com\/fr\/?s={search_term_string}\"},\"query-input\":{\"@type\":\"PropertyValueSpecification\",\"valueRequired\":true,\"valueName\":\"search_term_string\"}}],\"inLanguage\":\"fr-FR\"}]}<\/script>\n<!-- \/ Yoast SEO plugin. -->","yoast_head_json":{"title":"Media &#8211; Domina St. Petersburg &#8211;","robots":{"index":"index","follow":"follow","max-snippet":"max-snippet:-1","max-image-preview":"max-image-preview:large","max-video-preview":"max-video-preview:-1"},"canonical":"https:\/\/spb.dominarussia.com\/fr\/medias-presse\/","og_locale":"fr_FR","og_type":"article","og_title":"Media &#8211; Domina St. Petersburg &#8211;","og_description":"Nous sommes toujours ouverts \u00e0 l\u2019opportunit\u00e9 de travailler avec les m\u00e9dias. Pour obtenir des commentaires ou des informations sur les projets de Domina en Russie ou dans d\u2019autres pays, veuillez contacter le service de presse de Domina Russie par courrier \u00e9lectronique : press@dominarussia.com ou par t\u00e9l\u00e9phone :\u00a0+7 (967) 535 04 99.","og_url":"https:\/\/spb.dominarussia.com\/fr\/medias-presse\/","og_site_name":"Domina St. Petersburg","article_modified_time":"2022-10-14T14:51:10+00:00","twitter_card":"summary_large_image","twitter_misc":{"Dur\u00e9e de lecture estim\u00e9e":"1 minute"},"schema":{"@context":"https:\/\/schema.org","@graph":[{"@type":"WebPage","@id":"https:\/\/spb.dominarussia.com\/fr\/medias-presse\/","url":"https:\/\/spb.dominarussia.com\/fr\/medias-presse\/","name":"Media &#8211; Domina St. Petersburg &#8211;","isPartOf":{"@id":"https:\/\/spb.dominarussia.com\/fr\/#website"},"datePublished":"2022-10-14T13:41:24+00:00","dateModified":"2022-10-14T14:51:10+00:00","breadcrumb":{"@id":"https:\/\/spb.dominarussia.com\/fr\/medias-presse\/#breadcrumb"},"inLanguage":"fr-FR","potentialAction":[{"@type":"ReadAction","target":["https:\/\/spb.dominarussia.com\/fr\/medias-presse\/"]}]},{"@type":"BreadcrumbList","@id":"https:\/\/spb.dominarussia.com\/fr\/medias-presse\/#breadcrumb","itemListElement":[{"@type":"ListItem","position":1,"name":"Home","item":"https:\/\/spb.dominarussia.com\/fr\/"},{"@type":"ListItem","position":2,"name":"Media"}]},{"@type":"WebSite","@id":"https:\/\/spb.dominarussia.com\/fr\/#website","url":"https:\/\/spb.dominarussia.com\/fr\/","name":"Domina St. Petersburg","description":"Just another ms.decms.eu site","potentialAction":[{"@type":"SearchAction","target":{"@type":"EntryPoint","urlTemplate":"https:\/\/spb.dominarussia.com\/fr\/?s={search_term_string}"},"query-input":{"@type":"PropertyValueSpecification","valueRequired":true,"valueName":"search_term_string"}}],"inLanguage":"fr-FR"}]}},"acf":[],"_links":{"self":[{"href":"https:\/\/spb.dominarussia.com\/fr\/wp-json\/wp\/v2\/pages\/1418","targetHints":{"allow":["GET"]}}],"collection":[{"href":"https:\/\/spb.dominarussia.com\/fr\/wp-json\/wp\/v2\/pages"}],"about":[{"href":"https:\/\/spb.dominarussia.com\/fr\/wp-json\/wp\/v2\/types\/page"}],"author":[{"embeddable":true,"href":"https:\/\/spb.dominarussia.com\/fr\/wp-json\/wp\/v2\/users\/7"}],"replies":[{"embeddable":true,"href":"https:\/\/spb.dominarussia.com\/fr\/wp-json\/wp\/v2\/comments?post=1418"}],"version-history":[{"count":0,"href":"https:\/\/spb.dominarussia.com\/fr\/wp-json\/wp\/v2\/pages\/1418\/revisions"}],"wp:attachment":[{"href":"https:\/\/spb.dominarussia.com\/fr\/wp-json\/wp\/v2\/media?parent=1418"}],"curies":[{"name":"wp","href":"https:\/\/api.w.org\/{rel}","templated":true}]}}