{"id":142,"date":"2022-04-01T15:30:11","date_gmt":"2022-04-01T15:30:11","guid":{"rendered":"https:\/\/domina-st-petersburg.ms.decms.eu\/?page_id=142"},"modified":"2022-07-25T07:48:08","modified_gmt":"2022-07-25T07:48:08","slug":"saint-petersbourg","status":"publish","type":"page","link":"https:\/\/spb.dominarussia.com\/fr\/a-propos-de-hotel\/saint-petersbourg\/","title":{"rendered":"Saint-P\u00e9tersbourg"},"content":{"rendered":"<p>Saint-P\u00e9tersbourg est une m\u00e9tropole culturelle o\u00f9, chaque jour, il se passe tant de choses int\u00e9ressantes !<\/p>\n<p>Quels souvenirs de Saint-P\u00e9tersbourg aimeriez-vous rapporter \u00e0 la maison ?<\/p>\n<p>Nous conseillons aux romantiques de faire une promenade en bateau sur les rivi\u00e8res et les canaux, en admirant la vue des pont-levis au-dessus de la Neva \u00e9clair\u00e9s par la lumi\u00e8re laiteuse des nuits blanches ou de se rendre \u00e0 Peterhof pour voir ses fabuleuses fontaines.<\/p>\n","protected":false},"excerpt":{"rendered":"<p>Saint-P\u00e9tersbourg est une m\u00e9tropole culturelle o\u00f9, chaque jour, il se passe tant de choses int\u00e9ressantes ! Quels souvenirs de Saint-P\u00e9tersbourg aimeriez-vous rapporter \u00e0 la maison ? Nous conseillons aux romantiques de faire une promenade en bateau sur les rivi\u00e8res et les canaux, en admirant la vue des pont-levis au-dessus de la Neva \u00e9clair\u00e9s par la [&hellip;]<\/p>\n","protected":false},"author":7,"featured_media":0,"parent":92,"menu_order":40,"comment_status":"closed","ping_status":"closed","template":"","meta":{"footnotes":""},"class_list":["post-142","page","type-page","status-publish","hentry"],"yoast_head":"<!-- This site is optimized with the Yoast SEO plugin v26.9 - https:\/\/yoast.com\/product\/yoast-seo-wordpress\/ -->\n<title>Saint-P\u00e9tersbourg &#8211; Domina St. Petersburg &#8211;<\/title>\n<meta name=\"robots\" content=\"index, follow, max-snippet:-1, max-image-preview:large, max-video-preview:-1\" \/>\n<link rel=\"canonical\" href=\"https:\/\/spb.dominarussia.com\/fr\/a-propos-de-hotel\/saint-petersbourg\/\" \/>\n<meta property=\"og:locale\" content=\"fr_FR\" \/>\n<meta property=\"og:type\" content=\"article\" \/>\n<meta property=\"og:title\" content=\"Saint-P\u00e9tersbourg &#8211; Domina St. Petersburg &#8211;\" \/>\n<meta property=\"og:description\" content=\"Saint-P\u00e9tersbourg est une m\u00e9tropole culturelle o\u00f9, chaque jour, il se passe tant de choses int\u00e9ressantes ! Quels souvenirs de Saint-P\u00e9tersbourg aimeriez-vous rapporter \u00e0 la maison ? Nous conseillons aux romantiques de faire une promenade en bateau sur les rivi\u00e8res et les canaux, en admirant la vue des pont-levis au-dessus de la Neva \u00e9clair\u00e9s par la [&hellip;]\" \/>\n<meta property=\"og:url\" content=\"https:\/\/spb.dominarussia.com\/fr\/a-propos-de-hotel\/saint-petersbourg\/\" \/>\n<meta property=\"og:site_name\" content=\"Domina St. Petersburg\" \/>\n<meta property=\"article:modified_time\" content=\"2022-07-25T07:48:08+00:00\" \/>\n<meta name=\"twitter:card\" content=\"summary_large_image\" \/>\n<script type=\"application\/ld+json\" class=\"yoast-schema-graph\">{\"@context\":\"https:\/\/schema.org\",\"@graph\":[{\"@type\":\"WebPage\",\"@id\":\"https:\/\/spb.dominarussia.com\/fr\/a-propos-de-hotel\/saint-petersbourg\/\",\"url\":\"https:\/\/spb.dominarussia.com\/fr\/a-propos-de-hotel\/saint-petersbourg\/\",\"name\":\"Saint-P\u00e9tersbourg &#8211; Domina St. Petersburg &#8211;\",\"isPartOf\":{\"@id\":\"https:\/\/spb.dominarussia.com\/fr\/#website\"},\"datePublished\":\"2022-04-01T15:30:11+00:00\",\"dateModified\":\"2022-07-25T07:48:08+00:00\",\"breadcrumb\":{\"@id\":\"https:\/\/spb.dominarussia.com\/fr\/a-propos-de-hotel\/saint-petersbourg\/#breadcrumb\"},\"inLanguage\":\"fr-FR\",\"potentialAction\":[{\"@type\":\"ReadAction\",\"target\":[\"https:\/\/spb.dominarussia.com\/fr\/a-propos-de-hotel\/saint-petersbourg\/\"]}]},{\"@type\":\"BreadcrumbList\",\"@id\":\"https:\/\/spb.dominarussia.com\/fr\/a-propos-de-hotel\/saint-petersbourg\/#breadcrumb\",\"itemListElement\":[{\"@type\":\"ListItem\",\"position\":1,\"name\":\"Home\",\"item\":\"https:\/\/spb.dominarussia.com\/fr\/\"},{\"@type\":\"ListItem\",\"position\":2,\"name\":\"\u00c0 propos de l&rsquo;h\u00f4tel Domina St. Petersburg\",\"item\":\"https:\/\/spb.dominarussia.com\/fr\/a-propos-de-hotel\/\"},{\"@type\":\"ListItem\",\"position\":3,\"name\":\"Saint-P\u00e9tersbourg\"}]},{\"@type\":\"WebSite\",\"@id\":\"https:\/\/spb.dominarussia.com\/fr\/#website\",\"url\":\"https:\/\/spb.dominarussia.com\/fr\/\",\"name\":\"Domina St. Petersburg\",\"description\":\"Just another ms.decms.eu site\",\"potentialAction\":[{\"@type\":\"SearchAction\",\"target\":{\"@type\":\"EntryPoint\",\"urlTemplate\":\"https:\/\/spb.dominarussia.com\/fr\/?s={search_term_string}\"},\"query-input\":{\"@type\":\"PropertyValueSpecification\",\"valueRequired\":true,\"valueName\":\"search_term_string\"}}],\"inLanguage\":\"fr-FR\"}]}<\/script>\n<!-- \/ Yoast SEO plugin. -->","yoast_head_json":{"title":"Saint-P\u00e9tersbourg &#8211; Domina St. Petersburg &#8211;","robots":{"index":"index","follow":"follow","max-snippet":"max-snippet:-1","max-image-preview":"max-image-preview:large","max-video-preview":"max-video-preview:-1"},"canonical":"https:\/\/spb.dominarussia.com\/fr\/a-propos-de-hotel\/saint-petersbourg\/","og_locale":"fr_FR","og_type":"article","og_title":"Saint-P\u00e9tersbourg &#8211; Domina St. Petersburg &#8211;","og_description":"Saint-P\u00e9tersbourg est une m\u00e9tropole culturelle o\u00f9, chaque jour, il se passe tant de choses int\u00e9ressantes ! Quels souvenirs de Saint-P\u00e9tersbourg aimeriez-vous rapporter \u00e0 la maison ? Nous conseillons aux romantiques de faire une promenade en bateau sur les rivi\u00e8res et les canaux, en admirant la vue des pont-levis au-dessus de la Neva \u00e9clair\u00e9s par la [&hellip;]","og_url":"https:\/\/spb.dominarussia.com\/fr\/a-propos-de-hotel\/saint-petersbourg\/","og_site_name":"Domina St. Petersburg","article_modified_time":"2022-07-25T07:48:08+00:00","twitter_card":"summary_large_image","schema":{"@context":"https:\/\/schema.org","@graph":[{"@type":"WebPage","@id":"https:\/\/spb.dominarussia.com\/fr\/a-propos-de-hotel\/saint-petersbourg\/","url":"https:\/\/spb.dominarussia.com\/fr\/a-propos-de-hotel\/saint-petersbourg\/","name":"Saint-P\u00e9tersbourg &#8211; Domina St. Petersburg &#8211;","isPartOf":{"@id":"https:\/\/spb.dominarussia.com\/fr\/#website"},"datePublished":"2022-04-01T15:30:11+00:00","dateModified":"2022-07-25T07:48:08+00:00","breadcrumb":{"@id":"https:\/\/spb.dominarussia.com\/fr\/a-propos-de-hotel\/saint-petersbourg\/#breadcrumb"},"inLanguage":"fr-FR","potentialAction":[{"@type":"ReadAction","target":["https:\/\/spb.dominarussia.com\/fr\/a-propos-de-hotel\/saint-petersbourg\/"]}]},{"@type":"BreadcrumbList","@id":"https:\/\/spb.dominarussia.com\/fr\/a-propos-de-hotel\/saint-petersbourg\/#breadcrumb","itemListElement":[{"@type":"ListItem","position":1,"name":"Home","item":"https:\/\/spb.dominarussia.com\/fr\/"},{"@type":"ListItem","position":2,"name":"\u00c0 propos de l&rsquo;h\u00f4tel Domina St. Petersburg","item":"https:\/\/spb.dominarussia.com\/fr\/a-propos-de-hotel\/"},{"@type":"ListItem","position":3,"name":"Saint-P\u00e9tersbourg"}]},{"@type":"WebSite","@id":"https:\/\/spb.dominarussia.com\/fr\/#website","url":"https:\/\/spb.dominarussia.com\/fr\/","name":"Domina St. Petersburg","description":"Just another ms.decms.eu site","potentialAction":[{"@type":"SearchAction","target":{"@type":"EntryPoint","urlTemplate":"https:\/\/spb.dominarussia.com\/fr\/?s={search_term_string}"},"query-input":{"@type":"PropertyValueSpecification","valueRequired":true,"valueName":"search_term_string"}}],"inLanguage":"fr-FR"}]}},"acf":[],"_links":{"self":[{"href":"https:\/\/spb.dominarussia.com\/fr\/wp-json\/wp\/v2\/pages\/142","targetHints":{"allow":["GET"]}}],"collection":[{"href":"https:\/\/spb.dominarussia.com\/fr\/wp-json\/wp\/v2\/pages"}],"about":[{"href":"https:\/\/spb.dominarussia.com\/fr\/wp-json\/wp\/v2\/types\/page"}],"author":[{"embeddable":true,"href":"https:\/\/spb.dominarussia.com\/fr\/wp-json\/wp\/v2\/users\/7"}],"replies":[{"embeddable":true,"href":"https:\/\/spb.dominarussia.com\/fr\/wp-json\/wp\/v2\/comments?post=142"}],"version-history":[{"count":0,"href":"https:\/\/spb.dominarussia.com\/fr\/wp-json\/wp\/v2\/pages\/142\/revisions"}],"up":[{"embeddable":true,"href":"https:\/\/spb.dominarussia.com\/fr\/wp-json\/wp\/v2\/pages\/92"}],"wp:attachment":[{"href":"https:\/\/spb.dominarussia.com\/fr\/wp-json\/wp\/v2\/media?parent=142"}],"curies":[{"name":"wp","href":"https:\/\/api.w.org\/{rel}","templated":true}]}}