{"id":152,"date":"2022-04-01T16:28:58","date_gmt":"2022-04-01T16:28:58","guid":{"rendered":"https:\/\/domina-st-petersburg.ms.decms.eu\/?page_id=152"},"modified":"2022-07-14T10:00:49","modified_gmt":"2022-07-14T10:00:49","slug":"chambres","status":"publish","type":"page","link":"https:\/\/spb.dominarussia.com\/fr\/chambres\/","title":{"rendered":"Chambres"},"content":{"rendered":"<p style=\"text-align: center;\">7 cat\u00e9gories de chambres<\/p>\n<p>Chambres spacieuses et \u00e9l\u00e9gantes<\/p>\n<p><strong>Il est plus facile que jamais de r\u00e9server une chambre \u00e0 l\u2019h\u00f4tel.<\/strong><\/p>\n<p>La seule difficult\u00e9 \u00e0 laquelle vous pouvez \u00eatre confront\u00e9s c\u2019est le choix : nous offrons \u00e0 nos clients des chambres avec des d\u00e9cors compl\u00e8tement diff\u00e9rents. L\u2019h\u00f4tel compte 109 chambres au total dont la plupart sont de spacieuses chambres Sup\u00e9rieures et de confortables chambres Mansarde. Pour les voyageurs qui appr\u00e9cient le confort et veulent se sentir comme \u00e0 la maison, nous avons r\u00e9serv\u00e9 des chambres Lifestyle en duplex avec un espace de travail s\u00e9par\u00e9 de la zone de repos.<\/p>\n<p>Pour les clients qui optent pour le luxe pour une nuit ou plus, nous avons pr\u00e9par\u00e9 des Junior suites et des suites.<\/p>\n<p>Toutes les chambres et suites ont en commun un service haut de gamme, une ambiance lumineuse et une attention minutieuse aux d\u00e9tails.<\/p>\n<p>Un sommeil profond et rafraichissant est garantie dans toutes les chambres de l\u2019h\u00f4tel gr\u00e2ce \u00e0 la literie en duvet naturel du fabricant mondialement connu Muhldorfer, aux draps doux en satin extra fin d\u2019une qualit\u00e9 sup\u00e9rieure de Rivolta Carmignani et un menu d\u2019oreillers compos\u00e9 de sept options pour le confort maximal.<\/p>\n<p>Les enfants de moins de 6 ans vivent gratuitement \u00e0 l\u2019h\u00f4tel et, si n\u00e9cessaire, un lit b\u00e9b\u00e9 peut \u00eatre fourni aux petits voyageurs sur demande.<\/p>\n<p>Consultez notre <a href=\"https:\/\/domina-st-petersburg.ms.decms.eu\/fr\/galerie\/\" target=\"_blank\" rel=\"noopener\">Galerie photos<\/a> et <strong>choisissez votre aventure \u00e0 l\u2019h\u00f4tel Domina St. P\u00e9tersbourg<\/strong> dans la section R\u00e9server ou par t\u00e9l\u00e9phone <a href=\"tel:+78123859900\">+7 (812) 385 99 00<\/a>.<\/p>\n","protected":false},"excerpt":{"rendered":"<p>7 cat\u00e9gories de chambres Chambres spacieuses et \u00e9l\u00e9gantes Il est plus facile que jamais de r\u00e9server une chambre \u00e0 l\u2019h\u00f4tel. La seule difficult\u00e9 \u00e0 laquelle vous pouvez \u00eatre confront\u00e9s c\u2019est le choix : nous offrons \u00e0 nos clients des chambres avec des d\u00e9cors compl\u00e8tement diff\u00e9rents. L\u2019h\u00f4tel compte 109 chambres au total dont la plupart sont [&hellip;]<\/p>\n","protected":false},"author":7,"featured_media":0,"parent":0,"menu_order":30,"comment_status":"closed","ping_status":"closed","template":"template-rooms.php","meta":{"footnotes":""},"class_list":["post-152","page","type-page","status-publish","hentry"],"yoast_head":"<!-- This site is optimized with the Yoast SEO plugin v26.9 - https:\/\/yoast.com\/product\/yoast-seo-wordpress\/ -->\n<title>Chambres &#8211; Domina St. Petersburg &#8211;<\/title>\n<meta name=\"robots\" content=\"index, follow, max-snippet:-1, max-image-preview:large, max-video-preview:-1\" \/>\n<link rel=\"canonical\" href=\"https:\/\/spb.dominarussia.com\/fr\/chambres\/\" \/>\n<meta property=\"og:locale\" content=\"fr_FR\" \/>\n<meta property=\"og:type\" content=\"article\" \/>\n<meta property=\"og:title\" content=\"Chambres &#8211; Domina St. Petersburg &#8211;\" \/>\n<meta property=\"og:description\" content=\"7 cat\u00e9gories de chambres Chambres spacieuses et \u00e9l\u00e9gantes Il est plus facile que jamais de r\u00e9server une chambre \u00e0 l\u2019h\u00f4tel. La seule difficult\u00e9 \u00e0 laquelle vous pouvez \u00eatre confront\u00e9s c\u2019est le choix : nous offrons \u00e0 nos clients des chambres avec des d\u00e9cors compl\u00e8tement diff\u00e9rents. L\u2019h\u00f4tel compte 109 chambres au total dont la plupart sont [&hellip;]\" \/>\n<meta property=\"og:url\" content=\"https:\/\/spb.dominarussia.com\/fr\/chambres\/\" \/>\n<meta property=\"og:site_name\" content=\"Domina St. Petersburg\" \/>\n<meta property=\"article:modified_time\" content=\"2022-07-14T10:00:49+00:00\" \/>\n<meta name=\"twitter:card\" content=\"summary_large_image\" \/>\n<meta name=\"twitter:label1\" content=\"Dur\u00e9e de lecture estim\u00e9e\" \/>\n\t<meta name=\"twitter:data1\" content=\"2 minutes\" \/>\n<script type=\"application\/ld+json\" class=\"yoast-schema-graph\">{\"@context\":\"https:\/\/schema.org\",\"@graph\":[{\"@type\":\"WebPage\",\"@id\":\"https:\/\/spb.dominarussia.com\/fr\/chambres\/\",\"url\":\"https:\/\/spb.dominarussia.com\/fr\/chambres\/\",\"name\":\"Chambres &#8211; Domina St. Petersburg &#8211;\",\"isPartOf\":{\"@id\":\"https:\/\/spb.dominarussia.com\/fr\/#website\"},\"datePublished\":\"2022-04-01T16:28:58+00:00\",\"dateModified\":\"2022-07-14T10:00:49+00:00\",\"breadcrumb\":{\"@id\":\"https:\/\/spb.dominarussia.com\/fr\/chambres\/#breadcrumb\"},\"inLanguage\":\"fr-FR\",\"potentialAction\":[{\"@type\":\"ReadAction\",\"target\":[\"https:\/\/spb.dominarussia.com\/fr\/chambres\/\"]}]},{\"@type\":\"BreadcrumbList\",\"@id\":\"https:\/\/spb.dominarussia.com\/fr\/chambres\/#breadcrumb\",\"itemListElement\":[{\"@type\":\"ListItem\",\"position\":1,\"name\":\"Home\",\"item\":\"https:\/\/spb.dominarussia.com\/fr\/\"},{\"@type\":\"ListItem\",\"position\":2,\"name\":\"Chambres\"}]},{\"@type\":\"WebSite\",\"@id\":\"https:\/\/spb.dominarussia.com\/fr\/#website\",\"url\":\"https:\/\/spb.dominarussia.com\/fr\/\",\"name\":\"Domina St. Petersburg\",\"description\":\"Just another ms.decms.eu site\",\"potentialAction\":[{\"@type\":\"SearchAction\",\"target\":{\"@type\":\"EntryPoint\",\"urlTemplate\":\"https:\/\/spb.dominarussia.com\/fr\/?s={search_term_string}\"},\"query-input\":{\"@type\":\"PropertyValueSpecification\",\"valueRequired\":true,\"valueName\":\"search_term_string\"}}],\"inLanguage\":\"fr-FR\"}]}<\/script>\n<!-- \/ Yoast SEO plugin. -->","yoast_head_json":{"title":"Chambres &#8211; Domina St. Petersburg &#8211;","robots":{"index":"index","follow":"follow","max-snippet":"max-snippet:-1","max-image-preview":"max-image-preview:large","max-video-preview":"max-video-preview:-1"},"canonical":"https:\/\/spb.dominarussia.com\/fr\/chambres\/","og_locale":"fr_FR","og_type":"article","og_title":"Chambres &#8211; Domina St. Petersburg &#8211;","og_description":"7 cat\u00e9gories de chambres Chambres spacieuses et \u00e9l\u00e9gantes Il est plus facile que jamais de r\u00e9server une chambre \u00e0 l\u2019h\u00f4tel. La seule difficult\u00e9 \u00e0 laquelle vous pouvez \u00eatre confront\u00e9s c\u2019est le choix : nous offrons \u00e0 nos clients des chambres avec des d\u00e9cors compl\u00e8tement diff\u00e9rents. L\u2019h\u00f4tel compte 109 chambres au total dont la plupart sont [&hellip;]","og_url":"https:\/\/spb.dominarussia.com\/fr\/chambres\/","og_site_name":"Domina St. Petersburg","article_modified_time":"2022-07-14T10:00:49+00:00","twitter_card":"summary_large_image","twitter_misc":{"Dur\u00e9e de lecture estim\u00e9e":"2 minutes"},"schema":{"@context":"https:\/\/schema.org","@graph":[{"@type":"WebPage","@id":"https:\/\/spb.dominarussia.com\/fr\/chambres\/","url":"https:\/\/spb.dominarussia.com\/fr\/chambres\/","name":"Chambres &#8211; Domina St. Petersburg &#8211;","isPartOf":{"@id":"https:\/\/spb.dominarussia.com\/fr\/#website"},"datePublished":"2022-04-01T16:28:58+00:00","dateModified":"2022-07-14T10:00:49+00:00","breadcrumb":{"@id":"https:\/\/spb.dominarussia.com\/fr\/chambres\/#breadcrumb"},"inLanguage":"fr-FR","potentialAction":[{"@type":"ReadAction","target":["https:\/\/spb.dominarussia.com\/fr\/chambres\/"]}]},{"@type":"BreadcrumbList","@id":"https:\/\/spb.dominarussia.com\/fr\/chambres\/#breadcrumb","itemListElement":[{"@type":"ListItem","position":1,"name":"Home","item":"https:\/\/spb.dominarussia.com\/fr\/"},{"@type":"ListItem","position":2,"name":"Chambres"}]},{"@type":"WebSite","@id":"https:\/\/spb.dominarussia.com\/fr\/#website","url":"https:\/\/spb.dominarussia.com\/fr\/","name":"Domina St. Petersburg","description":"Just another ms.decms.eu site","potentialAction":[{"@type":"SearchAction","target":{"@type":"EntryPoint","urlTemplate":"https:\/\/spb.dominarussia.com\/fr\/?s={search_term_string}"},"query-input":{"@type":"PropertyValueSpecification","valueRequired":true,"valueName":"search_term_string"}}],"inLanguage":"fr-FR"}]}},"acf":[],"_links":{"self":[{"href":"https:\/\/spb.dominarussia.com\/fr\/wp-json\/wp\/v2\/pages\/152","targetHints":{"allow":["GET"]}}],"collection":[{"href":"https:\/\/spb.dominarussia.com\/fr\/wp-json\/wp\/v2\/pages"}],"about":[{"href":"https:\/\/spb.dominarussia.com\/fr\/wp-json\/wp\/v2\/types\/page"}],"author":[{"embeddable":true,"href":"https:\/\/spb.dominarussia.com\/fr\/wp-json\/wp\/v2\/users\/7"}],"replies":[{"embeddable":true,"href":"https:\/\/spb.dominarussia.com\/fr\/wp-json\/wp\/v2\/comments?post=152"}],"version-history":[{"count":0,"href":"https:\/\/spb.dominarussia.com\/fr\/wp-json\/wp\/v2\/pages\/152\/revisions"}],"wp:attachment":[{"href":"https:\/\/spb.dominarussia.com\/fr\/wp-json\/wp\/v2\/media?parent=152"}],"curies":[{"name":"wp","href":"https:\/\/api.w.org\/{rel}","templated":true}]}}