{"id":159,"date":"2022-03-21T13:28:38","date_gmt":"2022-03-21T13:28:38","guid":{"rendered":"https:\/\/domina-st-petersburg.ms.decms.eu\/chambres\/%d0%bc%d0%b0%d0%bd%d1%81%d0%b0%d1%80%d0%b4%d0%b0\/"},"modified":"2022-04-04T09:17:16","modified_gmt":"2022-04-04T09:17:16","slug":"mansarde","status":"publish","type":"page","link":"https:\/\/spb.dominarussia.com\/fr\/chambres\/mansarde\/","title":{"rendered":"Mansarde"},"content":{"rendered":"<p>Dans nos chambres mansard\u00e9es vous trouverez une oasis parfaite pour regarder au fond de vous-m\u00eame et trouver votre paix int\u00e9rieure. Ici r\u00e8gnent la paix et la s\u00e9r\u00e9nit\u00e9 alors que les couleurs vives du d\u00e9cor alimentent l\u2019imagination. C\u2019est l\u00e0, en fait, o\u00f9 on se sent vraiment \u00e0 Saint P\u00e9tersbourg, ville des mansardes sous les nuages habit\u00e9es par des r\u00eaveurs et des artistes.<\/p>\n<p>Les chambres mansard\u00e9es de 20 \u00e0 25 m2 se trouvent au deuxi\u00e8me, troisi\u00e8me et cinqui\u00e8me \u00e9tages de l\u2019h\u00f4tel. Les fen\u00eatres dans ces chambres ne s\u2019ouvrent pas.<\/p>\n","protected":false},"excerpt":{"rendered":"<p>Dans nos chambres mansard\u00e9es vous trouverez une oasis parfaite pour regarder au fond de vous-m\u00eame et trouver votre paix int\u00e9rieure. Ici r\u00e8gnent la paix et la s\u00e9r\u00e9nit\u00e9 alors que les couleurs vives du d\u00e9cor alimentent l\u2019imagination. C\u2019est l\u00e0, en fait, o\u00f9 on se sent vraiment \u00e0 Saint P\u00e9tersbourg, ville des mansardes sous les nuages habit\u00e9es [&hellip;]<\/p>\n","protected":false},"author":17,"featured_media":0,"parent":152,"menu_order":70,"comment_status":"closed","ping_status":"closed","template":"template-room.php","meta":{"footnotes":""},"class_list":["post-159","page","type-page","status-publish","hentry"],"yoast_head":"<!-- This site is optimized with the Yoast SEO plugin v26.9 - https:\/\/yoast.com\/product\/yoast-seo-wordpress\/ -->\n<title>Mansarde &#8211; Domina St. Petersburg &#8211;<\/title>\n<meta name=\"robots\" content=\"index, follow, max-snippet:-1, max-image-preview:large, max-video-preview:-1\" \/>\n<link rel=\"canonical\" href=\"https:\/\/spb.dominarussia.com\/fr\/chambres\/mansarde\/\" \/>\n<meta property=\"og:locale\" content=\"fr_FR\" \/>\n<meta property=\"og:type\" content=\"article\" \/>\n<meta property=\"og:title\" content=\"Mansarde &#8211; Domina St. Petersburg &#8211;\" \/>\n<meta property=\"og:description\" content=\"Dans nos chambres mansard\u00e9es vous trouverez une oasis parfaite pour regarder au fond de vous-m\u00eame et trouver votre paix int\u00e9rieure. Ici r\u00e8gnent la paix et la s\u00e9r\u00e9nit\u00e9 alors que les couleurs vives du d\u00e9cor alimentent l\u2019imagination. C\u2019est l\u00e0, en fait, o\u00f9 on se sent vraiment \u00e0 Saint P\u00e9tersbourg, ville des mansardes sous les nuages habit\u00e9es [&hellip;]\" \/>\n<meta property=\"og:url\" content=\"https:\/\/spb.dominarussia.com\/fr\/chambres\/mansarde\/\" \/>\n<meta property=\"og:site_name\" content=\"Domina St. Petersburg\" \/>\n<meta property=\"article:modified_time\" content=\"2022-04-04T09:17:16+00:00\" \/>\n<meta name=\"twitter:card\" content=\"summary_large_image\" \/>\n<meta name=\"twitter:label1\" content=\"Dur\u00e9e de lecture estim\u00e9e\" \/>\n\t<meta name=\"twitter:data1\" content=\"1 minute\" \/>\n<script type=\"application\/ld+json\" class=\"yoast-schema-graph\">{\"@context\":\"https:\/\/schema.org\",\"@graph\":[{\"@type\":\"WebPage\",\"@id\":\"https:\/\/spb.dominarussia.com\/fr\/chambres\/mansarde\/\",\"url\":\"https:\/\/spb.dominarussia.com\/fr\/chambres\/mansarde\/\",\"name\":\"Mansarde &#8211; Domina St. Petersburg &#8211;\",\"isPartOf\":{\"@id\":\"https:\/\/spb.dominarussia.com\/fr\/#website\"},\"datePublished\":\"2022-03-21T13:28:38+00:00\",\"dateModified\":\"2022-04-04T09:17:16+00:00\",\"breadcrumb\":{\"@id\":\"https:\/\/spb.dominarussia.com\/fr\/chambres\/mansarde\/#breadcrumb\"},\"inLanguage\":\"fr-FR\",\"potentialAction\":[{\"@type\":\"ReadAction\",\"target\":[\"https:\/\/spb.dominarussia.com\/fr\/chambres\/mansarde\/\"]}]},{\"@type\":\"BreadcrumbList\",\"@id\":\"https:\/\/spb.dominarussia.com\/fr\/chambres\/mansarde\/#breadcrumb\",\"itemListElement\":[{\"@type\":\"ListItem\",\"position\":1,\"name\":\"Home\",\"item\":\"https:\/\/spb.dominarussia.com\/fr\/\"},{\"@type\":\"ListItem\",\"position\":2,\"name\":\"Chambres\",\"item\":\"https:\/\/spb.dominarussia.com\/fr\/chambres\/\"},{\"@type\":\"ListItem\",\"position\":3,\"name\":\"Mansarde\"}]},{\"@type\":\"WebSite\",\"@id\":\"https:\/\/spb.dominarussia.com\/fr\/#website\",\"url\":\"https:\/\/spb.dominarussia.com\/fr\/\",\"name\":\"Domina St. Petersburg\",\"description\":\"Just another ms.decms.eu site\",\"potentialAction\":[{\"@type\":\"SearchAction\",\"target\":{\"@type\":\"EntryPoint\",\"urlTemplate\":\"https:\/\/spb.dominarussia.com\/fr\/?s={search_term_string}\"},\"query-input\":{\"@type\":\"PropertyValueSpecification\",\"valueRequired\":true,\"valueName\":\"search_term_string\"}}],\"inLanguage\":\"fr-FR\"}]}<\/script>\n<!-- \/ Yoast SEO plugin. -->","yoast_head_json":{"title":"Mansarde &#8211; Domina St. Petersburg &#8211;","robots":{"index":"index","follow":"follow","max-snippet":"max-snippet:-1","max-image-preview":"max-image-preview:large","max-video-preview":"max-video-preview:-1"},"canonical":"https:\/\/spb.dominarussia.com\/fr\/chambres\/mansarde\/","og_locale":"fr_FR","og_type":"article","og_title":"Mansarde &#8211; Domina St. Petersburg &#8211;","og_description":"Dans nos chambres mansard\u00e9es vous trouverez une oasis parfaite pour regarder au fond de vous-m\u00eame et trouver votre paix int\u00e9rieure. Ici r\u00e8gnent la paix et la s\u00e9r\u00e9nit\u00e9 alors que les couleurs vives du d\u00e9cor alimentent l\u2019imagination. C\u2019est l\u00e0, en fait, o\u00f9 on se sent vraiment \u00e0 Saint P\u00e9tersbourg, ville des mansardes sous les nuages habit\u00e9es [&hellip;]","og_url":"https:\/\/spb.dominarussia.com\/fr\/chambres\/mansarde\/","og_site_name":"Domina St. Petersburg","article_modified_time":"2022-04-04T09:17:16+00:00","twitter_card":"summary_large_image","twitter_misc":{"Dur\u00e9e de lecture estim\u00e9e":"1 minute"},"schema":{"@context":"https:\/\/schema.org","@graph":[{"@type":"WebPage","@id":"https:\/\/spb.dominarussia.com\/fr\/chambres\/mansarde\/","url":"https:\/\/spb.dominarussia.com\/fr\/chambres\/mansarde\/","name":"Mansarde &#8211; Domina St. Petersburg &#8211;","isPartOf":{"@id":"https:\/\/spb.dominarussia.com\/fr\/#website"},"datePublished":"2022-03-21T13:28:38+00:00","dateModified":"2022-04-04T09:17:16+00:00","breadcrumb":{"@id":"https:\/\/spb.dominarussia.com\/fr\/chambres\/mansarde\/#breadcrumb"},"inLanguage":"fr-FR","potentialAction":[{"@type":"ReadAction","target":["https:\/\/spb.dominarussia.com\/fr\/chambres\/mansarde\/"]}]},{"@type":"BreadcrumbList","@id":"https:\/\/spb.dominarussia.com\/fr\/chambres\/mansarde\/#breadcrumb","itemListElement":[{"@type":"ListItem","position":1,"name":"Home","item":"https:\/\/spb.dominarussia.com\/fr\/"},{"@type":"ListItem","position":2,"name":"Chambres","item":"https:\/\/spb.dominarussia.com\/fr\/chambres\/"},{"@type":"ListItem","position":3,"name":"Mansarde"}]},{"@type":"WebSite","@id":"https:\/\/spb.dominarussia.com\/fr\/#website","url":"https:\/\/spb.dominarussia.com\/fr\/","name":"Domina St. Petersburg","description":"Just another ms.decms.eu site","potentialAction":[{"@type":"SearchAction","target":{"@type":"EntryPoint","urlTemplate":"https:\/\/spb.dominarussia.com\/fr\/?s={search_term_string}"},"query-input":{"@type":"PropertyValueSpecification","valueRequired":true,"valueName":"search_term_string"}}],"inLanguage":"fr-FR"}]}},"acf":[],"_links":{"self":[{"href":"https:\/\/spb.dominarussia.com\/fr\/wp-json\/wp\/v2\/pages\/159","targetHints":{"allow":["GET"]}}],"collection":[{"href":"https:\/\/spb.dominarussia.com\/fr\/wp-json\/wp\/v2\/pages"}],"about":[{"href":"https:\/\/spb.dominarussia.com\/fr\/wp-json\/wp\/v2\/types\/page"}],"author":[{"embeddable":true,"href":"https:\/\/spb.dominarussia.com\/fr\/wp-json\/wp\/v2\/users\/17"}],"replies":[{"embeddable":true,"href":"https:\/\/spb.dominarussia.com\/fr\/wp-json\/wp\/v2\/comments?post=159"}],"version-history":[{"count":0,"href":"https:\/\/spb.dominarussia.com\/fr\/wp-json\/wp\/v2\/pages\/159\/revisions"}],"up":[{"embeddable":true,"href":"https:\/\/spb.dominarussia.com\/fr\/wp-json\/wp\/v2\/pages\/152"}],"wp:attachment":[{"href":"https:\/\/spb.dominarussia.com\/fr\/wp-json\/wp\/v2\/media?parent=159"}],"curies":[{"name":"wp","href":"https:\/\/api.w.org\/{rel}","templated":true}]}}