{"id":1606,"date":"2022-10-19T14:02:18","date_gmt":"2022-10-19T14:02:18","guid":{"rendered":"https:\/\/domina-st-petersburg.ms.decms.eu\/?page_id=1606"},"modified":"2022-10-19T14:02:18","modified_gmt":"2022-10-19T14:02:18","slug":"gestion-des-cookies","status":"publish","type":"page","link":"https:\/\/spb.dominarussia.com\/fr\/gestion-des-cookies\/","title":{"rendered":"Gestion des cookies"},"content":{"rendered":"<p>POLITIQUE ET PR\u00c9F\u00c9RENCES EN MATI\u00c8RE DE COOKIES<\/p>\n<p><b>Utilisation des cookies par l&rsquo;h\u00f4tel <\/b>Domina Rus Limited Liability Company<\/p>\n<p>Nous vous informons que l&rsquo;h\u00f4tel Domina Rus Limited Liability Company utilise des cookies ou d&rsquo;autres traceurs sur son site Web <a href=\"https:\/\/spb.dominarussia.com\/\" target=\"_blank\" rel=\"noopener\">https:\/\/spb.dominarussia.com\/<\/a><\/p>\n<p>Ces traceurs peuvent \u00eatre install\u00e9s sur votre appareil en fonction des pr\u00e9f\u00e9rences que vous avez exprim\u00e9es ou que vous pouvez exprimer \u00e0 tout moment conform\u00e9ment \u00e0 la pr\u00e9sente politique.<\/p>\n<p><strong>1 Pourquoi avoir une politique en mati\u00e8re de cookies\u00a0?<\/strong><\/p>\n<p>Dans un souci d\u2019information et de transparence, l&rsquo;h\u00f4tel Domina Rus Limited Liability Company a d\u00e9fini la pr\u00e9sente politique afin de vous permettre d\u2019en savoir plus sur :<\/p>\n<ul>\n<li>L&rsquo;origine et la finalit\u00e9 des informations trait\u00e9es lors de votre navigation sur <a href=\"https:\/\/spb.dominarussia.com\/\" target=\"_blank\" rel=\"noopener\">https:\/\/spb.dominarussia.com\/<\/a><\/li>\n<li>Vos droits concernant les cookies et autres traceurs utilis\u00e9s par l&rsquo;h\u00f4tel Domina Rus Limited Liability Company.<\/li>\n<\/ul>\n<p><strong>2 Qu\u2019est-ce qu&rsquo;un cookie\u00a0?<\/strong><br \/>\nLes cookies et autres traceurs similaires sont des paquets de donn\u00e9es utilis\u00e9s par les serveurs pour envoyer des informations d&rsquo;\u00e9tat au navigateur d&rsquo;un utilisateur et renvoyer des informations d&rsquo;\u00e9tat au serveur d&rsquo;origine via ce m\u00eame navigateur.<br \/>\nLes informations d&rsquo;\u00e9tat peuvent correspondre \u00e0 un identifiant de session, une langue, une date d&rsquo;expiration, un champ de r\u00e9ponse ou d&rsquo;autres types d&rsquo;informations.<br \/>\nPendant leur p\u00e9riode de validit\u00e9, les cookies sont utilis\u00e9s pour stocker des informations d&rsquo;\u00e9tat lorsqu&rsquo;un navigateur acc\u00e8de \u00e0 diverses pages d&rsquo;un site Web ou lorsque le navigateur revient sur ce site Web \u00e0 un moment ult\u00e9rieur.<\/p>\n<p>Il existe diff\u00e9rents types de cookies\u00a0:<\/p>\n<ul>\n<li>Les cookies de session, qui sont supprim\u00e9s d\u00e8s que vous quittez le navigateur ou le site Web<\/li>\n<li>Les cookies permanents qui demeurent sur votre terminal jusqu\u2019\u00e0 expiration de leur dur\u00e9e de vie ou jusqu\u2019\u00e0 ce que vous les supprimiez \u00e0 l\u2019aide des fonctionnalit\u00e9s de votre navigateur<\/li>\n<\/ul>\n<p><strong>3 Pourquoi utiliser des cookies\u00a0?<\/strong><\/p>\n<p>Nous utilisons des cookies et autres traceurs pour les principales finalit\u00e9s suivantes\u00a0:<\/p>\n<p><i>Les cookies strictement n\u00e9cessaires \u00e0 la navigation sur <\/i><a href=\"https:\/\/spb.dominarussia.com\" target=\"_blank\" rel=\"noopener\">https:\/\/spb.dominarussia.com<\/a> <i>et \u00e0 la possibilit\u00e9 d&rsquo;utiliser l&rsquo;ensemble de leurs fonctionnalit\u00e9s, et destin\u00e9s notamment \u00e0\u00a0:<\/i><\/p>\n<ul>\n<li>G\u00e9rer l&rsquo;authentification des visiteurs du site Web et les mesures de s\u00e9curit\u00e9 associ\u00e9es, et assurer le bon fonctionnement du module d&rsquo;authentification<\/li>\n<li>Optimiser l&rsquo;exp\u00e9rience de l&rsquo;utilisateur et faciliter la navigation, notamment en d\u00e9terminant des \u00ab itin\u00e9raires techniques \u00bb pour la navigation<\/li>\n<li>Stocker des informations concernant la banni\u00e8re de \u00ab cookies \u00bb vue par les visiteurs du site Web qui continuent ensuite \u00e0 naviguer sur le site Web apr\u00e8s avoir accept\u00e9 les cookies sur leur appareil<\/li>\n<\/ul>\n<p>Mettre en \u0153uvre des mesures de s\u00e9curit\u00e9 (par exemple, lorsqu&rsquo;il vous est demand\u00e9 de vous reconnecter pour acc\u00e9der \u00e0 un contenu ou \u00e0 un service apr\u00e8s un certain temps, ou pour assurer le fonctionnement de base de https:\/\/spb.dominarussia.com et l&rsquo;utilisation de ses principales caract\u00e9ristiques techniques, comme le suivi des performances et des erreurs de navigation, la gestion des sessions d&rsquo;utilisateurs, etc.)<\/p>\n<p><i>Cookies pour des fonctionnalit\u00e9s destin\u00e9es notamment \u00e0\u00a0:<\/i><\/p>\n<ul>\n<li>Adapter <a href=\"https:\/\/spb.dominarussia.com\" target=\"_blank\" rel=\"noopener\">https:\/\/spb.dominarussia.com<\/a> aux pr\u00e9f\u00e9rences d&rsquo;affichage de votre appareil (langue, devise, r\u00e9solution d&rsquo;affichage, syst\u00e8me d&rsquo;exploitation utilis\u00e9, configuration et param\u00e8tres d&rsquo;affichage des pages Web en fonction de l&rsquo;appareil que vous utilisez et de sa localisation, etc.)<\/li>\n<li>Stocker les informations sp\u00e9cifiques que vous saisissez sur <a href=\"https:\/\/spb.dominarussia.com\" target=\"_blank\" rel=\"noopener\">https:\/\/spb.dominarussia.com<\/a> afin de faciliter et de personnaliser vos visites ult\u00e9rieures (y compris l&rsquo;affichage du nom et du pr\u00e9nom du visiteur si ce dernier poss\u00e8de un compte utilisateur)<\/li>\n<li>Vous permettre d&rsquo;acc\u00e9der plus rapidement \u00e0 vos pages personnelles en m\u00e9morisant les donn\u00e9es de connexion ou les informations que vous avez pr\u00e9c\u00e9demment saisies<\/li>\n<\/ul>\n<p><i>Les cookies de suivi des visiteurs visent \u00e0 am\u00e9liorer le confort des utilisateurs en nous aidant \u00e0 comprendre vos interactions avec <\/i><a href=\"https:\/\/spb.dominarussia.com\" target=\"_blank\" rel=\"noopener\">https:\/\/spb.dominarussia.com<\/a><i> (pages les plus visit\u00e9es, applications utilis\u00e9es, etc.)\u00a0; ces cookies peuvent collecter des statistiques ou tester diff\u00e9rentes mani\u00e8res d&rsquo;afficher des informations afin d&rsquo;am\u00e9liorer la pertinence et la convivialit\u00e9 de nos services.<\/i><\/p>\n<p><i>Les cookies publicitaires ont pour but (i) de vous proposer, dans les espaces publicitaires, des contenus pertinents et cibl\u00e9s susceptibles de vous int\u00e9resser (meilleures offres, autres destinations, etc.) en fonction de vos int\u00e9r\u00eats, de votre comportement de navigation, de vos pr\u00e9f\u00e9rences et d&rsquo;autres facteurs, et (ii) de r\u00e9duire le nombre d&rsquo;apparitions des publicit\u00e9s.<\/i><\/p>\n<p><i>Les cookies d&rsquo;affiliation identifient le site Web tiers qui a redirig\u00e9 un visiteur vers <\/i><a href=\"https:\/\/spb.dominarussia.com\" target=\"_blank\" rel=\"noopener\">https:\/\/spb.dominarussia.com<\/a><i>.<\/i><\/p>\n<p><i>Les cookies de r\u00e9seaux sociaux, mis en place par des tiers, vous permettent de partager votre opinion sur et le contenu de <\/i>https:\/\/spb.dominarussia.com<i> sur les r\u00e9seaux sociaux (par exemple, les boutons d&rsquo;application \u00ab\u00a0Partager\u00a0\u00bb ou \u00ab\u00a0J&rsquo;aime\u00a0\u00bb pour les r\u00e9seaux sociaux).<\/i><\/p>\n<p>Les applications de r\u00e9seaux sociaux sur <a href=\"https:\/\/spb.dominarussia.com\" target=\"_blank\" rel=\"noopener\">https:\/\/spb.dominarussia.com<\/a>, comme mentionn\u00e9 ci-dessus, peuvent dans certains cas permettre aux r\u00e9seaux sociaux concern\u00e9s de vous identifier m\u00eame si vous n&rsquo;avez pas cliqu\u00e9 sur le bouton de l&rsquo;application. Ce type de bouton peut permettre \u00e0 un r\u00e9seau social de suivre votre navigation sur https:\/\/spb.dominarussia.com, simplement parce que votre compte dans le r\u00e9seau social concern\u00e9 est activ\u00e9 sur votre appareil (session ouverte) pendant que vous naviguez.<\/p>\n<p>Nous vous recommandons de consulter les politiques de ces r\u00e9seaux sociaux afin de prendre connaissance des finalit\u00e9s d&rsquo;utilisation, notamment publicitaires, des informations de navigation qu&rsquo;ils peuvent recueillir. Ces politiques doivent en particulier vous permettre d&rsquo;exercer vos choix aupr\u00e8s de ces r\u00e9seaux sociaux, notamment en param\u00e9trant vos comptes d&rsquo;utilisation pour chacun d\u2019entre eux.<\/p>\n<p><strong>4 Consentement<\/strong><br \/>\nL\u2019installation de certains cookies est soumise \u00e0 votre consentement. Ainsi, lors de votre premi\u00e8re visite sur <a href=\"https:\/\/spb.dominarussia.com\" target=\"_blank\" rel=\"noopener\">https:\/\/spb.dominarussia.com<\/a>, il vous est demand\u00e9 si vous acceptez l\u2019installation de ce type de cookies qui ne seront activ\u00e9s qu\u2019apr\u00e8s votre acceptation.<\/p>\n<p>Cette d\u00e9marche est encadr\u00e9e par la pr\u00e9sence d\u2019une banni\u00e8re d&rsquo;information sur la page d\u2019accueil de <a href=\"https:\/\/spb.dominarussia.com\" target=\"_blank\" rel=\"noopener\">https:\/\/spb.dominarussia.com<\/a> qui vous informe que la poursuite de votre navigation implique que vous acceptiez l\u2019installation de cookies soumis \u00e0 consentement sur votre appareil.<\/p>\n<p>Vous pourrez \u00e0 tout moment revenir sur votre choix par les diff\u00e9rents moyens d\u00e9crits dans la section \u00ab\u00a0Supprimer et\/ou bloquer les cookies\u00a0?\u00a0\u00bb.<\/p>\n<div id=\"macaron_inline_cookie_box\"><\/div>\n<p>&nbsp;<\/p>\n<p><strong>5 Supprimer et\/ou bloquer les cookies<\/strong><\/p>\n<p>Vous disposez de plusieurs options pour supprimer les cookies et autres traceurs.<\/p>\n<p><b>Param\u00e9trages du navigateur<\/b><\/p>\n<p>Bien que la plupart des navigateurs soient param\u00e9tr\u00e9s par d\u00e9faut pour accepter les cookies, vous pouvez, si vous le souhaitez, choisir d&rsquo;accepter tous les cookies, de toujours bloquer les cookies ou de choisir les cookies \u00e0 accepter en fonction de leur exp\u00e9diteur.<\/p>\n<p>Vous pouvez \u00e9galement param\u00e9trer votre navigateur pour qu&rsquo;il accepte ou bloque les cookies au cas par cas avant leur installation. Votre navigateur vous permet \u00e9galement de supprimer r\u00e9guli\u00e8rement les cookies de votre appareil. N&rsquo;oubliez pas de param\u00e9trer tous les navigateurs de vos diff\u00e9rents appareils (tablettes, smartphones, ordinateurs, etc.).<\/p>\n<p>En ce qui concerne la gestion des cookies et vos pr\u00e9f\u00e9rences, le param\u00e9trage varie pour chaque navigateur. Elle est d\u00e9crite dans le menu d&rsquo;aide de votre navigateur, lequel vous permettra \u00e9galement de savoir de quelle mani\u00e8re modifier vos souhaits en mati\u00e8re de cookies. Par exemple\u00a0:<\/p>\n<ul>\n<li>Pour Microsoft Edge \u2122\u00a0:<br \/>\n<a href=\"https:\/\/support.microsoft.com\/en-us\/windows\/microsoft-edge-browsing-data-and-privacy-bb8174ba-9d73-dcf2-9b4a-c582b4e640dd\">https:\/\/support.microsoft.com\/en-us\/windows\/microsoft-edge-browsing-data-and-privacy-bb8174ba-9d73-dcf2-9b4a-c582b4e640dd<\/a><\/li>\n<li>Pour Safari\u2122\u00a0: <a href=\"https:\/\/support.apple.com\/guide\/safari\/manage-cookies-and-website-data-sfri11471\/mac\">https:\/\/support.apple.com\/guide\/safari\/manage-cookies-and-website-data-sfri11471\/mac<\/a><\/li>\n<li>Pour Chrome\u2122\u00a0:<br \/>\nhttps:\/\/support.google.com\/chrome\/answer\/95647<\/li>\n<li>Pour Firefox\u2122\u00a0:<a href=\"https:\/\/support.mozilla.org\/en-US\/kb\/enable-and-disable-cookies-website-preferences\"><br \/>\n<\/a><a href=\"https:\/\/support.mozilla.org\/en-US\/kb\/block-websites-storing-cookies-site-data-firefox\">https:\/\/support.mozilla.org\/en-US\/kb\/block-websites-storing-cookies-site-data-firefox<\/a><\/li>\n<li>Pour Opera\u2122\u00a0:<br \/>\n<a href=\"https:\/\/help.opera.com\/en\/latest\/web-preferences\/#cookies\"> https:\/\/help.opera.com\/en\/latest\/web-preferences\/#cookies<\/a><\/li>\n<\/ul>\n<p>L&rsquo;enregistrement d&rsquo;un cookie sur votre appareil d\u00e9pend de vos souhaits, que vous pouvez exprimer et modifier \u00e0 tout moment et gratuitement en utilisant les param\u00e8tres propos\u00e9s par votre logiciel de navigation.<\/p>\n<p>Si votre navigateur est param\u00e9tr\u00e9 pour accepter les cookies sur votre appareil, les cookies int\u00e9gr\u00e9s dans les pages et contenus que vous consultez peuvent \u00eatre temporairement stock\u00e9s dans un espace d\u00e9di\u00e9 de votre appareil. Ils y seront lisibles uniquement par leur \u00e9metteur.<\/p>\n<p>A l\u2019inverse, vous pouvez param\u00e9trer votre navigateur pour refuser les cookies. Gardez \u00e0 l&rsquo;esprit que si vous param\u00e9trez votre navigateur pour bloquer les cookies, certaines fonctionnalit\u00e9s, pages et espaces de https:\/\/spb.dominarussia.com ne seront pas accessibles, et nous ne pouvons \u00eatre tenus pour responsables dans ce cas.<\/p>\n<p><b>Plateformes publicitaires sp\u00e9cialis\u00e9es<\/b><\/p>\n<p>Plusieurs plateformes publicitaires professionnelles vous donnent \u00e9galement la possibilit\u00e9 d&rsquo;accepter ou de bloquer les cookies utilis\u00e9s par les entreprises qui en sont membres. Ces m\u00e9canismes centralis\u00e9s ne bloquent pas l\u2019affichage des publicit\u00e9s mais emp\u00eachent seulement l\u2019installation de cookies permettant d\u2019adapter les publicit\u00e9s \u00e0 vos centres d\u2019int\u00e9r\u00eats.<\/p>\n<p>Vous pouvez par exemple vous rendre sur le site<a href=\"http:\/\/www.youronlinechoices.com\/\"> http:\/\/www.youronlinechoices.com<\/a> afin d\u2019interdire l\u2019installation de ces cookies sur votre appareil. Ce site Web est propos\u00e9 par les professionnels de la publicit\u00e9 digitale regroup\u00e9s au sein de l\u2019association europ\u00e9enne EDAA (European Digital Advertising Alliance) et g\u00e9r\u00e9 en France par l\u2019Interactive Advertising Bureau France.<\/p>\n","protected":false},"excerpt":{"rendered":"<p>POLITIQUE ET PR\u00c9F\u00c9RENCES EN MATI\u00c8RE DE COOKIES Utilisation des cookies par l&rsquo;h\u00f4tel Domina Rus Limited Liability Company Nous vous informons que l&rsquo;h\u00f4tel Domina Rus Limited Liability Company utilise des cookies ou d&rsquo;autres traceurs sur son site Web https:\/\/spb.dominarussia.com\/ Ces traceurs peuvent \u00eatre install\u00e9s sur votre appareil en fonction des pr\u00e9f\u00e9rences que vous avez exprim\u00e9es ou [&hellip;]<\/p>\n","protected":false},"author":7,"featured_media":0,"parent":0,"menu_order":999,"comment_status":"closed","ping_status":"closed","template":"","meta":{"footnotes":""},"class_list":["post-1606","page","type-page","status-publish","hentry"],"yoast_head":"<!-- This site is optimized with the Yoast SEO plugin v26.9 - https:\/\/yoast.com\/product\/yoast-seo-wordpress\/ -->\n<title>Gestion des cookies &#8211; Domina St. Petersburg &#8211;<\/title>\n<meta name=\"robots\" content=\"index, follow, max-snippet:-1, max-image-preview:large, max-video-preview:-1\" \/>\n<link rel=\"canonical\" href=\"https:\/\/spb.dominarussia.com\/fr\/gestion-des-cookies\/\" \/>\n<meta property=\"og:locale\" content=\"fr_FR\" \/>\n<meta property=\"og:type\" content=\"article\" \/>\n<meta property=\"og:title\" content=\"Gestion des cookies &#8211; Domina St. Petersburg &#8211;\" \/>\n<meta property=\"og:description\" content=\"POLITIQUE ET PR\u00c9F\u00c9RENCES EN MATI\u00c8RE DE COOKIES Utilisation des cookies par l&rsquo;h\u00f4tel Domina Rus Limited Liability Company Nous vous informons que l&rsquo;h\u00f4tel Domina Rus Limited Liability Company utilise des cookies ou d&rsquo;autres traceurs sur son site Web https:\/\/spb.dominarussia.com\/ Ces traceurs peuvent \u00eatre install\u00e9s sur votre appareil en fonction des pr\u00e9f\u00e9rences que vous avez exprim\u00e9es ou [&hellip;]\" \/>\n<meta property=\"og:url\" content=\"https:\/\/spb.dominarussia.com\/fr\/gestion-des-cookies\/\" \/>\n<meta property=\"og:site_name\" content=\"Domina St. Petersburg\" \/>\n<meta name=\"twitter:card\" content=\"summary_large_image\" \/>\n<meta name=\"twitter:label1\" content=\"Dur\u00e9e de lecture estim\u00e9e\" \/>\n\t<meta name=\"twitter:data1\" content=\"6 minutes\" \/>\n<script type=\"application\/ld+json\" class=\"yoast-schema-graph\">{\"@context\":\"https:\/\/schema.org\",\"@graph\":[{\"@type\":\"WebPage\",\"@id\":\"https:\/\/spb.dominarussia.com\/fr\/gestion-des-cookies\/\",\"url\":\"https:\/\/spb.dominarussia.com\/fr\/gestion-des-cookies\/\",\"name\":\"Gestion des cookies &#8211; Domina St. Petersburg &#8211;\",\"isPartOf\":{\"@id\":\"https:\/\/spb.dominarussia.com\/fr\/#website\"},\"datePublished\":\"2022-10-19T14:02:18+00:00\",\"breadcrumb\":{\"@id\":\"https:\/\/spb.dominarussia.com\/fr\/gestion-des-cookies\/#breadcrumb\"},\"inLanguage\":\"fr-FR\",\"potentialAction\":[{\"@type\":\"ReadAction\",\"target\":[\"https:\/\/spb.dominarussia.com\/fr\/gestion-des-cookies\/\"]}]},{\"@type\":\"BreadcrumbList\",\"@id\":\"https:\/\/spb.dominarussia.com\/fr\/gestion-des-cookies\/#breadcrumb\",\"itemListElement\":[{\"@type\":\"ListItem\",\"position\":1,\"name\":\"Home\",\"item\":\"https:\/\/spb.dominarussia.com\/fr\/\"},{\"@type\":\"ListItem\",\"position\":2,\"name\":\"Gestion des cookies\"}]},{\"@type\":\"WebSite\",\"@id\":\"https:\/\/spb.dominarussia.com\/fr\/#website\",\"url\":\"https:\/\/spb.dominarussia.com\/fr\/\",\"name\":\"Domina St. Petersburg\",\"description\":\"Just another ms.decms.eu site\",\"potentialAction\":[{\"@type\":\"SearchAction\",\"target\":{\"@type\":\"EntryPoint\",\"urlTemplate\":\"https:\/\/spb.dominarussia.com\/fr\/?s={search_term_string}\"},\"query-input\":{\"@type\":\"PropertyValueSpecification\",\"valueRequired\":true,\"valueName\":\"search_term_string\"}}],\"inLanguage\":\"fr-FR\"}]}<\/script>\n<!-- \/ Yoast SEO plugin. -->","yoast_head_json":{"title":"Gestion des cookies &#8211; Domina St. Petersburg &#8211;","robots":{"index":"index","follow":"follow","max-snippet":"max-snippet:-1","max-image-preview":"max-image-preview:large","max-video-preview":"max-video-preview:-1"},"canonical":"https:\/\/spb.dominarussia.com\/fr\/gestion-des-cookies\/","og_locale":"fr_FR","og_type":"article","og_title":"Gestion des cookies &#8211; Domina St. Petersburg &#8211;","og_description":"POLITIQUE ET PR\u00c9F\u00c9RENCES EN MATI\u00c8RE DE COOKIES Utilisation des cookies par l&rsquo;h\u00f4tel Domina Rus Limited Liability Company Nous vous informons que l&rsquo;h\u00f4tel Domina Rus Limited Liability Company utilise des cookies ou d&rsquo;autres traceurs sur son site Web https:\/\/spb.dominarussia.com\/ Ces traceurs peuvent \u00eatre install\u00e9s sur votre appareil en fonction des pr\u00e9f\u00e9rences que vous avez exprim\u00e9es ou [&hellip;]","og_url":"https:\/\/spb.dominarussia.com\/fr\/gestion-des-cookies\/","og_site_name":"Domina St. Petersburg","twitter_card":"summary_large_image","twitter_misc":{"Dur\u00e9e de lecture estim\u00e9e":"6 minutes"},"schema":{"@context":"https:\/\/schema.org","@graph":[{"@type":"WebPage","@id":"https:\/\/spb.dominarussia.com\/fr\/gestion-des-cookies\/","url":"https:\/\/spb.dominarussia.com\/fr\/gestion-des-cookies\/","name":"Gestion des cookies &#8211; Domina St. Petersburg &#8211;","isPartOf":{"@id":"https:\/\/spb.dominarussia.com\/fr\/#website"},"datePublished":"2022-10-19T14:02:18+00:00","breadcrumb":{"@id":"https:\/\/spb.dominarussia.com\/fr\/gestion-des-cookies\/#breadcrumb"},"inLanguage":"fr-FR","potentialAction":[{"@type":"ReadAction","target":["https:\/\/spb.dominarussia.com\/fr\/gestion-des-cookies\/"]}]},{"@type":"BreadcrumbList","@id":"https:\/\/spb.dominarussia.com\/fr\/gestion-des-cookies\/#breadcrumb","itemListElement":[{"@type":"ListItem","position":1,"name":"Home","item":"https:\/\/spb.dominarussia.com\/fr\/"},{"@type":"ListItem","position":2,"name":"Gestion des cookies"}]},{"@type":"WebSite","@id":"https:\/\/spb.dominarussia.com\/fr\/#website","url":"https:\/\/spb.dominarussia.com\/fr\/","name":"Domina St. Petersburg","description":"Just another ms.decms.eu site","potentialAction":[{"@type":"SearchAction","target":{"@type":"EntryPoint","urlTemplate":"https:\/\/spb.dominarussia.com\/fr\/?s={search_term_string}"},"query-input":{"@type":"PropertyValueSpecification","valueRequired":true,"valueName":"search_term_string"}}],"inLanguage":"fr-FR"}]}},"acf":[],"_links":{"self":[{"href":"https:\/\/spb.dominarussia.com\/fr\/wp-json\/wp\/v2\/pages\/1606","targetHints":{"allow":["GET"]}}],"collection":[{"href":"https:\/\/spb.dominarussia.com\/fr\/wp-json\/wp\/v2\/pages"}],"about":[{"href":"https:\/\/spb.dominarussia.com\/fr\/wp-json\/wp\/v2\/types\/page"}],"author":[{"embeddable":true,"href":"https:\/\/spb.dominarussia.com\/fr\/wp-json\/wp\/v2\/users\/7"}],"replies":[{"embeddable":true,"href":"https:\/\/spb.dominarussia.com\/fr\/wp-json\/wp\/v2\/comments?post=1606"}],"version-history":[{"count":0,"href":"https:\/\/spb.dominarussia.com\/fr\/wp-json\/wp\/v2\/pages\/1606\/revisions"}],"wp:attachment":[{"href":"https:\/\/spb.dominarussia.com\/fr\/wp-json\/wp\/v2\/media?parent=1606"}],"curies":[{"name":"wp","href":"https:\/\/api.w.org\/{rel}","templated":true}]}}