{"id":1630,"date":"2022-10-20T09:48:46","date_gmt":"2022-10-20T09:48:46","guid":{"rendered":"https:\/\/domina-st-petersburg.ms.decms.eu\/?page_id=1630"},"modified":"2025-02-07T08:52:56","modified_gmt":"2025-02-07T08:52:56","slug":"loyalty-program1","status":"publish","type":"page","link":"https:\/\/spb.dominarussia.com\/fr\/loyalty-program1\/","title":{"rendered":"Domina Rewards"},"content":{"rendered":"<p><strong>Notre programme de fid\u00e9lit\u00e9 est d\u00e9sormais disponible !<\/strong> Profitez d\u2019avantages exclusifs, de r\u00e9ductions sp\u00e9ciales et de r\u00e9compenses \u00e0 chaque s\u00e9jour dans les h\u00f4tels Domina en Russie. Commencez \u00e0 accumuler des points et d\u00e9bloquez des privil\u00e8ges uniques con\u00e7us sp\u00e9cialement pour vous.<\/p>\n<p><strong>Rejoignez-nous et rendez chaque s\u00e9jour encore plus gratifiant !\u00a0<a href=\"https:\/\/dominarewards.com\/\" target=\"_blank\" rel=\"noopener\">D Rewards<\/a><\/strong><\/p>\n<p>&nbsp;<\/p>\n","protected":false},"excerpt":{"rendered":"<p>Notre programme de fid\u00e9lit\u00e9 est d\u00e9sormais disponible ! Profitez d\u2019avantages exclusifs, de r\u00e9ductions sp\u00e9ciales et de r\u00e9compenses \u00e0 chaque s\u00e9jour dans les h\u00f4tels Domina en Russie. Commencez \u00e0 accumuler des points et d\u00e9bloquez des privil\u00e8ges uniques con\u00e7us sp\u00e9cialement pour vous. Rejoignez-nous et rendez chaque s\u00e9jour encore plus gratifiant !\u00a0D Rewards &nbsp;<\/p>\n","protected":false},"author":7,"featured_media":0,"parent":0,"menu_order":750,"comment_status":"closed","ping_status":"closed","template":"","meta":{"footnotes":""},"class_list":["post-1630","page","type-page","status-publish","hentry"],"yoast_head":"<!-- This site is optimized with the Yoast SEO plugin v26.9 - https:\/\/yoast.com\/product\/yoast-seo-wordpress\/ -->\n<title>Domina Rewards &#8211; Domina St. Petersburg &#8211;<\/title>\n<meta name=\"robots\" content=\"index, follow, max-snippet:-1, max-image-preview:large, max-video-preview:-1\" \/>\n<link rel=\"canonical\" href=\"https:\/\/spb.dominarussia.com\/fr\/loyalty-program1\/\" \/>\n<meta property=\"og:locale\" content=\"fr_FR\" \/>\n<meta property=\"og:type\" content=\"article\" \/>\n<meta property=\"og:title\" content=\"Domina Rewards &#8211; Domina St. Petersburg &#8211;\" \/>\n<meta property=\"og:description\" content=\"Notre programme de fid\u00e9lit\u00e9 est d\u00e9sormais disponible ! Profitez d\u2019avantages exclusifs, de r\u00e9ductions sp\u00e9ciales et de r\u00e9compenses \u00e0 chaque s\u00e9jour dans les h\u00f4tels Domina en Russie. Commencez \u00e0 accumuler des points et d\u00e9bloquez des privil\u00e8ges uniques con\u00e7us sp\u00e9cialement pour vous. Rejoignez-nous et rendez chaque s\u00e9jour encore plus gratifiant !\u00a0D Rewards &nbsp;\" \/>\n<meta property=\"og:url\" content=\"https:\/\/spb.dominarussia.com\/fr\/loyalty-program1\/\" \/>\n<meta property=\"og:site_name\" content=\"Domina St. Petersburg\" \/>\n<meta property=\"article:modified_time\" content=\"2025-02-07T08:52:56+00:00\" \/>\n<meta name=\"twitter:card\" content=\"summary_large_image\" \/>\n<meta name=\"twitter:label1\" content=\"Dur\u00e9e de lecture estim\u00e9e\" \/>\n\t<meta name=\"twitter:data1\" content=\"1 minute\" \/>\n<script type=\"application\/ld+json\" class=\"yoast-schema-graph\">{\"@context\":\"https:\/\/schema.org\",\"@graph\":[{\"@type\":\"WebPage\",\"@id\":\"https:\/\/spb.dominarussia.com\/fr\/loyalty-program1\/\",\"url\":\"https:\/\/spb.dominarussia.com\/fr\/loyalty-program1\/\",\"name\":\"Domina Rewards &#8211; Domina St. Petersburg &#8211;\",\"isPartOf\":{\"@id\":\"https:\/\/spb.dominarussia.com\/fr\/#website\"},\"datePublished\":\"2022-10-20T09:48:46+00:00\",\"dateModified\":\"2025-02-07T08:52:56+00:00\",\"breadcrumb\":{\"@id\":\"https:\/\/spb.dominarussia.com\/fr\/loyalty-program1\/#breadcrumb\"},\"inLanguage\":\"fr-FR\",\"potentialAction\":[{\"@type\":\"ReadAction\",\"target\":[\"https:\/\/spb.dominarussia.com\/fr\/loyalty-program1\/\"]}]},{\"@type\":\"BreadcrumbList\",\"@id\":\"https:\/\/spb.dominarussia.com\/fr\/loyalty-program1\/#breadcrumb\",\"itemListElement\":[{\"@type\":\"ListItem\",\"position\":1,\"name\":\"Home\",\"item\":\"https:\/\/spb.dominarussia.com\/fr\/\"},{\"@type\":\"ListItem\",\"position\":2,\"name\":\"Domina Rewards\"}]},{\"@type\":\"WebSite\",\"@id\":\"https:\/\/spb.dominarussia.com\/fr\/#website\",\"url\":\"https:\/\/spb.dominarussia.com\/fr\/\",\"name\":\"Domina St. Petersburg\",\"description\":\"Just another ms.decms.eu site\",\"potentialAction\":[{\"@type\":\"SearchAction\",\"target\":{\"@type\":\"EntryPoint\",\"urlTemplate\":\"https:\/\/spb.dominarussia.com\/fr\/?s={search_term_string}\"},\"query-input\":{\"@type\":\"PropertyValueSpecification\",\"valueRequired\":true,\"valueName\":\"search_term_string\"}}],\"inLanguage\":\"fr-FR\"}]}<\/script>\n<!-- \/ Yoast SEO plugin. -->","yoast_head_json":{"title":"Domina Rewards &#8211; Domina St. Petersburg &#8211;","robots":{"index":"index","follow":"follow","max-snippet":"max-snippet:-1","max-image-preview":"max-image-preview:large","max-video-preview":"max-video-preview:-1"},"canonical":"https:\/\/spb.dominarussia.com\/fr\/loyalty-program1\/","og_locale":"fr_FR","og_type":"article","og_title":"Domina Rewards &#8211; Domina St. Petersburg &#8211;","og_description":"Notre programme de fid\u00e9lit\u00e9 est d\u00e9sormais disponible ! Profitez d\u2019avantages exclusifs, de r\u00e9ductions sp\u00e9ciales et de r\u00e9compenses \u00e0 chaque s\u00e9jour dans les h\u00f4tels Domina en Russie. Commencez \u00e0 accumuler des points et d\u00e9bloquez des privil\u00e8ges uniques con\u00e7us sp\u00e9cialement pour vous. Rejoignez-nous et rendez chaque s\u00e9jour encore plus gratifiant !\u00a0D Rewards &nbsp;","og_url":"https:\/\/spb.dominarussia.com\/fr\/loyalty-program1\/","og_site_name":"Domina St. Petersburg","article_modified_time":"2025-02-07T08:52:56+00:00","twitter_card":"summary_large_image","twitter_misc":{"Dur\u00e9e de lecture estim\u00e9e":"1 minute"},"schema":{"@context":"https:\/\/schema.org","@graph":[{"@type":"WebPage","@id":"https:\/\/spb.dominarussia.com\/fr\/loyalty-program1\/","url":"https:\/\/spb.dominarussia.com\/fr\/loyalty-program1\/","name":"Domina Rewards &#8211; Domina St. Petersburg &#8211;","isPartOf":{"@id":"https:\/\/spb.dominarussia.com\/fr\/#website"},"datePublished":"2022-10-20T09:48:46+00:00","dateModified":"2025-02-07T08:52:56+00:00","breadcrumb":{"@id":"https:\/\/spb.dominarussia.com\/fr\/loyalty-program1\/#breadcrumb"},"inLanguage":"fr-FR","potentialAction":[{"@type":"ReadAction","target":["https:\/\/spb.dominarussia.com\/fr\/loyalty-program1\/"]}]},{"@type":"BreadcrumbList","@id":"https:\/\/spb.dominarussia.com\/fr\/loyalty-program1\/#breadcrumb","itemListElement":[{"@type":"ListItem","position":1,"name":"Home","item":"https:\/\/spb.dominarussia.com\/fr\/"},{"@type":"ListItem","position":2,"name":"Domina Rewards"}]},{"@type":"WebSite","@id":"https:\/\/spb.dominarussia.com\/fr\/#website","url":"https:\/\/spb.dominarussia.com\/fr\/","name":"Domina St. Petersburg","description":"Just another ms.decms.eu site","potentialAction":[{"@type":"SearchAction","target":{"@type":"EntryPoint","urlTemplate":"https:\/\/spb.dominarussia.com\/fr\/?s={search_term_string}"},"query-input":{"@type":"PropertyValueSpecification","valueRequired":true,"valueName":"search_term_string"}}],"inLanguage":"fr-FR"}]}},"acf":[],"_links":{"self":[{"href":"https:\/\/spb.dominarussia.com\/fr\/wp-json\/wp\/v2\/pages\/1630","targetHints":{"allow":["GET"]}}],"collection":[{"href":"https:\/\/spb.dominarussia.com\/fr\/wp-json\/wp\/v2\/pages"}],"about":[{"href":"https:\/\/spb.dominarussia.com\/fr\/wp-json\/wp\/v2\/types\/page"}],"author":[{"embeddable":true,"href":"https:\/\/spb.dominarussia.com\/fr\/wp-json\/wp\/v2\/users\/7"}],"replies":[{"embeddable":true,"href":"https:\/\/spb.dominarussia.com\/fr\/wp-json\/wp\/v2\/comments?post=1630"}],"version-history":[{"count":0,"href":"https:\/\/spb.dominarussia.com\/fr\/wp-json\/wp\/v2\/pages\/1630\/revisions"}],"wp:attachment":[{"href":"https:\/\/spb.dominarussia.com\/fr\/wp-json\/wp\/v2\/media?parent=1630"}],"curies":[{"name":"wp","href":"https:\/\/api.w.org\/{rel}","templated":true}]}}