{"id":1683,"date":"2022-11-10T08:48:11","date_gmt":"2022-11-10T08:48:11","guid":{"rendered":"https:\/\/domina-st-petersburg.ms.decms.eu\/?page_id=1683"},"modified":"2022-11-14T15:24:14","modified_gmt":"2022-11-14T15:24:14","slug":"reserve","status":"publish","type":"page","link":"https:\/\/spb.dominarussia.com\/fr\/reserve\/","title":{"rendered":"R\u00e9servation"},"content":{"rendered":"<p>En remplissant le formulaire ci-dessous, vous pouvez r\u00e9server nos chambres en ligne et recevoir une r\u00e9servation garantie.<br \/>\nPour faire le paiement, vous pouvez utiliser une carte de cr\u00e9dit, une monnaie \u00e9lectronique, des m\u00e8thodes de payment sans esp\u00e8ces ou payer \u00e0 l\u2019arriv\u00e9e.<\/p>\n","protected":false},"excerpt":{"rendered":"<p>En remplissant le formulaire ci-dessous, vous pouvez r\u00e9server nos chambres en ligne et recevoir une r\u00e9servation garantie. Pour faire le paiement, vous pouvez utiliser une carte de cr\u00e9dit, une monnaie \u00e9lectronique, des m\u00e8thodes de payment sans esp\u00e8ces ou payer \u00e0 l\u2019arriv\u00e9e.<\/p>\n","protected":false},"author":17,"featured_media":0,"parent":0,"menu_order":99999,"comment_status":"closed","ping_status":"closed","template":"template-booking.php","meta":{"footnotes":""},"class_list":["post-1683","page","type-page","status-publish","hentry"],"yoast_head":"<!-- This site is optimized with the Yoast SEO plugin v26.9 - https:\/\/yoast.com\/product\/yoast-seo-wordpress\/ -->\n<title>R\u00e9servation &#8211; Domina St. Petersburg &#8211;<\/title>\n<meta name=\"robots\" content=\"index, follow, max-snippet:-1, max-image-preview:large, max-video-preview:-1\" \/>\n<link rel=\"canonical\" href=\"https:\/\/spb.dominarussia.com\/fr\/reserve\/\" \/>\n<meta property=\"og:locale\" content=\"fr_FR\" \/>\n<meta property=\"og:type\" content=\"article\" \/>\n<meta property=\"og:title\" content=\"R\u00e9servation &#8211; Domina St. Petersburg &#8211;\" \/>\n<meta property=\"og:description\" content=\"En remplissant le formulaire ci-dessous, vous pouvez r\u00e9server nos chambres en ligne et recevoir une r\u00e9servation garantie. Pour faire le paiement, vous pouvez utiliser une carte de cr\u00e9dit, une monnaie \u00e9lectronique, des m\u00e8thodes de payment sans esp\u00e8ces ou payer \u00e0 l\u2019arriv\u00e9e.\" \/>\n<meta property=\"og:url\" content=\"https:\/\/spb.dominarussia.com\/fr\/reserve\/\" \/>\n<meta property=\"og:site_name\" content=\"Domina St. Petersburg\" \/>\n<meta property=\"article:modified_time\" content=\"2022-11-14T15:24:14+00:00\" \/>\n<meta name=\"twitter:card\" content=\"summary_large_image\" \/>\n<meta name=\"twitter:label1\" content=\"Dur\u00e9e de lecture estim\u00e9e\" \/>\n\t<meta name=\"twitter:data1\" content=\"1 minute\" \/>\n<script type=\"application\/ld+json\" class=\"yoast-schema-graph\">{\"@context\":\"https:\/\/schema.org\",\"@graph\":[{\"@type\":\"WebPage\",\"@id\":\"https:\/\/spb.dominarussia.com\/fr\/reserve\/\",\"url\":\"https:\/\/spb.dominarussia.com\/fr\/reserve\/\",\"name\":\"R\u00e9servation &#8211; Domina St. Petersburg &#8211;\",\"isPartOf\":{\"@id\":\"https:\/\/spb.dominarussia.com\/fr\/#website\"},\"datePublished\":\"2022-11-10T08:48:11+00:00\",\"dateModified\":\"2022-11-14T15:24:14+00:00\",\"breadcrumb\":{\"@id\":\"https:\/\/spb.dominarussia.com\/fr\/reserve\/#breadcrumb\"},\"inLanguage\":\"fr-FR\",\"potentialAction\":[{\"@type\":\"ReadAction\",\"target\":[\"https:\/\/spb.dominarussia.com\/fr\/reserve\/\"]}]},{\"@type\":\"BreadcrumbList\",\"@id\":\"https:\/\/spb.dominarussia.com\/fr\/reserve\/#breadcrumb\",\"itemListElement\":[{\"@type\":\"ListItem\",\"position\":1,\"name\":\"Home\",\"item\":\"https:\/\/spb.dominarussia.com\/fr\/\"},{\"@type\":\"ListItem\",\"position\":2,\"name\":\"R\u00e9servation\"}]},{\"@type\":\"WebSite\",\"@id\":\"https:\/\/spb.dominarussia.com\/fr\/#website\",\"url\":\"https:\/\/spb.dominarussia.com\/fr\/\",\"name\":\"Domina St. Petersburg\",\"description\":\"Just another ms.decms.eu site\",\"potentialAction\":[{\"@type\":\"SearchAction\",\"target\":{\"@type\":\"EntryPoint\",\"urlTemplate\":\"https:\/\/spb.dominarussia.com\/fr\/?s={search_term_string}\"},\"query-input\":{\"@type\":\"PropertyValueSpecification\",\"valueRequired\":true,\"valueName\":\"search_term_string\"}}],\"inLanguage\":\"fr-FR\"}]}<\/script>\n<!-- \/ Yoast SEO plugin. -->","yoast_head_json":{"title":"R\u00e9servation &#8211; Domina St. Petersburg &#8211;","robots":{"index":"index","follow":"follow","max-snippet":"max-snippet:-1","max-image-preview":"max-image-preview:large","max-video-preview":"max-video-preview:-1"},"canonical":"https:\/\/spb.dominarussia.com\/fr\/reserve\/","og_locale":"fr_FR","og_type":"article","og_title":"R\u00e9servation &#8211; Domina St. Petersburg &#8211;","og_description":"En remplissant le formulaire ci-dessous, vous pouvez r\u00e9server nos chambres en ligne et recevoir une r\u00e9servation garantie. Pour faire le paiement, vous pouvez utiliser une carte de cr\u00e9dit, une monnaie \u00e9lectronique, des m\u00e8thodes de payment sans esp\u00e8ces ou payer \u00e0 l\u2019arriv\u00e9e.","og_url":"https:\/\/spb.dominarussia.com\/fr\/reserve\/","og_site_name":"Domina St. Petersburg","article_modified_time":"2022-11-14T15:24:14+00:00","twitter_card":"summary_large_image","twitter_misc":{"Dur\u00e9e de lecture estim\u00e9e":"1 minute"},"schema":{"@context":"https:\/\/schema.org","@graph":[{"@type":"WebPage","@id":"https:\/\/spb.dominarussia.com\/fr\/reserve\/","url":"https:\/\/spb.dominarussia.com\/fr\/reserve\/","name":"R\u00e9servation &#8211; Domina St. Petersburg &#8211;","isPartOf":{"@id":"https:\/\/spb.dominarussia.com\/fr\/#website"},"datePublished":"2022-11-10T08:48:11+00:00","dateModified":"2022-11-14T15:24:14+00:00","breadcrumb":{"@id":"https:\/\/spb.dominarussia.com\/fr\/reserve\/#breadcrumb"},"inLanguage":"fr-FR","potentialAction":[{"@type":"ReadAction","target":["https:\/\/spb.dominarussia.com\/fr\/reserve\/"]}]},{"@type":"BreadcrumbList","@id":"https:\/\/spb.dominarussia.com\/fr\/reserve\/#breadcrumb","itemListElement":[{"@type":"ListItem","position":1,"name":"Home","item":"https:\/\/spb.dominarussia.com\/fr\/"},{"@type":"ListItem","position":2,"name":"R\u00e9servation"}]},{"@type":"WebSite","@id":"https:\/\/spb.dominarussia.com\/fr\/#website","url":"https:\/\/spb.dominarussia.com\/fr\/","name":"Domina St. Petersburg","description":"Just another ms.decms.eu site","potentialAction":[{"@type":"SearchAction","target":{"@type":"EntryPoint","urlTemplate":"https:\/\/spb.dominarussia.com\/fr\/?s={search_term_string}"},"query-input":{"@type":"PropertyValueSpecification","valueRequired":true,"valueName":"search_term_string"}}],"inLanguage":"fr-FR"}]}},"acf":[],"_links":{"self":[{"href":"https:\/\/spb.dominarussia.com\/fr\/wp-json\/wp\/v2\/pages\/1683","targetHints":{"allow":["GET"]}}],"collection":[{"href":"https:\/\/spb.dominarussia.com\/fr\/wp-json\/wp\/v2\/pages"}],"about":[{"href":"https:\/\/spb.dominarussia.com\/fr\/wp-json\/wp\/v2\/types\/page"}],"author":[{"embeddable":true,"href":"https:\/\/spb.dominarussia.com\/fr\/wp-json\/wp\/v2\/users\/17"}],"replies":[{"embeddable":true,"href":"https:\/\/spb.dominarussia.com\/fr\/wp-json\/wp\/v2\/comments?post=1683"}],"version-history":[{"count":0,"href":"https:\/\/spb.dominarussia.com\/fr\/wp-json\/wp\/v2\/pages\/1683\/revisions"}],"wp:attachment":[{"href":"https:\/\/spb.dominarussia.com\/fr\/wp-json\/wp\/v2\/media?parent=1683"}],"curies":[{"name":"wp","href":"https:\/\/api.w.org\/{rel}","templated":true}]}}