{"id":1689,"date":"2022-11-10T11:52:51","date_gmt":"2022-11-10T11:52:51","guid":{"rendered":"https:\/\/domina-st-petersburg.ms.decms.eu\/chambres\/%d0%bb%d0%b0%d0%b9%d1%84%d1%81%d1%82%d0%b0%d0%b9%d0%bb-%d0%b2%d0%b5%d0%bb%d0%bd%d0%b5%d1%81\/"},"modified":"2022-11-10T16:26:41","modified_gmt":"2022-11-10T16:26:41","slug":"%d0%bb%d0%b0%d0%b9%d1%84%d1%81%d1%82%d0%b0%d0%b9%d0%bb-%d0%b2%d0%b5%d0%bb%d0%bd%d0%b5%d1%81","status":"publish","type":"page","link":"https:\/\/spb.dominarussia.com\/fr\/chambres\/%d0%bb%d0%b0%d0%b9%d1%84%d1%81%d1%82%d0%b0%d0%b9%d0%bb-%d0%b2%d0%b5%d0%bb%d0%bd%d0%b5%d1%81\/","title":{"rendered":"Lifestyle Wellness"},"content":{"rendered":"<p>Les chambres Lifestyle Wellness de Domina St. P\u00e9tersbourg recr\u00e9ent un petit chez soi au c\u0153ur de Saint-P\u00e9tersbourg o\u00f9 vous \u00eates accueillis avec une chaleur et hospitalit\u00e9 italiennes. \u00c0 votre disposition l\u2019espace \u00e0 deux niveaux avec un <strong>sauna infrarouge privatif<\/strong> <strong>\u2013<\/strong> relaxez-vous en toute tranquillit\u00e9 sans quitter votre chambre.<\/p>\n<p>Le sauna infrarouge a un effet de chaleur b\u00e9n\u00e9fique sur le corps. Des \u00e9tudes ont d\u00e9montr\u00e9 que dans un sauna traditionnel, le corps perd 95% d\u2019eau et seulement 5% de toxines tandis que le sauna infrarouge augmente la perte de toxines jusqu\u2019\u00e0 20%. Avant la s\u00e9ance, pr\u00e9chauffez le sauna pendant 15 \u00e0 20 minutes en choisissant la temp\u00e9rature d\u00e9sir\u00e9e sur le panneau d\u2019affichage (de 40 \u00e0 60 degr\u00e9s Celsius). Vous sentirez l\u2019effet 20-30 minutes apr\u00e8s le d\u00e9but de la s\u00e9ance.<\/p>\n<p>Dans le <strong>confort douillet du deuxi\u00e8me niveau<\/strong>, vous pouvez vous d\u00e9tendre apr\u00e8s une journ\u00e9e mouvement\u00e9e en faisant du yoga ou en regardant un film, un verre de vin \u00e0 la main et des collations l\u00e9g\u00e8res sur la table, comme \u00e0 la maison.<\/p>\n<p>Les adeptes d\u2019un mode de vie sain et d\u2019une bonne nutrition appr\u00e9cieront la carte \u00ab\u00a0verte\u00a0\u00bb compos\u00e9e de plats d\u00e9licieux et sains pr\u00e9par\u00e9s par les soins du chef cuisinier de l\u2019h\u00f4tel que vous pouvez commander directement dans la chambre.<\/p>\n","protected":false},"excerpt":{"rendered":"<p>Les chambres Lifestyle Wellness de Domina St. P\u00e9tersbourg recr\u00e9ent un petit chez soi au c\u0153ur de Saint-P\u00e9tersbourg o\u00f9 vous \u00eates accueillis avec une chaleur et hospitalit\u00e9 italiennes. \u00c0 votre disposition l\u2019espace \u00e0 deux niveaux avec un sauna infrarouge privatif \u2013 relaxez-vous en toute tranquillit\u00e9 sans quitter votre chambre. Le sauna infrarouge a un effet de [&hellip;]<\/p>\n","protected":false},"author":7,"featured_media":0,"parent":152,"menu_order":49,"comment_status":"closed","ping_status":"closed","template":"template-room.php","meta":{"footnotes":""},"class_list":["post-1689","page","type-page","status-publish","hentry"],"yoast_head":"<!-- This site is optimized with the Yoast SEO plugin v26.9 - https:\/\/yoast.com\/product\/yoast-seo-wordpress\/ -->\n<title>Lifestyle Wellness &#8211; Domina St. Petersburg &#8211;<\/title>\n<meta name=\"robots\" content=\"index, follow, max-snippet:-1, max-image-preview:large, max-video-preview:-1\" \/>\n<link rel=\"canonical\" href=\"https:\/\/spb.dominarussia.com\/fr\/chambres\/%d0%bb%d0%b0%d0%b9%d1%84%d1%81%d1%82%d0%b0%d0%b9%d0%bb-%d0%b2%d0%b5%d0%bb%d0%bd%d0%b5%d1%81\/\" \/>\n<meta property=\"og:locale\" content=\"fr_FR\" \/>\n<meta property=\"og:type\" content=\"article\" \/>\n<meta property=\"og:title\" content=\"Lifestyle Wellness &#8211; Domina St. Petersburg &#8211;\" \/>\n<meta property=\"og:description\" content=\"Les chambres Lifestyle Wellness de Domina St. P\u00e9tersbourg recr\u00e9ent un petit chez soi au c\u0153ur de Saint-P\u00e9tersbourg o\u00f9 vous \u00eates accueillis avec une chaleur et hospitalit\u00e9 italiennes. \u00c0 votre disposition l\u2019espace \u00e0 deux niveaux avec un sauna infrarouge privatif \u2013 relaxez-vous en toute tranquillit\u00e9 sans quitter votre chambre. Le sauna infrarouge a un effet de [&hellip;]\" \/>\n<meta property=\"og:url\" content=\"https:\/\/spb.dominarussia.com\/fr\/chambres\/%d0%bb%d0%b0%d0%b9%d1%84%d1%81%d1%82%d0%b0%d0%b9%d0%bb-%d0%b2%d0%b5%d0%bb%d0%bd%d0%b5%d1%81\/\" \/>\n<meta property=\"og:site_name\" content=\"Domina St. Petersburg\" \/>\n<meta property=\"article:modified_time\" content=\"2022-11-10T16:26:41+00:00\" \/>\n<meta name=\"twitter:card\" content=\"summary_large_image\" \/>\n<meta name=\"twitter:label1\" content=\"Dur\u00e9e de lecture estim\u00e9e\" \/>\n\t<meta name=\"twitter:data1\" content=\"1 minute\" \/>\n<script type=\"application\/ld+json\" class=\"yoast-schema-graph\">{\"@context\":\"https:\/\/schema.org\",\"@graph\":[{\"@type\":\"WebPage\",\"@id\":\"https:\/\/spb.dominarussia.com\/fr\/chambres\/%d0%bb%d0%b0%d0%b9%d1%84%d1%81%d1%82%d0%b0%d0%b9%d0%bb-%d0%b2%d0%b5%d0%bb%d0%bd%d0%b5%d1%81\/\",\"url\":\"https:\/\/spb.dominarussia.com\/fr\/chambres\/%d0%bb%d0%b0%d0%b9%d1%84%d1%81%d1%82%d0%b0%d0%b9%d0%bb-%d0%b2%d0%b5%d0%bb%d0%bd%d0%b5%d1%81\/\",\"name\":\"Lifestyle Wellness &#8211; Domina St. Petersburg &#8211;\",\"isPartOf\":{\"@id\":\"https:\/\/spb.dominarussia.com\/fr\/#website\"},\"datePublished\":\"2022-11-10T11:52:51+00:00\",\"dateModified\":\"2022-11-10T16:26:41+00:00\",\"breadcrumb\":{\"@id\":\"https:\/\/spb.dominarussia.com\/fr\/chambres\/%d0%bb%d0%b0%d0%b9%d1%84%d1%81%d1%82%d0%b0%d0%b9%d0%bb-%d0%b2%d0%b5%d0%bb%d0%bd%d0%b5%d1%81\/#breadcrumb\"},\"inLanguage\":\"fr-FR\",\"potentialAction\":[{\"@type\":\"ReadAction\",\"target\":[\"https:\/\/spb.dominarussia.com\/fr\/chambres\/%d0%bb%d0%b0%d0%b9%d1%84%d1%81%d1%82%d0%b0%d0%b9%d0%bb-%d0%b2%d0%b5%d0%bb%d0%bd%d0%b5%d1%81\/\"]}]},{\"@type\":\"BreadcrumbList\",\"@id\":\"https:\/\/spb.dominarussia.com\/fr\/chambres\/%d0%bb%d0%b0%d0%b9%d1%84%d1%81%d1%82%d0%b0%d0%b9%d0%bb-%d0%b2%d0%b5%d0%bb%d0%bd%d0%b5%d1%81\/#breadcrumb\",\"itemListElement\":[{\"@type\":\"ListItem\",\"position\":1,\"name\":\"Home\",\"item\":\"https:\/\/spb.dominarussia.com\/fr\/\"},{\"@type\":\"ListItem\",\"position\":2,\"name\":\"Chambres\",\"item\":\"https:\/\/spb.dominarussia.com\/fr\/chambres\/\"},{\"@type\":\"ListItem\",\"position\":3,\"name\":\"Lifestyle Wellness\"}]},{\"@type\":\"WebSite\",\"@id\":\"https:\/\/spb.dominarussia.com\/fr\/#website\",\"url\":\"https:\/\/spb.dominarussia.com\/fr\/\",\"name\":\"Domina St. Petersburg\",\"description\":\"Just another ms.decms.eu site\",\"potentialAction\":[{\"@type\":\"SearchAction\",\"target\":{\"@type\":\"EntryPoint\",\"urlTemplate\":\"https:\/\/spb.dominarussia.com\/fr\/?s={search_term_string}\"},\"query-input\":{\"@type\":\"PropertyValueSpecification\",\"valueRequired\":true,\"valueName\":\"search_term_string\"}}],\"inLanguage\":\"fr-FR\"}]}<\/script>\n<!-- \/ Yoast SEO plugin. -->","yoast_head_json":{"title":"Lifestyle Wellness &#8211; Domina St. Petersburg &#8211;","robots":{"index":"index","follow":"follow","max-snippet":"max-snippet:-1","max-image-preview":"max-image-preview:large","max-video-preview":"max-video-preview:-1"},"canonical":"https:\/\/spb.dominarussia.com\/fr\/chambres\/%d0%bb%d0%b0%d0%b9%d1%84%d1%81%d1%82%d0%b0%d0%b9%d0%bb-%d0%b2%d0%b5%d0%bb%d0%bd%d0%b5%d1%81\/","og_locale":"fr_FR","og_type":"article","og_title":"Lifestyle Wellness &#8211; Domina St. Petersburg &#8211;","og_description":"Les chambres Lifestyle Wellness de Domina St. P\u00e9tersbourg recr\u00e9ent un petit chez soi au c\u0153ur de Saint-P\u00e9tersbourg o\u00f9 vous \u00eates accueillis avec une chaleur et hospitalit\u00e9 italiennes. \u00c0 votre disposition l\u2019espace \u00e0 deux niveaux avec un sauna infrarouge privatif \u2013 relaxez-vous en toute tranquillit\u00e9 sans quitter votre chambre. Le sauna infrarouge a un effet de [&hellip;]","og_url":"https:\/\/spb.dominarussia.com\/fr\/chambres\/%d0%bb%d0%b0%d0%b9%d1%84%d1%81%d1%82%d0%b0%d0%b9%d0%bb-%d0%b2%d0%b5%d0%bb%d0%bd%d0%b5%d1%81\/","og_site_name":"Domina St. Petersburg","article_modified_time":"2022-11-10T16:26:41+00:00","twitter_card":"summary_large_image","twitter_misc":{"Dur\u00e9e de lecture estim\u00e9e":"1 minute"},"schema":{"@context":"https:\/\/schema.org","@graph":[{"@type":"WebPage","@id":"https:\/\/spb.dominarussia.com\/fr\/chambres\/%d0%bb%d0%b0%d0%b9%d1%84%d1%81%d1%82%d0%b0%d0%b9%d0%bb-%d0%b2%d0%b5%d0%bb%d0%bd%d0%b5%d1%81\/","url":"https:\/\/spb.dominarussia.com\/fr\/chambres\/%d0%bb%d0%b0%d0%b9%d1%84%d1%81%d1%82%d0%b0%d0%b9%d0%bb-%d0%b2%d0%b5%d0%bb%d0%bd%d0%b5%d1%81\/","name":"Lifestyle Wellness &#8211; Domina St. Petersburg &#8211;","isPartOf":{"@id":"https:\/\/spb.dominarussia.com\/fr\/#website"},"datePublished":"2022-11-10T11:52:51+00:00","dateModified":"2022-11-10T16:26:41+00:00","breadcrumb":{"@id":"https:\/\/spb.dominarussia.com\/fr\/chambres\/%d0%bb%d0%b0%d0%b9%d1%84%d1%81%d1%82%d0%b0%d0%b9%d0%bb-%d0%b2%d0%b5%d0%bb%d0%bd%d0%b5%d1%81\/#breadcrumb"},"inLanguage":"fr-FR","potentialAction":[{"@type":"ReadAction","target":["https:\/\/spb.dominarussia.com\/fr\/chambres\/%d0%bb%d0%b0%d0%b9%d1%84%d1%81%d1%82%d0%b0%d0%b9%d0%bb-%d0%b2%d0%b5%d0%bb%d0%bd%d0%b5%d1%81\/"]}]},{"@type":"BreadcrumbList","@id":"https:\/\/spb.dominarussia.com\/fr\/chambres\/%d0%bb%d0%b0%d0%b9%d1%84%d1%81%d1%82%d0%b0%d0%b9%d0%bb-%d0%b2%d0%b5%d0%bb%d0%bd%d0%b5%d1%81\/#breadcrumb","itemListElement":[{"@type":"ListItem","position":1,"name":"Home","item":"https:\/\/spb.dominarussia.com\/fr\/"},{"@type":"ListItem","position":2,"name":"Chambres","item":"https:\/\/spb.dominarussia.com\/fr\/chambres\/"},{"@type":"ListItem","position":3,"name":"Lifestyle Wellness"}]},{"@type":"WebSite","@id":"https:\/\/spb.dominarussia.com\/fr\/#website","url":"https:\/\/spb.dominarussia.com\/fr\/","name":"Domina St. Petersburg","description":"Just another ms.decms.eu site","potentialAction":[{"@type":"SearchAction","target":{"@type":"EntryPoint","urlTemplate":"https:\/\/spb.dominarussia.com\/fr\/?s={search_term_string}"},"query-input":{"@type":"PropertyValueSpecification","valueRequired":true,"valueName":"search_term_string"}}],"inLanguage":"fr-FR"}]}},"acf":[],"_links":{"self":[{"href":"https:\/\/spb.dominarussia.com\/fr\/wp-json\/wp\/v2\/pages\/1689","targetHints":{"allow":["GET"]}}],"collection":[{"href":"https:\/\/spb.dominarussia.com\/fr\/wp-json\/wp\/v2\/pages"}],"about":[{"href":"https:\/\/spb.dominarussia.com\/fr\/wp-json\/wp\/v2\/types\/page"}],"author":[{"embeddable":true,"href":"https:\/\/spb.dominarussia.com\/fr\/wp-json\/wp\/v2\/users\/7"}],"replies":[{"embeddable":true,"href":"https:\/\/spb.dominarussia.com\/fr\/wp-json\/wp\/v2\/comments?post=1689"}],"version-history":[{"count":0,"href":"https:\/\/spb.dominarussia.com\/fr\/wp-json\/wp\/v2\/pages\/1689\/revisions"}],"up":[{"embeddable":true,"href":"https:\/\/spb.dominarussia.com\/fr\/wp-json\/wp\/v2\/pages\/152"}],"wp:attachment":[{"href":"https:\/\/spb.dominarussia.com\/fr\/wp-json\/wp\/v2\/media?parent=1689"}],"curies":[{"name":"wp","href":"https:\/\/api.w.org\/{rel}","templated":true}]}}