{"id":176,"date":"2022-03-21T13:29:17","date_gmt":"2022-03-21T13:29:17","guid":{"rendered":"https:\/\/domina-st-petersburg.ms.decms.eu\/chambres\/%d1%81%d1%83%d0%bf%d0%b5%d1%80%d0%b8%d0%be%d1%80\/"},"modified":"2022-07-21T08:52:32","modified_gmt":"2022-07-21T08:52:32","slug":"%d1%81%d1%83%d0%bf%d0%b5%d1%80%d0%b8%d0%be%d1%80","status":"publish","type":"page","link":"https:\/\/spb.dominarussia.com\/fr\/chambres\/%d1%81%d1%83%d0%bf%d0%b5%d1%80%d0%b8%d0%be%d1%80\/","title":{"rendered":"Chambre Sup\u00e9rieure"},"content":{"rendered":"<p>Les chambres Sup\u00e9rieures offrent tout un univers de confort et de design original aussi bien qu\u2019un service impeccable pour satisfaire les clients les plus exigeants. Vous pouvez choisir la couleur de vos d\u00e9cors (quatre couleurs au choix), la disposition de votre chambre, la vue depuis la fen\u00eatre (sur l\u2019atrium calme ou sur la rue historique Bolsha\u00efa Morska\u00efa).<\/p>\n<p>Toutes les chambres Sup\u00e9rieures sont \u00e9quip\u00e9es de luxueux lits king size ou queen size ou de deux lits s\u00e9par\u00e9s. Vous y trouverez des peignoirs confortables, un menu d\u2019oreillers (en duvet ou hypoallerg\u00e9nique), un plateau th\u00e9\/caf\u00e9, Wi-fi gratuit, le service de m\u00e9nage deux fois par jour, centre de fitness et de bien-\u00eatre, un parking gratuit.<\/p>\n<p>Tout est l\u00e0 pour d\u00e9couvrir la Capitale du Nord et son charme sans se soucier du reste !<\/p>\n","protected":false},"excerpt":{"rendered":"<p>Les chambres Sup\u00e9rieures offrent tout un univers de confort et de design original aussi bien qu\u2019un service impeccable pour satisfaire les clients les plus exigeants. Vous pouvez choisir la couleur de vos d\u00e9cors (quatre couleurs au choix), la disposition de votre chambre, la vue depuis la fen\u00eatre (sur l\u2019atrium calme ou sur la rue historique [&hellip;]<\/p>\n","protected":false},"author":17,"featured_media":0,"parent":152,"menu_order":60,"comment_status":"closed","ping_status":"closed","template":"template-room.php","meta":{"footnotes":""},"class_list":["post-176","page","type-page","status-publish","hentry"],"yoast_head":"<!-- This site is optimized with the Yoast SEO plugin v26.9 - https:\/\/yoast.com\/product\/yoast-seo-wordpress\/ -->\n<title>Chambre Sup\u00e9rieure &#8211; Domina St. Petersburg &#8211;<\/title>\n<meta name=\"robots\" content=\"index, follow, max-snippet:-1, max-image-preview:large, max-video-preview:-1\" \/>\n<link rel=\"canonical\" href=\"https:\/\/spb.dominarussia.com\/fr\/chambres\/%d1%81%d1%83%d0%bf%d0%b5%d1%80%d0%b8%d0%be%d1%80\/\" \/>\n<meta property=\"og:locale\" content=\"fr_FR\" \/>\n<meta property=\"og:type\" content=\"article\" \/>\n<meta property=\"og:title\" content=\"Chambre Sup\u00e9rieure &#8211; Domina St. Petersburg &#8211;\" \/>\n<meta property=\"og:description\" content=\"Les chambres Sup\u00e9rieures offrent tout un univers de confort et de design original aussi bien qu\u2019un service impeccable pour satisfaire les clients les plus exigeants. Vous pouvez choisir la couleur de vos d\u00e9cors (quatre couleurs au choix), la disposition de votre chambre, la vue depuis la fen\u00eatre (sur l\u2019atrium calme ou sur la rue historique [&hellip;]\" \/>\n<meta property=\"og:url\" content=\"https:\/\/spb.dominarussia.com\/fr\/chambres\/%d1%81%d1%83%d0%bf%d0%b5%d1%80%d0%b8%d0%be%d1%80\/\" \/>\n<meta property=\"og:site_name\" content=\"Domina St. Petersburg\" \/>\n<meta property=\"article:modified_time\" content=\"2022-07-21T08:52:32+00:00\" \/>\n<meta name=\"twitter:card\" content=\"summary_large_image\" \/>\n<meta name=\"twitter:label1\" content=\"Dur\u00e9e de lecture estim\u00e9e\" \/>\n\t<meta name=\"twitter:data1\" content=\"1 minute\" \/>\n<script type=\"application\/ld+json\" class=\"yoast-schema-graph\">{\"@context\":\"https:\/\/schema.org\",\"@graph\":[{\"@type\":\"WebPage\",\"@id\":\"https:\/\/spb.dominarussia.com\/fr\/chambres\/%d1%81%d1%83%d0%bf%d0%b5%d1%80%d0%b8%d0%be%d1%80\/\",\"url\":\"https:\/\/spb.dominarussia.com\/fr\/chambres\/%d1%81%d1%83%d0%bf%d0%b5%d1%80%d0%b8%d0%be%d1%80\/\",\"name\":\"Chambre Sup\u00e9rieure &#8211; Domina St. Petersburg &#8211;\",\"isPartOf\":{\"@id\":\"https:\/\/spb.dominarussia.com\/fr\/#website\"},\"datePublished\":\"2022-03-21T13:29:17+00:00\",\"dateModified\":\"2022-07-21T08:52:32+00:00\",\"breadcrumb\":{\"@id\":\"https:\/\/spb.dominarussia.com\/fr\/chambres\/%d1%81%d1%83%d0%bf%d0%b5%d1%80%d0%b8%d0%be%d1%80\/#breadcrumb\"},\"inLanguage\":\"fr-FR\",\"potentialAction\":[{\"@type\":\"ReadAction\",\"target\":[\"https:\/\/spb.dominarussia.com\/fr\/chambres\/%d1%81%d1%83%d0%bf%d0%b5%d1%80%d0%b8%d0%be%d1%80\/\"]}]},{\"@type\":\"BreadcrumbList\",\"@id\":\"https:\/\/spb.dominarussia.com\/fr\/chambres\/%d1%81%d1%83%d0%bf%d0%b5%d1%80%d0%b8%d0%be%d1%80\/#breadcrumb\",\"itemListElement\":[{\"@type\":\"ListItem\",\"position\":1,\"name\":\"Home\",\"item\":\"https:\/\/spb.dominarussia.com\/fr\/\"},{\"@type\":\"ListItem\",\"position\":2,\"name\":\"Chambres\",\"item\":\"https:\/\/spb.dominarussia.com\/fr\/chambres\/\"},{\"@type\":\"ListItem\",\"position\":3,\"name\":\"Chambre Sup\u00e9rieure\"}]},{\"@type\":\"WebSite\",\"@id\":\"https:\/\/spb.dominarussia.com\/fr\/#website\",\"url\":\"https:\/\/spb.dominarussia.com\/fr\/\",\"name\":\"Domina St. Petersburg\",\"description\":\"Just another ms.decms.eu site\",\"potentialAction\":[{\"@type\":\"SearchAction\",\"target\":{\"@type\":\"EntryPoint\",\"urlTemplate\":\"https:\/\/spb.dominarussia.com\/fr\/?s={search_term_string}\"},\"query-input\":{\"@type\":\"PropertyValueSpecification\",\"valueRequired\":true,\"valueName\":\"search_term_string\"}}],\"inLanguage\":\"fr-FR\"}]}<\/script>\n<!-- \/ Yoast SEO plugin. -->","yoast_head_json":{"title":"Chambre Sup\u00e9rieure &#8211; Domina St. Petersburg &#8211;","robots":{"index":"index","follow":"follow","max-snippet":"max-snippet:-1","max-image-preview":"max-image-preview:large","max-video-preview":"max-video-preview:-1"},"canonical":"https:\/\/spb.dominarussia.com\/fr\/chambres\/%d1%81%d1%83%d0%bf%d0%b5%d1%80%d0%b8%d0%be%d1%80\/","og_locale":"fr_FR","og_type":"article","og_title":"Chambre Sup\u00e9rieure &#8211; Domina St. Petersburg &#8211;","og_description":"Les chambres Sup\u00e9rieures offrent tout un univers de confort et de design original aussi bien qu\u2019un service impeccable pour satisfaire les clients les plus exigeants. Vous pouvez choisir la couleur de vos d\u00e9cors (quatre couleurs au choix), la disposition de votre chambre, la vue depuis la fen\u00eatre (sur l\u2019atrium calme ou sur la rue historique [&hellip;]","og_url":"https:\/\/spb.dominarussia.com\/fr\/chambres\/%d1%81%d1%83%d0%bf%d0%b5%d1%80%d0%b8%d0%be%d1%80\/","og_site_name":"Domina St. Petersburg","article_modified_time":"2022-07-21T08:52:32+00:00","twitter_card":"summary_large_image","twitter_misc":{"Dur\u00e9e de lecture estim\u00e9e":"1 minute"},"schema":{"@context":"https:\/\/schema.org","@graph":[{"@type":"WebPage","@id":"https:\/\/spb.dominarussia.com\/fr\/chambres\/%d1%81%d1%83%d0%bf%d0%b5%d1%80%d0%b8%d0%be%d1%80\/","url":"https:\/\/spb.dominarussia.com\/fr\/chambres\/%d1%81%d1%83%d0%bf%d0%b5%d1%80%d0%b8%d0%be%d1%80\/","name":"Chambre Sup\u00e9rieure &#8211; Domina St. Petersburg &#8211;","isPartOf":{"@id":"https:\/\/spb.dominarussia.com\/fr\/#website"},"datePublished":"2022-03-21T13:29:17+00:00","dateModified":"2022-07-21T08:52:32+00:00","breadcrumb":{"@id":"https:\/\/spb.dominarussia.com\/fr\/chambres\/%d1%81%d1%83%d0%bf%d0%b5%d1%80%d0%b8%d0%be%d1%80\/#breadcrumb"},"inLanguage":"fr-FR","potentialAction":[{"@type":"ReadAction","target":["https:\/\/spb.dominarussia.com\/fr\/chambres\/%d1%81%d1%83%d0%bf%d0%b5%d1%80%d0%b8%d0%be%d1%80\/"]}]},{"@type":"BreadcrumbList","@id":"https:\/\/spb.dominarussia.com\/fr\/chambres\/%d1%81%d1%83%d0%bf%d0%b5%d1%80%d0%b8%d0%be%d1%80\/#breadcrumb","itemListElement":[{"@type":"ListItem","position":1,"name":"Home","item":"https:\/\/spb.dominarussia.com\/fr\/"},{"@type":"ListItem","position":2,"name":"Chambres","item":"https:\/\/spb.dominarussia.com\/fr\/chambres\/"},{"@type":"ListItem","position":3,"name":"Chambre Sup\u00e9rieure"}]},{"@type":"WebSite","@id":"https:\/\/spb.dominarussia.com\/fr\/#website","url":"https:\/\/spb.dominarussia.com\/fr\/","name":"Domina St. Petersburg","description":"Just another ms.decms.eu site","potentialAction":[{"@type":"SearchAction","target":{"@type":"EntryPoint","urlTemplate":"https:\/\/spb.dominarussia.com\/fr\/?s={search_term_string}"},"query-input":{"@type":"PropertyValueSpecification","valueRequired":true,"valueName":"search_term_string"}}],"inLanguage":"fr-FR"}]}},"acf":[],"_links":{"self":[{"href":"https:\/\/spb.dominarussia.com\/fr\/wp-json\/wp\/v2\/pages\/176","targetHints":{"allow":["GET"]}}],"collection":[{"href":"https:\/\/spb.dominarussia.com\/fr\/wp-json\/wp\/v2\/pages"}],"about":[{"href":"https:\/\/spb.dominarussia.com\/fr\/wp-json\/wp\/v2\/types\/page"}],"author":[{"embeddable":true,"href":"https:\/\/spb.dominarussia.com\/fr\/wp-json\/wp\/v2\/users\/17"}],"replies":[{"embeddable":true,"href":"https:\/\/spb.dominarussia.com\/fr\/wp-json\/wp\/v2\/comments?post=176"}],"version-history":[{"count":0,"href":"https:\/\/spb.dominarussia.com\/fr\/wp-json\/wp\/v2\/pages\/176\/revisions"}],"up":[{"embeddable":true,"href":"https:\/\/spb.dominarussia.com\/fr\/wp-json\/wp\/v2\/pages\/152"}],"wp:attachment":[{"href":"https:\/\/spb.dominarussia.com\/fr\/wp-json\/wp\/v2\/media?parent=176"}],"curies":[{"name":"wp","href":"https:\/\/api.w.org\/{rel}","templated":true}]}}