{"id":200,"date":"2022-03-21T13:29:41","date_gmt":"2022-03-21T13:29:41","guid":{"rendered":"https:\/\/domina-st-petersburg.ms.decms.eu\/chambres\/%d0%b2%d0%b8%d0%b4%d0%be%d0%b2%d0%be%d0%b9-%d1%81%d1%83%d0%bf%d0%b5%d1%80%d0%b8%d0%be%d1%80\/"},"modified":"2022-07-21T10:40:30","modified_gmt":"2022-07-21T10:40:30","slug":"superieure-vue-a-la-riviere","status":"publish","type":"page","link":"https:\/\/spb.dominarussia.com\/fr\/chambres\/superieure-vue-a-la-riviere\/","title":{"rendered":"Sup\u00e9rieure Vue \u00e0 la Rivi\u00e8re"},"content":{"rendered":"<p>S\u00e9journez dans nos chambres spacieuses et insolites, cat\u00e9gorie Sup\u00e9rieures, tout en admirant <strong>la vue panoramique sur la rivi\u00e8re Moyka<\/strong>.<\/p>\n<p>La palette ensoleill\u00e9e des chambres vous donnera une humeur de joie et de facilit\u00e9 pour toute la dur\u00e9e de votre s\u00e9jour \u00e0 Saint-P\u00e9tersbourg, quel que soit son temps changeant. Ici incarne l\u2019aisance et le confort incroyable pour un h\u00e9bergement double, et la grande surface des chambres permettra d\u2019ajouter facilement un lit suppl\u00e9mentaire au cas de besoin.<\/p>\n<p>Les chambres de cat\u00e9gorie Sup\u00e9rieures\u00a0avec vue sur la rivi\u00e8re sont \u00e9quip\u00e9es soit de lits King size luxueux soit de deux lits s\u00e9par\u00e9s. Nous proposons un menu vari\u00e9 d\u2019oreillers de 7 options, une machine \u00e0 caf\u00e9 et differents types de th\u00e9 et de caf\u00e9, un service de m\u00e9nage dans la chambre deux fois par jour.<\/p>\n<p>Nous avons pris soin de toutes les conditions pour vous afin que vous puissiez profiter avec plaisir et insouciance de l\u2019atmosph\u00e8re de la Venice du Nord !<\/p>\n<p>R\u00e9servez pour vos vacance de premi\u00e8re classe dans l\u2019hotel Domina St Peterbourg.<\/p>\n","protected":false},"excerpt":{"rendered":"<p>S\u00e9journez dans nos chambres spacieuses et insolites, cat\u00e9gorie Sup\u00e9rieures, tout en admirant la vue panoramique sur la rivi\u00e8re Moyka. La palette ensoleill\u00e9e des chambres vous donnera une humeur de joie et de facilit\u00e9 pour toute la dur\u00e9e de votre s\u00e9jour \u00e0 Saint-P\u00e9tersbourg, quel que soit son temps changeant. Ici incarne l\u2019aisance et le confort incroyable [&hellip;]<\/p>\n","protected":false},"author":17,"featured_media":0,"parent":152,"menu_order":10,"comment_status":"closed","ping_status":"closed","template":"template-room.php","meta":{"footnotes":""},"class_list":["post-200","page","type-page","status-publish","hentry"],"yoast_head":"<!-- This site is optimized with the Yoast SEO plugin v26.9 - https:\/\/yoast.com\/product\/yoast-seo-wordpress\/ -->\n<title>Sup\u00e9rieure Vue \u00e0 la Rivi\u00e8re &#8211; Domina St. Petersburg &#8211;<\/title>\n<meta name=\"robots\" content=\"index, follow, max-snippet:-1, max-image-preview:large, max-video-preview:-1\" \/>\n<link rel=\"canonical\" href=\"https:\/\/spb.dominarussia.com\/fr\/chambres\/superieure-vue-a-la-riviere\/\" \/>\n<meta property=\"og:locale\" content=\"fr_FR\" \/>\n<meta property=\"og:type\" content=\"article\" \/>\n<meta property=\"og:title\" content=\"Sup\u00e9rieure Vue \u00e0 la Rivi\u00e8re &#8211; Domina St. Petersburg &#8211;\" \/>\n<meta property=\"og:description\" content=\"S\u00e9journez dans nos chambres spacieuses et insolites, cat\u00e9gorie Sup\u00e9rieures, tout en admirant la vue panoramique sur la rivi\u00e8re Moyka. La palette ensoleill\u00e9e des chambres vous donnera une humeur de joie et de facilit\u00e9 pour toute la dur\u00e9e de votre s\u00e9jour \u00e0 Saint-P\u00e9tersbourg, quel que soit son temps changeant. Ici incarne l\u2019aisance et le confort incroyable [&hellip;]\" \/>\n<meta property=\"og:url\" content=\"https:\/\/spb.dominarussia.com\/fr\/chambres\/superieure-vue-a-la-riviere\/\" \/>\n<meta property=\"og:site_name\" content=\"Domina St. Petersburg\" \/>\n<meta property=\"article:modified_time\" content=\"2022-07-21T10:40:30+00:00\" \/>\n<meta name=\"twitter:card\" content=\"summary_large_image\" \/>\n<meta name=\"twitter:label1\" content=\"Dur\u00e9e de lecture estim\u00e9e\" \/>\n\t<meta name=\"twitter:data1\" content=\"1 minute\" \/>\n<script type=\"application\/ld+json\" class=\"yoast-schema-graph\">{\"@context\":\"https:\/\/schema.org\",\"@graph\":[{\"@type\":\"WebPage\",\"@id\":\"https:\/\/spb.dominarussia.com\/fr\/chambres\/superieure-vue-a-la-riviere\/\",\"url\":\"https:\/\/spb.dominarussia.com\/fr\/chambres\/superieure-vue-a-la-riviere\/\",\"name\":\"Sup\u00e9rieure Vue \u00e0 la Rivi\u00e8re &#8211; Domina St. Petersburg &#8211;\",\"isPartOf\":{\"@id\":\"https:\/\/spb.dominarussia.com\/fr\/#website\"},\"datePublished\":\"2022-03-21T13:29:41+00:00\",\"dateModified\":\"2022-07-21T10:40:30+00:00\",\"breadcrumb\":{\"@id\":\"https:\/\/spb.dominarussia.com\/fr\/chambres\/superieure-vue-a-la-riviere\/#breadcrumb\"},\"inLanguage\":\"fr-FR\",\"potentialAction\":[{\"@type\":\"ReadAction\",\"target\":[\"https:\/\/spb.dominarussia.com\/fr\/chambres\/superieure-vue-a-la-riviere\/\"]}]},{\"@type\":\"BreadcrumbList\",\"@id\":\"https:\/\/spb.dominarussia.com\/fr\/chambres\/superieure-vue-a-la-riviere\/#breadcrumb\",\"itemListElement\":[{\"@type\":\"ListItem\",\"position\":1,\"name\":\"Home\",\"item\":\"https:\/\/spb.dominarussia.com\/fr\/\"},{\"@type\":\"ListItem\",\"position\":2,\"name\":\"Chambres\",\"item\":\"https:\/\/spb.dominarussia.com\/fr\/chambres\/\"},{\"@type\":\"ListItem\",\"position\":3,\"name\":\"Sup\u00e9rieure Vue \u00e0 la Rivi\u00e8re\"}]},{\"@type\":\"WebSite\",\"@id\":\"https:\/\/spb.dominarussia.com\/fr\/#website\",\"url\":\"https:\/\/spb.dominarussia.com\/fr\/\",\"name\":\"Domina St. Petersburg\",\"description\":\"Just another ms.decms.eu site\",\"potentialAction\":[{\"@type\":\"SearchAction\",\"target\":{\"@type\":\"EntryPoint\",\"urlTemplate\":\"https:\/\/spb.dominarussia.com\/fr\/?s={search_term_string}\"},\"query-input\":{\"@type\":\"PropertyValueSpecification\",\"valueRequired\":true,\"valueName\":\"search_term_string\"}}],\"inLanguage\":\"fr-FR\"}]}<\/script>\n<!-- \/ Yoast SEO plugin. -->","yoast_head_json":{"title":"Sup\u00e9rieure Vue \u00e0 la Rivi\u00e8re &#8211; Domina St. Petersburg &#8211;","robots":{"index":"index","follow":"follow","max-snippet":"max-snippet:-1","max-image-preview":"max-image-preview:large","max-video-preview":"max-video-preview:-1"},"canonical":"https:\/\/spb.dominarussia.com\/fr\/chambres\/superieure-vue-a-la-riviere\/","og_locale":"fr_FR","og_type":"article","og_title":"Sup\u00e9rieure Vue \u00e0 la Rivi\u00e8re &#8211; Domina St. Petersburg &#8211;","og_description":"S\u00e9journez dans nos chambres spacieuses et insolites, cat\u00e9gorie Sup\u00e9rieures, tout en admirant la vue panoramique sur la rivi\u00e8re Moyka. La palette ensoleill\u00e9e des chambres vous donnera une humeur de joie et de facilit\u00e9 pour toute la dur\u00e9e de votre s\u00e9jour \u00e0 Saint-P\u00e9tersbourg, quel que soit son temps changeant. Ici incarne l\u2019aisance et le confort incroyable [&hellip;]","og_url":"https:\/\/spb.dominarussia.com\/fr\/chambres\/superieure-vue-a-la-riviere\/","og_site_name":"Domina St. Petersburg","article_modified_time":"2022-07-21T10:40:30+00:00","twitter_card":"summary_large_image","twitter_misc":{"Dur\u00e9e de lecture estim\u00e9e":"1 minute"},"schema":{"@context":"https:\/\/schema.org","@graph":[{"@type":"WebPage","@id":"https:\/\/spb.dominarussia.com\/fr\/chambres\/superieure-vue-a-la-riviere\/","url":"https:\/\/spb.dominarussia.com\/fr\/chambres\/superieure-vue-a-la-riviere\/","name":"Sup\u00e9rieure Vue \u00e0 la Rivi\u00e8re &#8211; Domina St. Petersburg &#8211;","isPartOf":{"@id":"https:\/\/spb.dominarussia.com\/fr\/#website"},"datePublished":"2022-03-21T13:29:41+00:00","dateModified":"2022-07-21T10:40:30+00:00","breadcrumb":{"@id":"https:\/\/spb.dominarussia.com\/fr\/chambres\/superieure-vue-a-la-riviere\/#breadcrumb"},"inLanguage":"fr-FR","potentialAction":[{"@type":"ReadAction","target":["https:\/\/spb.dominarussia.com\/fr\/chambres\/superieure-vue-a-la-riviere\/"]}]},{"@type":"BreadcrumbList","@id":"https:\/\/spb.dominarussia.com\/fr\/chambres\/superieure-vue-a-la-riviere\/#breadcrumb","itemListElement":[{"@type":"ListItem","position":1,"name":"Home","item":"https:\/\/spb.dominarussia.com\/fr\/"},{"@type":"ListItem","position":2,"name":"Chambres","item":"https:\/\/spb.dominarussia.com\/fr\/chambres\/"},{"@type":"ListItem","position":3,"name":"Sup\u00e9rieure Vue \u00e0 la Rivi\u00e8re"}]},{"@type":"WebSite","@id":"https:\/\/spb.dominarussia.com\/fr\/#website","url":"https:\/\/spb.dominarussia.com\/fr\/","name":"Domina St. Petersburg","description":"Just another ms.decms.eu site","potentialAction":[{"@type":"SearchAction","target":{"@type":"EntryPoint","urlTemplate":"https:\/\/spb.dominarussia.com\/fr\/?s={search_term_string}"},"query-input":{"@type":"PropertyValueSpecification","valueRequired":true,"valueName":"search_term_string"}}],"inLanguage":"fr-FR"}]}},"acf":[],"_links":{"self":[{"href":"https:\/\/spb.dominarussia.com\/fr\/wp-json\/wp\/v2\/pages\/200","targetHints":{"allow":["GET"]}}],"collection":[{"href":"https:\/\/spb.dominarussia.com\/fr\/wp-json\/wp\/v2\/pages"}],"about":[{"href":"https:\/\/spb.dominarussia.com\/fr\/wp-json\/wp\/v2\/types\/page"}],"author":[{"embeddable":true,"href":"https:\/\/spb.dominarussia.com\/fr\/wp-json\/wp\/v2\/users\/17"}],"replies":[{"embeddable":true,"href":"https:\/\/spb.dominarussia.com\/fr\/wp-json\/wp\/v2\/comments?post=200"}],"version-history":[{"count":0,"href":"https:\/\/spb.dominarussia.com\/fr\/wp-json\/wp\/v2\/pages\/200\/revisions"}],"up":[{"embeddable":true,"href":"https:\/\/spb.dominarussia.com\/fr\/wp-json\/wp\/v2\/pages\/152"}],"wp:attachment":[{"href":"https:\/\/spb.dominarussia.com\/fr\/wp-json\/wp\/v2\/media?parent=200"}],"curies":[{"name":"wp","href":"https:\/\/api.w.org\/{rel}","templated":true}]}}