{"id":216,"date":"2022-03-21T13:30:10","date_gmt":"2022-03-21T13:30:10","guid":{"rendered":"https:\/\/domina-st-petersburg.ms.decms.eu\/chambres\/%d0%bb%d0%b0%d0%b9%d1%84%d1%81%d1%82%d0%b0%d0%b9%d0%bb\/"},"modified":"2022-07-21T12:43:36","modified_gmt":"2022-07-21T12:43:36","slug":"lifestyle","status":"publish","type":"page","link":"https:\/\/spb.dominarussia.com\/fr\/chambres\/lifestyle\/","title":{"rendered":"Lifestyle"},"content":{"rendered":"<p>Deux \u00e9tages, c\u2019est deux fois plus de confort, de positif et d\u2019occasions de s\u2019exprimer !<\/p>\n<p>Optez pour la chambre Lifestyle en duplex de Domina St. P\u00e9tersbourg et votre s\u00e9jour en ville sera inoubliable. Les grandes fen\u00eatres offrent une vue romantique sur le quai de la rivi\u00e8re Mo\u00efka et le pont Fonarni. La chambre est \u00e0 deux niveaux : au premier niveau se trouve la chambre \u00e0 coucher, un mini-bar, une armoire et une salle de bains. Au deuxi\u00e8me niveau \u2013 un salon ou un espace de travail et une salle de bains s\u00e9par\u00e9e.<\/p>\n","protected":false},"excerpt":{"rendered":"<p>Deux \u00e9tages, c\u2019est deux fois plus de confort, de positif et d\u2019occasions de s\u2019exprimer ! Optez pour la chambre Lifestyle en duplex de Domina St. P\u00e9tersbourg et votre s\u00e9jour en ville sera inoubliable. Les grandes fen\u00eatres offrent une vue romantique sur le quai de la rivi\u00e8re Mo\u00efka et le pont Fonarni. La chambre est \u00e0 [&hellip;]<\/p>\n","protected":false},"author":17,"featured_media":0,"parent":152,"menu_order":20,"comment_status":"closed","ping_status":"closed","template":"template-room.php","meta":{"footnotes":""},"class_list":["post-216","page","type-page","status-publish","hentry"],"yoast_head":"<!-- This site is optimized with the Yoast SEO plugin v26.9 - https:\/\/yoast.com\/product\/yoast-seo-wordpress\/ -->\n<title>Lifestyle &#8211; Domina St. Petersburg &#8211;<\/title>\n<meta name=\"robots\" content=\"index, follow, max-snippet:-1, max-image-preview:large, max-video-preview:-1\" \/>\n<link rel=\"canonical\" href=\"https:\/\/spb.dominarussia.com\/fr\/chambres\/lifestyle\/\" \/>\n<meta property=\"og:locale\" content=\"fr_FR\" \/>\n<meta property=\"og:type\" content=\"article\" \/>\n<meta property=\"og:title\" content=\"Lifestyle &#8211; Domina St. Petersburg &#8211;\" \/>\n<meta property=\"og:description\" content=\"Deux \u00e9tages, c\u2019est deux fois plus de confort, de positif et d\u2019occasions de s\u2019exprimer ! Optez pour la chambre Lifestyle en duplex de Domina St. P\u00e9tersbourg et votre s\u00e9jour en ville sera inoubliable. Les grandes fen\u00eatres offrent une vue romantique sur le quai de la rivi\u00e8re Mo\u00efka et le pont Fonarni. La chambre est \u00e0 [&hellip;]\" \/>\n<meta property=\"og:url\" content=\"https:\/\/spb.dominarussia.com\/fr\/chambres\/lifestyle\/\" \/>\n<meta property=\"og:site_name\" content=\"Domina St. Petersburg\" \/>\n<meta property=\"article:modified_time\" content=\"2022-07-21T12:43:36+00:00\" \/>\n<meta name=\"twitter:card\" content=\"summary_large_image\" \/>\n<meta name=\"twitter:label1\" content=\"Dur\u00e9e de lecture estim\u00e9e\" \/>\n\t<meta name=\"twitter:data1\" content=\"1 minute\" \/>\n<script type=\"application\/ld+json\" class=\"yoast-schema-graph\">{\"@context\":\"https:\/\/schema.org\",\"@graph\":[{\"@type\":\"WebPage\",\"@id\":\"https:\/\/spb.dominarussia.com\/fr\/chambres\/lifestyle\/\",\"url\":\"https:\/\/spb.dominarussia.com\/fr\/chambres\/lifestyle\/\",\"name\":\"Lifestyle &#8211; Domina St. Petersburg &#8211;\",\"isPartOf\":{\"@id\":\"https:\/\/spb.dominarussia.com\/fr\/#website\"},\"datePublished\":\"2022-03-21T13:30:10+00:00\",\"dateModified\":\"2022-07-21T12:43:36+00:00\",\"breadcrumb\":{\"@id\":\"https:\/\/spb.dominarussia.com\/fr\/chambres\/lifestyle\/#breadcrumb\"},\"inLanguage\":\"fr-FR\",\"potentialAction\":[{\"@type\":\"ReadAction\",\"target\":[\"https:\/\/spb.dominarussia.com\/fr\/chambres\/lifestyle\/\"]}]},{\"@type\":\"BreadcrumbList\",\"@id\":\"https:\/\/spb.dominarussia.com\/fr\/chambres\/lifestyle\/#breadcrumb\",\"itemListElement\":[{\"@type\":\"ListItem\",\"position\":1,\"name\":\"Home\",\"item\":\"https:\/\/spb.dominarussia.com\/fr\/\"},{\"@type\":\"ListItem\",\"position\":2,\"name\":\"Chambres\",\"item\":\"https:\/\/spb.dominarussia.com\/fr\/chambres\/\"},{\"@type\":\"ListItem\",\"position\":3,\"name\":\"Lifestyle\"}]},{\"@type\":\"WebSite\",\"@id\":\"https:\/\/spb.dominarussia.com\/fr\/#website\",\"url\":\"https:\/\/spb.dominarussia.com\/fr\/\",\"name\":\"Domina St. Petersburg\",\"description\":\"Just another ms.decms.eu site\",\"potentialAction\":[{\"@type\":\"SearchAction\",\"target\":{\"@type\":\"EntryPoint\",\"urlTemplate\":\"https:\/\/spb.dominarussia.com\/fr\/?s={search_term_string}\"},\"query-input\":{\"@type\":\"PropertyValueSpecification\",\"valueRequired\":true,\"valueName\":\"search_term_string\"}}],\"inLanguage\":\"fr-FR\"}]}<\/script>\n<!-- \/ Yoast SEO plugin. -->","yoast_head_json":{"title":"Lifestyle &#8211; Domina St. Petersburg &#8211;","robots":{"index":"index","follow":"follow","max-snippet":"max-snippet:-1","max-image-preview":"max-image-preview:large","max-video-preview":"max-video-preview:-1"},"canonical":"https:\/\/spb.dominarussia.com\/fr\/chambres\/lifestyle\/","og_locale":"fr_FR","og_type":"article","og_title":"Lifestyle &#8211; Domina St. Petersburg &#8211;","og_description":"Deux \u00e9tages, c\u2019est deux fois plus de confort, de positif et d\u2019occasions de s\u2019exprimer ! Optez pour la chambre Lifestyle en duplex de Domina St. P\u00e9tersbourg et votre s\u00e9jour en ville sera inoubliable. Les grandes fen\u00eatres offrent une vue romantique sur le quai de la rivi\u00e8re Mo\u00efka et le pont Fonarni. La chambre est \u00e0 [&hellip;]","og_url":"https:\/\/spb.dominarussia.com\/fr\/chambres\/lifestyle\/","og_site_name":"Domina St. Petersburg","article_modified_time":"2022-07-21T12:43:36+00:00","twitter_card":"summary_large_image","twitter_misc":{"Dur\u00e9e de lecture estim\u00e9e":"1 minute"},"schema":{"@context":"https:\/\/schema.org","@graph":[{"@type":"WebPage","@id":"https:\/\/spb.dominarussia.com\/fr\/chambres\/lifestyle\/","url":"https:\/\/spb.dominarussia.com\/fr\/chambres\/lifestyle\/","name":"Lifestyle &#8211; Domina St. Petersburg &#8211;","isPartOf":{"@id":"https:\/\/spb.dominarussia.com\/fr\/#website"},"datePublished":"2022-03-21T13:30:10+00:00","dateModified":"2022-07-21T12:43:36+00:00","breadcrumb":{"@id":"https:\/\/spb.dominarussia.com\/fr\/chambres\/lifestyle\/#breadcrumb"},"inLanguage":"fr-FR","potentialAction":[{"@type":"ReadAction","target":["https:\/\/spb.dominarussia.com\/fr\/chambres\/lifestyle\/"]}]},{"@type":"BreadcrumbList","@id":"https:\/\/spb.dominarussia.com\/fr\/chambres\/lifestyle\/#breadcrumb","itemListElement":[{"@type":"ListItem","position":1,"name":"Home","item":"https:\/\/spb.dominarussia.com\/fr\/"},{"@type":"ListItem","position":2,"name":"Chambres","item":"https:\/\/spb.dominarussia.com\/fr\/chambres\/"},{"@type":"ListItem","position":3,"name":"Lifestyle"}]},{"@type":"WebSite","@id":"https:\/\/spb.dominarussia.com\/fr\/#website","url":"https:\/\/spb.dominarussia.com\/fr\/","name":"Domina St. Petersburg","description":"Just another ms.decms.eu site","potentialAction":[{"@type":"SearchAction","target":{"@type":"EntryPoint","urlTemplate":"https:\/\/spb.dominarussia.com\/fr\/?s={search_term_string}"},"query-input":{"@type":"PropertyValueSpecification","valueRequired":true,"valueName":"search_term_string"}}],"inLanguage":"fr-FR"}]}},"acf":[],"_links":{"self":[{"href":"https:\/\/spb.dominarussia.com\/fr\/wp-json\/wp\/v2\/pages\/216","targetHints":{"allow":["GET"]}}],"collection":[{"href":"https:\/\/spb.dominarussia.com\/fr\/wp-json\/wp\/v2\/pages"}],"about":[{"href":"https:\/\/spb.dominarussia.com\/fr\/wp-json\/wp\/v2\/types\/page"}],"author":[{"embeddable":true,"href":"https:\/\/spb.dominarussia.com\/fr\/wp-json\/wp\/v2\/users\/17"}],"replies":[{"embeddable":true,"href":"https:\/\/spb.dominarussia.com\/fr\/wp-json\/wp\/v2\/comments?post=216"}],"version-history":[{"count":0,"href":"https:\/\/spb.dominarussia.com\/fr\/wp-json\/wp\/v2\/pages\/216\/revisions"}],"up":[{"embeddable":true,"href":"https:\/\/spb.dominarussia.com\/fr\/wp-json\/wp\/v2\/pages\/152"}],"wp:attachment":[{"href":"https:\/\/spb.dominarussia.com\/fr\/wp-json\/wp\/v2\/media?parent=216"}],"curies":[{"name":"wp","href":"https:\/\/api.w.org\/{rel}","templated":true}]}}