{"id":2163,"date":"2024-04-18T11:00:25","date_gmt":"2024-04-18T11:00:25","guid":{"rendered":"https:\/\/spb.dominarussia.com\/?page_id=2163"},"modified":"2024-12-02T10:24:37","modified_gmt":"2024-12-02T10:24:37","slug":"restaurant-onde","status":"publish","type":"page","link":"https:\/\/spb.dominarussia.com\/fr\/restaurant-et-bar\/restaurant-onde\/","title":{"rendered":"Restaurant ONDE"},"content":{"rendered":"<p style=\"text-align: center\">Le restaurant m\u00e9diterran\u00e9en vous accueille avec la sp\u00e9cialit\u00e9 de la maison de Vladimir Grishukov au rez-de-chauss\u00e9e de l&rsquo;h\u00f4tel Domina de St. P\u00e9tersbourg.<\/p>\n<p style=\"text-align: center\">Le nom du restaurant (traduit de l&rsquo;italien \u00ab vagues \u00bb) se refl\u00e8te non seulement dans la cuisine, mais aussi dans l&rsquo;environnement \u2013 le b\u00e2timent entour\u00e9 par les eaux de la Moika et de la Neva, dans la rue Bolshaya Morskaya. Le th\u00e8me marin s\u2019exprime \u00e9galement dans les d\u00e9tails de l&rsquo;int\u00e9rieur du restaurant r\u00e9nov\u00e9 \u2013 motifs, d\u00e9cor, palette de couleurs \u2013 et s\u00fbrement dans la pr\u00e9sentation des plats.<br \/>\nD\u00e9couvrez de nouvelles saveurs et \u00e9motions dans notre restaurant ONDE revisit\u00e9 !<\/p>\n<p style=\"text-align: center\">R\u00e9servez une table par t\u00e9l\u00e9phone : +7 (812) 385 12 92<br \/>\nHeures d&rsquo;ouverture : 07:00 &#8211; 23:00<\/p>\n","protected":false},"excerpt":{"rendered":"<p>Le restaurant m\u00e9diterran\u00e9en vous accueille avec la sp\u00e9cialit\u00e9 de la maison de Vladimir Grishukov au rez-de-chauss\u00e9e de l&rsquo;h\u00f4tel Domina de St. P\u00e9tersbourg. Le nom du restaurant (traduit de l&rsquo;italien \u00ab vagues \u00bb) se refl\u00e8te non seulement dans la cuisine, mais aussi dans l&rsquo;environnement \u2013 le b\u00e2timent entour\u00e9 par les eaux de la Moika et de [&hellip;]<\/p>\n","protected":false},"author":519,"featured_media":0,"parent":297,"menu_order":0,"comment_status":"closed","ping_status":"closed","template":"","meta":{"footnotes":""},"class_list":["post-2163","page","type-page","status-publish","hentry"],"yoast_head":"<!-- This site is optimized with the Yoast SEO plugin v26.9 - https:\/\/yoast.com\/product\/yoast-seo-wordpress\/ -->\n<title>Restaurant ONDE &#8211; Domina St. Petersburg &#8211;<\/title>\n<meta name=\"robots\" content=\"index, follow, max-snippet:-1, max-image-preview:large, max-video-preview:-1\" \/>\n<link rel=\"canonical\" href=\"https:\/\/spb.dominarussia.com\/fr\/restaurant-et-bar\/restaurant-onde\/\" \/>\n<meta property=\"og:locale\" content=\"fr_FR\" \/>\n<meta property=\"og:type\" content=\"article\" \/>\n<meta property=\"og:title\" content=\"Restaurant ONDE &#8211; Domina St. Petersburg &#8211;\" \/>\n<meta property=\"og:description\" content=\"Le restaurant m\u00e9diterran\u00e9en vous accueille avec la sp\u00e9cialit\u00e9 de la maison de Vladimir Grishukov au rez-de-chauss\u00e9e de l&rsquo;h\u00f4tel Domina de St. P\u00e9tersbourg. Le nom du restaurant (traduit de l&rsquo;italien \u00ab vagues \u00bb) se refl\u00e8te non seulement dans la cuisine, mais aussi dans l&rsquo;environnement \u2013 le b\u00e2timent entour\u00e9 par les eaux de la Moika et de [&hellip;]\" \/>\n<meta property=\"og:url\" content=\"https:\/\/spb.dominarussia.com\/fr\/restaurant-et-bar\/restaurant-onde\/\" \/>\n<meta property=\"og:site_name\" content=\"Domina St. Petersburg\" \/>\n<meta property=\"article:modified_time\" content=\"2024-12-02T10:24:37+00:00\" \/>\n<meta name=\"twitter:card\" content=\"summary_large_image\" \/>\n<meta name=\"twitter:label1\" content=\"Dur\u00e9e de lecture estim\u00e9e\" \/>\n\t<meta name=\"twitter:data1\" content=\"1 minute\" \/>\n<script type=\"application\/ld+json\" class=\"yoast-schema-graph\">{\"@context\":\"https:\/\/schema.org\",\"@graph\":[{\"@type\":\"WebPage\",\"@id\":\"https:\/\/spb.dominarussia.com\/fr\/restaurant-et-bar\/restaurant-onde\/\",\"url\":\"https:\/\/spb.dominarussia.com\/fr\/restaurant-et-bar\/restaurant-onde\/\",\"name\":\"Restaurant ONDE &#8211; Domina St. Petersburg &#8211;\",\"isPartOf\":{\"@id\":\"https:\/\/spb.dominarussia.com\/fr\/#website\"},\"datePublished\":\"2024-04-18T11:00:25+00:00\",\"dateModified\":\"2024-12-02T10:24:37+00:00\",\"breadcrumb\":{\"@id\":\"https:\/\/spb.dominarussia.com\/fr\/restaurant-et-bar\/restaurant-onde\/#breadcrumb\"},\"inLanguage\":\"fr-FR\",\"potentialAction\":[{\"@type\":\"ReadAction\",\"target\":[\"https:\/\/spb.dominarussia.com\/fr\/restaurant-et-bar\/restaurant-onde\/\"]}]},{\"@type\":\"BreadcrumbList\",\"@id\":\"https:\/\/spb.dominarussia.com\/fr\/restaurant-et-bar\/restaurant-onde\/#breadcrumb\",\"itemListElement\":[{\"@type\":\"ListItem\",\"position\":1,\"name\":\"Home\",\"item\":\"https:\/\/spb.dominarussia.com\/fr\/\"},{\"@type\":\"ListItem\",\"position\":2,\"name\":\"Restaurant et Bar\",\"item\":\"https:\/\/spb.dominarussia.com\/fr\/restaurant-et-bar\/\"},{\"@type\":\"ListItem\",\"position\":3,\"name\":\"Restaurant ONDE\"}]},{\"@type\":\"WebSite\",\"@id\":\"https:\/\/spb.dominarussia.com\/fr\/#website\",\"url\":\"https:\/\/spb.dominarussia.com\/fr\/\",\"name\":\"Domina St. Petersburg\",\"description\":\"Just another ms.decms.eu site\",\"potentialAction\":[{\"@type\":\"SearchAction\",\"target\":{\"@type\":\"EntryPoint\",\"urlTemplate\":\"https:\/\/spb.dominarussia.com\/fr\/?s={search_term_string}\"},\"query-input\":{\"@type\":\"PropertyValueSpecification\",\"valueRequired\":true,\"valueName\":\"search_term_string\"}}],\"inLanguage\":\"fr-FR\"}]}<\/script>\n<!-- \/ Yoast SEO plugin. -->","yoast_head_json":{"title":"Restaurant ONDE &#8211; Domina St. Petersburg &#8211;","robots":{"index":"index","follow":"follow","max-snippet":"max-snippet:-1","max-image-preview":"max-image-preview:large","max-video-preview":"max-video-preview:-1"},"canonical":"https:\/\/spb.dominarussia.com\/fr\/restaurant-et-bar\/restaurant-onde\/","og_locale":"fr_FR","og_type":"article","og_title":"Restaurant ONDE &#8211; Domina St. Petersburg &#8211;","og_description":"Le restaurant m\u00e9diterran\u00e9en vous accueille avec la sp\u00e9cialit\u00e9 de la maison de Vladimir Grishukov au rez-de-chauss\u00e9e de l&rsquo;h\u00f4tel Domina de St. P\u00e9tersbourg. Le nom du restaurant (traduit de l&rsquo;italien \u00ab vagues \u00bb) se refl\u00e8te non seulement dans la cuisine, mais aussi dans l&rsquo;environnement \u2013 le b\u00e2timent entour\u00e9 par les eaux de la Moika et de [&hellip;]","og_url":"https:\/\/spb.dominarussia.com\/fr\/restaurant-et-bar\/restaurant-onde\/","og_site_name":"Domina St. Petersburg","article_modified_time":"2024-12-02T10:24:37+00:00","twitter_card":"summary_large_image","twitter_misc":{"Dur\u00e9e de lecture estim\u00e9e":"1 minute"},"schema":{"@context":"https:\/\/schema.org","@graph":[{"@type":"WebPage","@id":"https:\/\/spb.dominarussia.com\/fr\/restaurant-et-bar\/restaurant-onde\/","url":"https:\/\/spb.dominarussia.com\/fr\/restaurant-et-bar\/restaurant-onde\/","name":"Restaurant ONDE &#8211; Domina St. Petersburg &#8211;","isPartOf":{"@id":"https:\/\/spb.dominarussia.com\/fr\/#website"},"datePublished":"2024-04-18T11:00:25+00:00","dateModified":"2024-12-02T10:24:37+00:00","breadcrumb":{"@id":"https:\/\/spb.dominarussia.com\/fr\/restaurant-et-bar\/restaurant-onde\/#breadcrumb"},"inLanguage":"fr-FR","potentialAction":[{"@type":"ReadAction","target":["https:\/\/spb.dominarussia.com\/fr\/restaurant-et-bar\/restaurant-onde\/"]}]},{"@type":"BreadcrumbList","@id":"https:\/\/spb.dominarussia.com\/fr\/restaurant-et-bar\/restaurant-onde\/#breadcrumb","itemListElement":[{"@type":"ListItem","position":1,"name":"Home","item":"https:\/\/spb.dominarussia.com\/fr\/"},{"@type":"ListItem","position":2,"name":"Restaurant et Bar","item":"https:\/\/spb.dominarussia.com\/fr\/restaurant-et-bar\/"},{"@type":"ListItem","position":3,"name":"Restaurant ONDE"}]},{"@type":"WebSite","@id":"https:\/\/spb.dominarussia.com\/fr\/#website","url":"https:\/\/spb.dominarussia.com\/fr\/","name":"Domina St. Petersburg","description":"Just another ms.decms.eu site","potentialAction":[{"@type":"SearchAction","target":{"@type":"EntryPoint","urlTemplate":"https:\/\/spb.dominarussia.com\/fr\/?s={search_term_string}"},"query-input":{"@type":"PropertyValueSpecification","valueRequired":true,"valueName":"search_term_string"}}],"inLanguage":"fr-FR"}]}},"acf":[],"_links":{"self":[{"href":"https:\/\/spb.dominarussia.com\/fr\/wp-json\/wp\/v2\/pages\/2163","targetHints":{"allow":["GET"]}}],"collection":[{"href":"https:\/\/spb.dominarussia.com\/fr\/wp-json\/wp\/v2\/pages"}],"about":[{"href":"https:\/\/spb.dominarussia.com\/fr\/wp-json\/wp\/v2\/types\/page"}],"author":[{"embeddable":true,"href":"https:\/\/spb.dominarussia.com\/fr\/wp-json\/wp\/v2\/users\/519"}],"replies":[{"embeddable":true,"href":"https:\/\/spb.dominarussia.com\/fr\/wp-json\/wp\/v2\/comments?post=2163"}],"version-history":[{"count":0,"href":"https:\/\/spb.dominarussia.com\/fr\/wp-json\/wp\/v2\/pages\/2163\/revisions"}],"up":[{"embeddable":true,"href":"https:\/\/spb.dominarussia.com\/fr\/wp-json\/wp\/v2\/pages\/297"}],"wp:attachment":[{"href":"https:\/\/spb.dominarussia.com\/fr\/wp-json\/wp\/v2\/media?parent=2163"}],"curies":[{"name":"wp","href":"https:\/\/api.w.org\/{rel}","templated":true}]}}