{"id":239,"date":"2022-03-21T13:30:37","date_gmt":"2022-03-21T13:30:37","guid":{"rendered":"https:\/\/domina-st-petersburg.ms.decms.eu\/chambres\/%d0%bb%d0%b0%d0%b9%d1%84%d1%81%d1%82%d0%b0%d0%b9%d0%bb-%d0%b2%d0%b5%d0%bb%d0%bd%d0%b5%d1%81\/"},"modified":"2024-04-15T10:51:39","modified_gmt":"2024-04-15T10:51:39","slug":"lifestyle-avec-balcon","status":"publish","type":"page","link":"https:\/\/spb.dominarussia.com\/fr\/chambres\/lifestyle-avec-balcon\/","title":{"rendered":"Lifestyle avec Balcon"},"content":{"rendered":"<p>Profitez de la v\u00e9ritable atmosph\u00e8re de l\u2019\u00e9t\u00e9 \u00e0 Saint-P\u00e9tersbourg\u2026<\/p>\n<p>Nos suites saisonni\u00e8res Lifestyle avec balcon donnent encore plus d\u2019impressions de la ville chaleureuse sur la Neva. Prenez le temps pour vous asseoir sur une terrasse priv\u00e9e dans votre chambre et pour admirer le panorama de la digue avec d\u2019\u00e9l\u00e9gantes demeures le long de celle-ci, ainsi que le charmant jeu de la rivi\u00e8re Mo\u00efka. Ce peut \u00eatre votre endroit sp\u00e9cial pour vous d\u00e9tendre et bronzer.<\/p>\n<p>L\u2019espace de deux \u00e9tages de la suite vous fait vous sentir plus libre et comme chez vous. Au premier niveau, il y a une chamber avec le lit et l\u2019entr\u00e9e au balcon, au deuxi\u00e8me \u00e9tage \u2013 un salon confortable o\u00f9 vous pouvez faire du yoga ou profiter d\u2019une soir\u00e9e en famille avec cin\u00e9ma, vin italien et entr\u00e9es l\u00e9g\u00e8res.<\/p>\n","protected":false},"excerpt":{"rendered":"<p>Profitez de la v\u00e9ritable atmosph\u00e8re de l\u2019\u00e9t\u00e9 \u00e0 Saint-P\u00e9tersbourg\u2026 Nos suites saisonni\u00e8res Lifestyle avec balcon donnent encore plus d\u2019impressions de la ville chaleureuse sur la Neva. Prenez le temps pour vous asseoir sur une terrasse priv\u00e9e dans votre chambre et pour admirer le panorama de la digue avec d\u2019\u00e9l\u00e9gantes demeures le long de celle-ci, ainsi [&hellip;]<\/p>\n","protected":false},"author":17,"featured_media":0,"parent":152,"menu_order":50,"comment_status":"closed","ping_status":"closed","template":"template-room.php","meta":{"footnotes":""},"class_list":["post-239","page","type-page","status-publish","hentry"],"yoast_head":"<!-- This site is optimized with the Yoast SEO plugin v26.9 - https:\/\/yoast.com\/product\/yoast-seo-wordpress\/ -->\n<title>Lifestyle avec Balcon &#8211; Domina St. Petersburg &#8211;<\/title>\n<meta name=\"robots\" content=\"index, follow, max-snippet:-1, max-image-preview:large, max-video-preview:-1\" \/>\n<link rel=\"canonical\" href=\"https:\/\/spb.dominarussia.com\/fr\/chambres\/lifestyle-avec-balcon\/\" \/>\n<meta property=\"og:locale\" content=\"fr_FR\" \/>\n<meta property=\"og:type\" content=\"article\" \/>\n<meta property=\"og:title\" content=\"Lifestyle avec Balcon &#8211; Domina St. Petersburg &#8211;\" \/>\n<meta property=\"og:description\" content=\"Profitez de la v\u00e9ritable atmosph\u00e8re de l\u2019\u00e9t\u00e9 \u00e0 Saint-P\u00e9tersbourg\u2026 Nos suites saisonni\u00e8res Lifestyle avec balcon donnent encore plus d\u2019impressions de la ville chaleureuse sur la Neva. Prenez le temps pour vous asseoir sur une terrasse priv\u00e9e dans votre chambre et pour admirer le panorama de la digue avec d\u2019\u00e9l\u00e9gantes demeures le long de celle-ci, ainsi [&hellip;]\" \/>\n<meta property=\"og:url\" content=\"https:\/\/spb.dominarussia.com\/fr\/chambres\/lifestyle-avec-balcon\/\" \/>\n<meta property=\"og:site_name\" content=\"Domina St. Petersburg\" \/>\n<meta property=\"article:modified_time\" content=\"2024-04-15T10:51:39+00:00\" \/>\n<meta name=\"twitter:card\" content=\"summary_large_image\" \/>\n<meta name=\"twitter:label1\" content=\"Dur\u00e9e de lecture estim\u00e9e\" \/>\n\t<meta name=\"twitter:data1\" content=\"1 minute\" \/>\n<script type=\"application\/ld+json\" class=\"yoast-schema-graph\">{\"@context\":\"https:\/\/schema.org\",\"@graph\":[{\"@type\":\"WebPage\",\"@id\":\"https:\/\/spb.dominarussia.com\/fr\/chambres\/lifestyle-avec-balcon\/\",\"url\":\"https:\/\/spb.dominarussia.com\/fr\/chambres\/lifestyle-avec-balcon\/\",\"name\":\"Lifestyle avec Balcon &#8211; Domina St. Petersburg &#8211;\",\"isPartOf\":{\"@id\":\"https:\/\/spb.dominarussia.com\/fr\/#website\"},\"datePublished\":\"2022-03-21T13:30:37+00:00\",\"dateModified\":\"2024-04-15T10:51:39+00:00\",\"breadcrumb\":{\"@id\":\"https:\/\/spb.dominarussia.com\/fr\/chambres\/lifestyle-avec-balcon\/#breadcrumb\"},\"inLanguage\":\"fr-FR\",\"potentialAction\":[{\"@type\":\"ReadAction\",\"target\":[\"https:\/\/spb.dominarussia.com\/fr\/chambres\/lifestyle-avec-balcon\/\"]}]},{\"@type\":\"BreadcrumbList\",\"@id\":\"https:\/\/spb.dominarussia.com\/fr\/chambres\/lifestyle-avec-balcon\/#breadcrumb\",\"itemListElement\":[{\"@type\":\"ListItem\",\"position\":1,\"name\":\"Home\",\"item\":\"https:\/\/spb.dominarussia.com\/fr\/\"},{\"@type\":\"ListItem\",\"position\":2,\"name\":\"Chambres\",\"item\":\"https:\/\/spb.dominarussia.com\/fr\/chambres\/\"},{\"@type\":\"ListItem\",\"position\":3,\"name\":\"Lifestyle avec Balcon\"}]},{\"@type\":\"WebSite\",\"@id\":\"https:\/\/spb.dominarussia.com\/fr\/#website\",\"url\":\"https:\/\/spb.dominarussia.com\/fr\/\",\"name\":\"Domina St. Petersburg\",\"description\":\"Just another ms.decms.eu site\",\"potentialAction\":[{\"@type\":\"SearchAction\",\"target\":{\"@type\":\"EntryPoint\",\"urlTemplate\":\"https:\/\/spb.dominarussia.com\/fr\/?s={search_term_string}\"},\"query-input\":{\"@type\":\"PropertyValueSpecification\",\"valueRequired\":true,\"valueName\":\"search_term_string\"}}],\"inLanguage\":\"fr-FR\"}]}<\/script>\n<!-- \/ Yoast SEO plugin. -->","yoast_head_json":{"title":"Lifestyle avec Balcon &#8211; Domina St. Petersburg &#8211;","robots":{"index":"index","follow":"follow","max-snippet":"max-snippet:-1","max-image-preview":"max-image-preview:large","max-video-preview":"max-video-preview:-1"},"canonical":"https:\/\/spb.dominarussia.com\/fr\/chambres\/lifestyle-avec-balcon\/","og_locale":"fr_FR","og_type":"article","og_title":"Lifestyle avec Balcon &#8211; Domina St. Petersburg &#8211;","og_description":"Profitez de la v\u00e9ritable atmosph\u00e8re de l\u2019\u00e9t\u00e9 \u00e0 Saint-P\u00e9tersbourg\u2026 Nos suites saisonni\u00e8res Lifestyle avec balcon donnent encore plus d\u2019impressions de la ville chaleureuse sur la Neva. Prenez le temps pour vous asseoir sur une terrasse priv\u00e9e dans votre chambre et pour admirer le panorama de la digue avec d\u2019\u00e9l\u00e9gantes demeures le long de celle-ci, ainsi [&hellip;]","og_url":"https:\/\/spb.dominarussia.com\/fr\/chambres\/lifestyle-avec-balcon\/","og_site_name":"Domina St. Petersburg","article_modified_time":"2024-04-15T10:51:39+00:00","twitter_card":"summary_large_image","twitter_misc":{"Dur\u00e9e de lecture estim\u00e9e":"1 minute"},"schema":{"@context":"https:\/\/schema.org","@graph":[{"@type":"WebPage","@id":"https:\/\/spb.dominarussia.com\/fr\/chambres\/lifestyle-avec-balcon\/","url":"https:\/\/spb.dominarussia.com\/fr\/chambres\/lifestyle-avec-balcon\/","name":"Lifestyle avec Balcon &#8211; Domina St. Petersburg &#8211;","isPartOf":{"@id":"https:\/\/spb.dominarussia.com\/fr\/#website"},"datePublished":"2022-03-21T13:30:37+00:00","dateModified":"2024-04-15T10:51:39+00:00","breadcrumb":{"@id":"https:\/\/spb.dominarussia.com\/fr\/chambres\/lifestyle-avec-balcon\/#breadcrumb"},"inLanguage":"fr-FR","potentialAction":[{"@type":"ReadAction","target":["https:\/\/spb.dominarussia.com\/fr\/chambres\/lifestyle-avec-balcon\/"]}]},{"@type":"BreadcrumbList","@id":"https:\/\/spb.dominarussia.com\/fr\/chambres\/lifestyle-avec-balcon\/#breadcrumb","itemListElement":[{"@type":"ListItem","position":1,"name":"Home","item":"https:\/\/spb.dominarussia.com\/fr\/"},{"@type":"ListItem","position":2,"name":"Chambres","item":"https:\/\/spb.dominarussia.com\/fr\/chambres\/"},{"@type":"ListItem","position":3,"name":"Lifestyle avec Balcon"}]},{"@type":"WebSite","@id":"https:\/\/spb.dominarussia.com\/fr\/#website","url":"https:\/\/spb.dominarussia.com\/fr\/","name":"Domina St. Petersburg","description":"Just another ms.decms.eu site","potentialAction":[{"@type":"SearchAction","target":{"@type":"EntryPoint","urlTemplate":"https:\/\/spb.dominarussia.com\/fr\/?s={search_term_string}"},"query-input":{"@type":"PropertyValueSpecification","valueRequired":true,"valueName":"search_term_string"}}],"inLanguage":"fr-FR"}]}},"acf":[],"_links":{"self":[{"href":"https:\/\/spb.dominarussia.com\/fr\/wp-json\/wp\/v2\/pages\/239","targetHints":{"allow":["GET"]}}],"collection":[{"href":"https:\/\/spb.dominarussia.com\/fr\/wp-json\/wp\/v2\/pages"}],"about":[{"href":"https:\/\/spb.dominarussia.com\/fr\/wp-json\/wp\/v2\/types\/page"}],"author":[{"embeddable":true,"href":"https:\/\/spb.dominarussia.com\/fr\/wp-json\/wp\/v2\/users\/17"}],"replies":[{"embeddable":true,"href":"https:\/\/spb.dominarussia.com\/fr\/wp-json\/wp\/v2\/comments?post=239"}],"version-history":[{"count":0,"href":"https:\/\/spb.dominarussia.com\/fr\/wp-json\/wp\/v2\/pages\/239\/revisions"}],"up":[{"embeddable":true,"href":"https:\/\/spb.dominarussia.com\/fr\/wp-json\/wp\/v2\/pages\/152"}],"wp:attachment":[{"href":"https:\/\/spb.dominarussia.com\/fr\/wp-json\/wp\/v2\/media?parent=239"}],"curies":[{"name":"wp","href":"https:\/\/api.w.org\/{rel}","templated":true}]}}