{"id":256,"date":"2022-03-21T13:31:10","date_gmt":"2022-03-21T13:31:10","guid":{"rendered":"https:\/\/domina-st-petersburg.ms.decms.eu\/chambres\/%d0%bb%d1%8e%d0%ba%d1%81\/"},"modified":"2023-09-20T09:00:21","modified_gmt":"2023-09-20T09:00:21","slug":"suite","status":"publish","type":"page","link":"https:\/\/spb.dominarussia.com\/fr\/chambres\/suite\/","title":{"rendered":"Suite"},"content":{"rendered":"<p>Si vous appr\u00e9ciez le confort et le style, les spacieuses suites de 43-44 m<sup>2<\/sup> \u00e0 Domina St. P\u00e9tersbourg seront votre meilleur choix. Leurs fen\u00eatres donnent sur la cour int\u00e9rieure ce qui vous garantit un sommeil rafraichissant et les r\u00eaves les plus doux.<\/p>\n<p>Les d\u00e9tails soigneusement pens\u00e9s vous offrent un confort habituel et un vrai chez soi lors de votre s\u00e9jour dans la Capitale du Nord. Les produits d\u2019accueil de luxe <em>Acqua di Parma<\/em> sont compl\u00e9t\u00e9s par du sel de bain et une \u00e9ponge pour le corps.<\/p>\n<p>Pour vous d\u00e9tendre apr\u00e8s une journ\u00e9e bien remplie, demandez un tapis de massage \u00e0 la r\u00e9ception.<\/p>\n","protected":false},"excerpt":{"rendered":"<p>Si vous appr\u00e9ciez le confort et le style, les spacieuses suites de 43-44 m2 \u00e0 Domina St. P\u00e9tersbourg seront votre meilleur choix. Leurs fen\u00eatres donnent sur la cour int\u00e9rieure ce qui vous garantit un sommeil rafraichissant et les r\u00eaves les plus doux. Les d\u00e9tails soigneusement pens\u00e9s vous offrent un confort habituel et un vrai chez [&hellip;]<\/p>\n","protected":false},"author":17,"featured_media":0,"parent":152,"menu_order":30,"comment_status":"closed","ping_status":"closed","template":"template-room.php","meta":{"footnotes":""},"class_list":["post-256","page","type-page","status-publish","hentry"],"yoast_head":"<!-- This site is optimized with the Yoast SEO plugin v26.9 - https:\/\/yoast.com\/product\/yoast-seo-wordpress\/ -->\n<title>Suite &#8211; Domina St. Petersburg &#8211;<\/title>\n<meta name=\"robots\" content=\"index, follow, max-snippet:-1, max-image-preview:large, max-video-preview:-1\" \/>\n<link rel=\"canonical\" href=\"https:\/\/spb.dominarussia.com\/fr\/chambres\/suite\/\" \/>\n<meta property=\"og:locale\" content=\"fr_FR\" \/>\n<meta property=\"og:type\" content=\"article\" \/>\n<meta property=\"og:title\" content=\"Suite &#8211; Domina St. Petersburg &#8211;\" \/>\n<meta property=\"og:description\" content=\"Si vous appr\u00e9ciez le confort et le style, les spacieuses suites de 43-44 m2 \u00e0 Domina St. P\u00e9tersbourg seront votre meilleur choix. Leurs fen\u00eatres donnent sur la cour int\u00e9rieure ce qui vous garantit un sommeil rafraichissant et les r\u00eaves les plus doux. Les d\u00e9tails soigneusement pens\u00e9s vous offrent un confort habituel et un vrai chez [&hellip;]\" \/>\n<meta property=\"og:url\" content=\"https:\/\/spb.dominarussia.com\/fr\/chambres\/suite\/\" \/>\n<meta property=\"og:site_name\" content=\"Domina St. Petersburg\" \/>\n<meta property=\"article:modified_time\" content=\"2023-09-20T09:00:21+00:00\" \/>\n<meta name=\"twitter:card\" content=\"summary_large_image\" \/>\n<meta name=\"twitter:label1\" content=\"Dur\u00e9e de lecture estim\u00e9e\" \/>\n\t<meta name=\"twitter:data1\" content=\"1 minute\" \/>\n<script type=\"application\/ld+json\" class=\"yoast-schema-graph\">{\"@context\":\"https:\/\/schema.org\",\"@graph\":[{\"@type\":\"WebPage\",\"@id\":\"https:\/\/spb.dominarussia.com\/fr\/chambres\/suite\/\",\"url\":\"https:\/\/spb.dominarussia.com\/fr\/chambres\/suite\/\",\"name\":\"Suite &#8211; Domina St. Petersburg &#8211;\",\"isPartOf\":{\"@id\":\"https:\/\/spb.dominarussia.com\/fr\/#website\"},\"datePublished\":\"2022-03-21T13:31:10+00:00\",\"dateModified\":\"2023-09-20T09:00:21+00:00\",\"breadcrumb\":{\"@id\":\"https:\/\/spb.dominarussia.com\/fr\/chambres\/suite\/#breadcrumb\"},\"inLanguage\":\"fr-FR\",\"potentialAction\":[{\"@type\":\"ReadAction\",\"target\":[\"https:\/\/spb.dominarussia.com\/fr\/chambres\/suite\/\"]}]},{\"@type\":\"BreadcrumbList\",\"@id\":\"https:\/\/spb.dominarussia.com\/fr\/chambres\/suite\/#breadcrumb\",\"itemListElement\":[{\"@type\":\"ListItem\",\"position\":1,\"name\":\"Home\",\"item\":\"https:\/\/spb.dominarussia.com\/fr\/\"},{\"@type\":\"ListItem\",\"position\":2,\"name\":\"Chambres\",\"item\":\"https:\/\/spb.dominarussia.com\/fr\/chambres\/\"},{\"@type\":\"ListItem\",\"position\":3,\"name\":\"Suite\"}]},{\"@type\":\"WebSite\",\"@id\":\"https:\/\/spb.dominarussia.com\/fr\/#website\",\"url\":\"https:\/\/spb.dominarussia.com\/fr\/\",\"name\":\"Domina St. Petersburg\",\"description\":\"Just another ms.decms.eu site\",\"potentialAction\":[{\"@type\":\"SearchAction\",\"target\":{\"@type\":\"EntryPoint\",\"urlTemplate\":\"https:\/\/spb.dominarussia.com\/fr\/?s={search_term_string}\"},\"query-input\":{\"@type\":\"PropertyValueSpecification\",\"valueRequired\":true,\"valueName\":\"search_term_string\"}}],\"inLanguage\":\"fr-FR\"}]}<\/script>\n<!-- \/ Yoast SEO plugin. -->","yoast_head_json":{"title":"Suite &#8211; Domina St. Petersburg &#8211;","robots":{"index":"index","follow":"follow","max-snippet":"max-snippet:-1","max-image-preview":"max-image-preview:large","max-video-preview":"max-video-preview:-1"},"canonical":"https:\/\/spb.dominarussia.com\/fr\/chambres\/suite\/","og_locale":"fr_FR","og_type":"article","og_title":"Suite &#8211; Domina St. Petersburg &#8211;","og_description":"Si vous appr\u00e9ciez le confort et le style, les spacieuses suites de 43-44 m2 \u00e0 Domina St. P\u00e9tersbourg seront votre meilleur choix. Leurs fen\u00eatres donnent sur la cour int\u00e9rieure ce qui vous garantit un sommeil rafraichissant et les r\u00eaves les plus doux. Les d\u00e9tails soigneusement pens\u00e9s vous offrent un confort habituel et un vrai chez [&hellip;]","og_url":"https:\/\/spb.dominarussia.com\/fr\/chambres\/suite\/","og_site_name":"Domina St. Petersburg","article_modified_time":"2023-09-20T09:00:21+00:00","twitter_card":"summary_large_image","twitter_misc":{"Dur\u00e9e de lecture estim\u00e9e":"1 minute"},"schema":{"@context":"https:\/\/schema.org","@graph":[{"@type":"WebPage","@id":"https:\/\/spb.dominarussia.com\/fr\/chambres\/suite\/","url":"https:\/\/spb.dominarussia.com\/fr\/chambres\/suite\/","name":"Suite &#8211; Domina St. Petersburg &#8211;","isPartOf":{"@id":"https:\/\/spb.dominarussia.com\/fr\/#website"},"datePublished":"2022-03-21T13:31:10+00:00","dateModified":"2023-09-20T09:00:21+00:00","breadcrumb":{"@id":"https:\/\/spb.dominarussia.com\/fr\/chambres\/suite\/#breadcrumb"},"inLanguage":"fr-FR","potentialAction":[{"@type":"ReadAction","target":["https:\/\/spb.dominarussia.com\/fr\/chambres\/suite\/"]}]},{"@type":"BreadcrumbList","@id":"https:\/\/spb.dominarussia.com\/fr\/chambres\/suite\/#breadcrumb","itemListElement":[{"@type":"ListItem","position":1,"name":"Home","item":"https:\/\/spb.dominarussia.com\/fr\/"},{"@type":"ListItem","position":2,"name":"Chambres","item":"https:\/\/spb.dominarussia.com\/fr\/chambres\/"},{"@type":"ListItem","position":3,"name":"Suite"}]},{"@type":"WebSite","@id":"https:\/\/spb.dominarussia.com\/fr\/#website","url":"https:\/\/spb.dominarussia.com\/fr\/","name":"Domina St. Petersburg","description":"Just another ms.decms.eu site","potentialAction":[{"@type":"SearchAction","target":{"@type":"EntryPoint","urlTemplate":"https:\/\/spb.dominarussia.com\/fr\/?s={search_term_string}"},"query-input":{"@type":"PropertyValueSpecification","valueRequired":true,"valueName":"search_term_string"}}],"inLanguage":"fr-FR"}]}},"acf":[],"_links":{"self":[{"href":"https:\/\/spb.dominarussia.com\/fr\/wp-json\/wp\/v2\/pages\/256","targetHints":{"allow":["GET"]}}],"collection":[{"href":"https:\/\/spb.dominarussia.com\/fr\/wp-json\/wp\/v2\/pages"}],"about":[{"href":"https:\/\/spb.dominarussia.com\/fr\/wp-json\/wp\/v2\/types\/page"}],"author":[{"embeddable":true,"href":"https:\/\/spb.dominarussia.com\/fr\/wp-json\/wp\/v2\/users\/17"}],"replies":[{"embeddable":true,"href":"https:\/\/spb.dominarussia.com\/fr\/wp-json\/wp\/v2\/comments?post=256"}],"version-history":[{"count":0,"href":"https:\/\/spb.dominarussia.com\/fr\/wp-json\/wp\/v2\/pages\/256\/revisions"}],"up":[{"embeddable":true,"href":"https:\/\/spb.dominarussia.com\/fr\/wp-json\/wp\/v2\/pages\/152"}],"wp:attachment":[{"href":"https:\/\/spb.dominarussia.com\/fr\/wp-json\/wp\/v2\/media?parent=256"}],"curies":[{"name":"wp","href":"https:\/\/api.w.org\/{rel}","templated":true}]}}