{"id":275,"date":"2022-03-21T13:31:35","date_gmt":"2022-03-21T13:31:35","guid":{"rendered":"https:\/\/domina-st-petersburg.ms.decms.eu\/chambres\/%d0%bf%d1%80%d0%b5%d0%b4%d1%81%d1%82%d0%b0%d0%b2%d0%b8%d1%82%d0%b5%d0%bb%d1%8c%d1%81%d0%ba%d0%b8%d0%b9-%d0%bb%d1%8e%d0%ba%d1%81\/"},"modified":"2022-07-21T13:03:56","modified_gmt":"2022-07-21T13:03:56","slug":"suite-executive","status":"publish","type":"page","link":"https:\/\/spb.dominarussia.com\/fr\/chambres\/suite-executive\/","title":{"rendered":"Suite ex\u00e9cutive"},"content":{"rendered":"<p>Vous venez \u00e0 Saint-P\u00e9tersbourg et ne pouvez pas d\u00e9cider o\u00f9 descendre ? Laissez-vous s\u00e9duire par le charme et le luxe de la Suite ex\u00e9cutive de Domina St. P\u00e9tersbourg occupant un somptueux h\u00f4tel particulier du 19\u00e8me si\u00e8cle. Trois chambres au septi\u00e8me \u00e9tage \u2013 deux chambres et un salon \u2013 sont enti\u00e8rement \u00e0 votre disposition pour rendre votre s\u00e9jour dans la Venise du Nord confortable et f\u00e9\u00e9rique.<\/p>\n<p>Tous les d\u00e9tails d\u2019extra-confort (un sauna privatif, un tapis de massage et les services de masseur sur demande, une s\u00e9lection \u00e9tendue de produit de toilette \u00e0 commencer par le sel de bain et l\u2019\u00e9ponge pour le corps jusqu\u2019\u00e0 un baume au l\u00e8vres) s\u2019ajoutent pour vous envelopper de soins et recr\u00e9er l\u2019atmosph\u00e8re confortable d\u2019un chez soi. Le parfum Tessuto Style finement s\u00e9lectionn\u00e9 compl\u00e8te l\u2019ambiance de la chambre.<\/p>\n<p>La conception lumineuse de la chambre et les couleurs rouges et blancs revigorent et donnent envie d\u2019explorer et de d\u00e9couvrir la beaut\u00e9 aust\u00e8re de la cath\u00e9drale Saint-Isaac, la splendeur de l\u2019Ermitage et du Th\u00e9\u00e2tre Mari\u00efnski, tous situ\u00e9s \u00e0 la distance de marche de l\u2019h\u00f4tel. Les fen\u00eatres de la suite donnent sur une cour calme, o\u00f9 rien ne d\u00e9rangera votre intimit\u00e9 apr\u00e8s une journ\u00e9e bien remplie<\/p>\n","protected":false},"excerpt":{"rendered":"<p>Vous venez \u00e0 Saint-P\u00e9tersbourg et ne pouvez pas d\u00e9cider o\u00f9 descendre ? Laissez-vous s\u00e9duire par le charme et le luxe de la Suite ex\u00e9cutive de Domina St. P\u00e9tersbourg occupant un somptueux h\u00f4tel particulier du 19\u00e8me si\u00e8cle. Trois chambres au septi\u00e8me \u00e9tage \u2013 deux chambres et un salon \u2013 sont enti\u00e8rement \u00e0 votre disposition pour rendre [&hellip;]<\/p>\n","protected":false},"author":17,"featured_media":0,"parent":152,"menu_order":40,"comment_status":"closed","ping_status":"closed","template":"template-room.php","meta":{"footnotes":""},"class_list":["post-275","page","type-page","status-publish","hentry"],"yoast_head":"<!-- This site is optimized with the Yoast SEO plugin v26.9 - https:\/\/yoast.com\/product\/yoast-seo-wordpress\/ -->\n<title>Suite ex\u00e9cutive &#8211; Domina St. Petersburg &#8211;<\/title>\n<meta name=\"robots\" content=\"index, follow, max-snippet:-1, max-image-preview:large, max-video-preview:-1\" \/>\n<link rel=\"canonical\" href=\"https:\/\/spb.dominarussia.com\/fr\/chambres\/suite-executive\/\" \/>\n<meta property=\"og:locale\" content=\"fr_FR\" \/>\n<meta property=\"og:type\" content=\"article\" \/>\n<meta property=\"og:title\" content=\"Suite ex\u00e9cutive &#8211; Domina St. Petersburg &#8211;\" \/>\n<meta property=\"og:description\" content=\"Vous venez \u00e0 Saint-P\u00e9tersbourg et ne pouvez pas d\u00e9cider o\u00f9 descendre ? Laissez-vous s\u00e9duire par le charme et le luxe de la Suite ex\u00e9cutive de Domina St. P\u00e9tersbourg occupant un somptueux h\u00f4tel particulier du 19\u00e8me si\u00e8cle. Trois chambres au septi\u00e8me \u00e9tage \u2013 deux chambres et un salon \u2013 sont enti\u00e8rement \u00e0 votre disposition pour rendre [&hellip;]\" \/>\n<meta property=\"og:url\" content=\"https:\/\/spb.dominarussia.com\/fr\/chambres\/suite-executive\/\" \/>\n<meta property=\"og:site_name\" content=\"Domina St. Petersburg\" \/>\n<meta property=\"article:modified_time\" content=\"2022-07-21T13:03:56+00:00\" \/>\n<meta name=\"twitter:card\" content=\"summary_large_image\" \/>\n<meta name=\"twitter:label1\" content=\"Dur\u00e9e de lecture estim\u00e9e\" \/>\n\t<meta name=\"twitter:data1\" content=\"1 minute\" \/>\n<script type=\"application\/ld+json\" class=\"yoast-schema-graph\">{\"@context\":\"https:\/\/schema.org\",\"@graph\":[{\"@type\":\"WebPage\",\"@id\":\"https:\/\/spb.dominarussia.com\/fr\/chambres\/suite-executive\/\",\"url\":\"https:\/\/spb.dominarussia.com\/fr\/chambres\/suite-executive\/\",\"name\":\"Suite ex\u00e9cutive &#8211; Domina St. Petersburg &#8211;\",\"isPartOf\":{\"@id\":\"https:\/\/spb.dominarussia.com\/fr\/#website\"},\"datePublished\":\"2022-03-21T13:31:35+00:00\",\"dateModified\":\"2022-07-21T13:03:56+00:00\",\"breadcrumb\":{\"@id\":\"https:\/\/spb.dominarussia.com\/fr\/chambres\/suite-executive\/#breadcrumb\"},\"inLanguage\":\"fr-FR\",\"potentialAction\":[{\"@type\":\"ReadAction\",\"target\":[\"https:\/\/spb.dominarussia.com\/fr\/chambres\/suite-executive\/\"]}]},{\"@type\":\"BreadcrumbList\",\"@id\":\"https:\/\/spb.dominarussia.com\/fr\/chambres\/suite-executive\/#breadcrumb\",\"itemListElement\":[{\"@type\":\"ListItem\",\"position\":1,\"name\":\"Home\",\"item\":\"https:\/\/spb.dominarussia.com\/fr\/\"},{\"@type\":\"ListItem\",\"position\":2,\"name\":\"Chambres\",\"item\":\"https:\/\/spb.dominarussia.com\/fr\/chambres\/\"},{\"@type\":\"ListItem\",\"position\":3,\"name\":\"Suite ex\u00e9cutive\"}]},{\"@type\":\"WebSite\",\"@id\":\"https:\/\/spb.dominarussia.com\/fr\/#website\",\"url\":\"https:\/\/spb.dominarussia.com\/fr\/\",\"name\":\"Domina St. Petersburg\",\"description\":\"Just another ms.decms.eu site\",\"potentialAction\":[{\"@type\":\"SearchAction\",\"target\":{\"@type\":\"EntryPoint\",\"urlTemplate\":\"https:\/\/spb.dominarussia.com\/fr\/?s={search_term_string}\"},\"query-input\":{\"@type\":\"PropertyValueSpecification\",\"valueRequired\":true,\"valueName\":\"search_term_string\"}}],\"inLanguage\":\"fr-FR\"}]}<\/script>\n<!-- \/ Yoast SEO plugin. -->","yoast_head_json":{"title":"Suite ex\u00e9cutive &#8211; Domina St. Petersburg &#8211;","robots":{"index":"index","follow":"follow","max-snippet":"max-snippet:-1","max-image-preview":"max-image-preview:large","max-video-preview":"max-video-preview:-1"},"canonical":"https:\/\/spb.dominarussia.com\/fr\/chambres\/suite-executive\/","og_locale":"fr_FR","og_type":"article","og_title":"Suite ex\u00e9cutive &#8211; Domina St. Petersburg &#8211;","og_description":"Vous venez \u00e0 Saint-P\u00e9tersbourg et ne pouvez pas d\u00e9cider o\u00f9 descendre ? Laissez-vous s\u00e9duire par le charme et le luxe de la Suite ex\u00e9cutive de Domina St. P\u00e9tersbourg occupant un somptueux h\u00f4tel particulier du 19\u00e8me si\u00e8cle. Trois chambres au septi\u00e8me \u00e9tage \u2013 deux chambres et un salon \u2013 sont enti\u00e8rement \u00e0 votre disposition pour rendre [&hellip;]","og_url":"https:\/\/spb.dominarussia.com\/fr\/chambres\/suite-executive\/","og_site_name":"Domina St. Petersburg","article_modified_time":"2022-07-21T13:03:56+00:00","twitter_card":"summary_large_image","twitter_misc":{"Dur\u00e9e de lecture estim\u00e9e":"1 minute"},"schema":{"@context":"https:\/\/schema.org","@graph":[{"@type":"WebPage","@id":"https:\/\/spb.dominarussia.com\/fr\/chambres\/suite-executive\/","url":"https:\/\/spb.dominarussia.com\/fr\/chambres\/suite-executive\/","name":"Suite ex\u00e9cutive &#8211; Domina St. Petersburg &#8211;","isPartOf":{"@id":"https:\/\/spb.dominarussia.com\/fr\/#website"},"datePublished":"2022-03-21T13:31:35+00:00","dateModified":"2022-07-21T13:03:56+00:00","breadcrumb":{"@id":"https:\/\/spb.dominarussia.com\/fr\/chambres\/suite-executive\/#breadcrumb"},"inLanguage":"fr-FR","potentialAction":[{"@type":"ReadAction","target":["https:\/\/spb.dominarussia.com\/fr\/chambres\/suite-executive\/"]}]},{"@type":"BreadcrumbList","@id":"https:\/\/spb.dominarussia.com\/fr\/chambres\/suite-executive\/#breadcrumb","itemListElement":[{"@type":"ListItem","position":1,"name":"Home","item":"https:\/\/spb.dominarussia.com\/fr\/"},{"@type":"ListItem","position":2,"name":"Chambres","item":"https:\/\/spb.dominarussia.com\/fr\/chambres\/"},{"@type":"ListItem","position":3,"name":"Suite ex\u00e9cutive"}]},{"@type":"WebSite","@id":"https:\/\/spb.dominarussia.com\/fr\/#website","url":"https:\/\/spb.dominarussia.com\/fr\/","name":"Domina St. Petersburg","description":"Just another ms.decms.eu site","potentialAction":[{"@type":"SearchAction","target":{"@type":"EntryPoint","urlTemplate":"https:\/\/spb.dominarussia.com\/fr\/?s={search_term_string}"},"query-input":{"@type":"PropertyValueSpecification","valueRequired":true,"valueName":"search_term_string"}}],"inLanguage":"fr-FR"}]}},"acf":[],"_links":{"self":[{"href":"https:\/\/spb.dominarussia.com\/fr\/wp-json\/wp\/v2\/pages\/275","targetHints":{"allow":["GET"]}}],"collection":[{"href":"https:\/\/spb.dominarussia.com\/fr\/wp-json\/wp\/v2\/pages"}],"about":[{"href":"https:\/\/spb.dominarussia.com\/fr\/wp-json\/wp\/v2\/types\/page"}],"author":[{"embeddable":true,"href":"https:\/\/spb.dominarussia.com\/fr\/wp-json\/wp\/v2\/users\/17"}],"replies":[{"embeddable":true,"href":"https:\/\/spb.dominarussia.com\/fr\/wp-json\/wp\/v2\/comments?post=275"}],"version-history":[{"count":0,"href":"https:\/\/spb.dominarussia.com\/fr\/wp-json\/wp\/v2\/pages\/275\/revisions"}],"up":[{"embeddable":true,"href":"https:\/\/spb.dominarussia.com\/fr\/wp-json\/wp\/v2\/pages\/152"}],"wp:attachment":[{"href":"https:\/\/spb.dominarussia.com\/fr\/wp-json\/wp\/v2\/media?parent=275"}],"curies":[{"name":"wp","href":"https:\/\/api.w.org\/{rel}","templated":true}]}}