{"id":308,"date":"2022-04-05T14:31:50","date_gmt":"2022-04-05T14:31:50","guid":{"rendered":"https:\/\/domina-st-petersburg.ms.decms.eu\/?page_id=308"},"modified":"2023-05-30T14:15:23","modified_gmt":"2023-05-30T14:15:23","slug":"restaurant-arcobaleno","status":"publish","type":"page","link":"https:\/\/spb.dominarussia.com\/fr\/restaurant-arcobaleno\/","title":{"rendered":"Restaurant Arcobaleno"},"content":{"rendered":"<p>Le restaurant Arcobaleno (\u00ab\u00a0arc-en-ciel\u00a0\u00bb en italien) de l\u2019h\u00f4tel Domina St. P\u00e9tersbourg vous accueille par toute une palette de saveurs de la haute cuisine et un service chaleureux et attentionn\u00e9.<\/p>\n<p>Consultez la carte du restaurant sur notre site et venez profiter de l\u2019arc-en-ciel des saveurs exquis dans l\u2019atmosph\u00e8re sereine de l\u2019Arcobaleno.<\/p>\n<p>R\u00e9servez une table au <a href=\"tel:+78123851292\">+7 (812) 385 12 92<\/a><\/p>\n","protected":false},"excerpt":{"rendered":"<p>Le restaurant Arcobaleno (\u00ab\u00a0arc-en-ciel\u00a0\u00bb en italien) de l\u2019h\u00f4tel Domina St. P\u00e9tersbourg vous accueille par toute une palette de saveurs de la haute cuisine et un service chaleureux et attentionn\u00e9. Consultez la carte du restaurant sur notre site et venez profiter de l\u2019arc-en-ciel des saveurs exquis dans l\u2019atmosph\u00e8re sereine de l\u2019Arcobaleno. R\u00e9servez une table au +7 [&hellip;]<\/p>\n","protected":false},"author":7,"featured_media":0,"parent":0,"menu_order":10,"comment_status":"closed","ping_status":"closed","template":"","meta":{"footnotes":""},"class_list":["post-308","page","type-page","status-publish","hentry"],"yoast_head":"<!-- This site is optimized with the Yoast SEO plugin v26.9 - https:\/\/yoast.com\/product\/yoast-seo-wordpress\/ -->\n<title>Restaurant Arcobaleno &#8211; Domina St. Petersburg &#8211;<\/title>\n<meta name=\"robots\" content=\"index, follow, max-snippet:-1, max-image-preview:large, max-video-preview:-1\" \/>\n<link rel=\"canonical\" href=\"https:\/\/spb.dominarussia.com\/fr\/restaurant-arcobaleno\/\" \/>\n<meta property=\"og:locale\" content=\"fr_FR\" \/>\n<meta property=\"og:type\" content=\"article\" \/>\n<meta property=\"og:title\" content=\"Restaurant Arcobaleno &#8211; Domina St. Petersburg &#8211;\" \/>\n<meta property=\"og:description\" content=\"Le restaurant Arcobaleno (\u00ab\u00a0arc-en-ciel\u00a0\u00bb en italien) de l\u2019h\u00f4tel Domina St. P\u00e9tersbourg vous accueille par toute une palette de saveurs de la haute cuisine et un service chaleureux et attentionn\u00e9. Consultez la carte du restaurant sur notre site et venez profiter de l\u2019arc-en-ciel des saveurs exquis dans l\u2019atmosph\u00e8re sereine de l\u2019Arcobaleno. R\u00e9servez une table au +7 [&hellip;]\" \/>\n<meta property=\"og:url\" content=\"https:\/\/spb.dominarussia.com\/fr\/restaurant-arcobaleno\/\" \/>\n<meta property=\"og:site_name\" content=\"Domina St. Petersburg\" \/>\n<meta property=\"article:modified_time\" content=\"2023-05-30T14:15:23+00:00\" \/>\n<meta name=\"twitter:card\" content=\"summary_large_image\" \/>\n<meta name=\"twitter:label1\" content=\"Dur\u00e9e de lecture estim\u00e9e\" \/>\n\t<meta name=\"twitter:data1\" content=\"1 minute\" \/>\n<script type=\"application\/ld+json\" class=\"yoast-schema-graph\">{\"@context\":\"https:\/\/schema.org\",\"@graph\":[{\"@type\":\"WebPage\",\"@id\":\"https:\/\/spb.dominarussia.com\/fr\/restaurant-arcobaleno\/\",\"url\":\"https:\/\/spb.dominarussia.com\/fr\/restaurant-arcobaleno\/\",\"name\":\"Restaurant Arcobaleno &#8211; Domina St. Petersburg &#8211;\",\"isPartOf\":{\"@id\":\"https:\/\/spb.dominarussia.com\/fr\/#website\"},\"datePublished\":\"2022-04-05T14:31:50+00:00\",\"dateModified\":\"2023-05-30T14:15:23+00:00\",\"breadcrumb\":{\"@id\":\"https:\/\/spb.dominarussia.com\/fr\/restaurant-arcobaleno\/#breadcrumb\"},\"inLanguage\":\"fr-FR\",\"potentialAction\":[{\"@type\":\"ReadAction\",\"target\":[\"https:\/\/spb.dominarussia.com\/fr\/restaurant-arcobaleno\/\"]}]},{\"@type\":\"BreadcrumbList\",\"@id\":\"https:\/\/spb.dominarussia.com\/fr\/restaurant-arcobaleno\/#breadcrumb\",\"itemListElement\":[{\"@type\":\"ListItem\",\"position\":1,\"name\":\"Home\",\"item\":\"https:\/\/spb.dominarussia.com\/fr\/\"},{\"@type\":\"ListItem\",\"position\":2,\"name\":\"Restaurant et Bar\",\"item\":\"https:\/\/spb.dominarussia.com\/fr\/restaurant-et-bar\/\"},{\"@type\":\"ListItem\",\"position\":3,\"name\":\"Restaurant Arcobaleno\"}]},{\"@type\":\"WebSite\",\"@id\":\"https:\/\/spb.dominarussia.com\/fr\/#website\",\"url\":\"https:\/\/spb.dominarussia.com\/fr\/\",\"name\":\"Domina St. Petersburg\",\"description\":\"Just another ms.decms.eu site\",\"potentialAction\":[{\"@type\":\"SearchAction\",\"target\":{\"@type\":\"EntryPoint\",\"urlTemplate\":\"https:\/\/spb.dominarussia.com\/fr\/?s={search_term_string}\"},\"query-input\":{\"@type\":\"PropertyValueSpecification\",\"valueRequired\":true,\"valueName\":\"search_term_string\"}}],\"inLanguage\":\"fr-FR\"}]}<\/script>\n<!-- \/ Yoast SEO plugin. -->","yoast_head_json":{"title":"Restaurant Arcobaleno &#8211; Domina St. Petersburg &#8211;","robots":{"index":"index","follow":"follow","max-snippet":"max-snippet:-1","max-image-preview":"max-image-preview:large","max-video-preview":"max-video-preview:-1"},"canonical":"https:\/\/spb.dominarussia.com\/fr\/restaurant-arcobaleno\/","og_locale":"fr_FR","og_type":"article","og_title":"Restaurant Arcobaleno &#8211; Domina St. Petersburg &#8211;","og_description":"Le restaurant Arcobaleno (\u00ab\u00a0arc-en-ciel\u00a0\u00bb en italien) de l\u2019h\u00f4tel Domina St. P\u00e9tersbourg vous accueille par toute une palette de saveurs de la haute cuisine et un service chaleureux et attentionn\u00e9. Consultez la carte du restaurant sur notre site et venez profiter de l\u2019arc-en-ciel des saveurs exquis dans l\u2019atmosph\u00e8re sereine de l\u2019Arcobaleno. R\u00e9servez une table au +7 [&hellip;]","og_url":"https:\/\/spb.dominarussia.com\/fr\/restaurant-arcobaleno\/","og_site_name":"Domina St. Petersburg","article_modified_time":"2023-05-30T14:15:23+00:00","twitter_card":"summary_large_image","twitter_misc":{"Dur\u00e9e de lecture estim\u00e9e":"1 minute"},"schema":{"@context":"https:\/\/schema.org","@graph":[{"@type":"WebPage","@id":"https:\/\/spb.dominarussia.com\/fr\/restaurant-arcobaleno\/","url":"https:\/\/spb.dominarussia.com\/fr\/restaurant-arcobaleno\/","name":"Restaurant Arcobaleno &#8211; Domina St. Petersburg &#8211;","isPartOf":{"@id":"https:\/\/spb.dominarussia.com\/fr\/#website"},"datePublished":"2022-04-05T14:31:50+00:00","dateModified":"2023-05-30T14:15:23+00:00","breadcrumb":{"@id":"https:\/\/spb.dominarussia.com\/fr\/restaurant-arcobaleno\/#breadcrumb"},"inLanguage":"fr-FR","potentialAction":[{"@type":"ReadAction","target":["https:\/\/spb.dominarussia.com\/fr\/restaurant-arcobaleno\/"]}]},{"@type":"BreadcrumbList","@id":"https:\/\/spb.dominarussia.com\/fr\/restaurant-arcobaleno\/#breadcrumb","itemListElement":[{"@type":"ListItem","position":1,"name":"Home","item":"https:\/\/spb.dominarussia.com\/fr\/"},{"@type":"ListItem","position":2,"name":"Restaurant et Bar","item":"https:\/\/spb.dominarussia.com\/fr\/restaurant-et-bar\/"},{"@type":"ListItem","position":3,"name":"Restaurant Arcobaleno"}]},{"@type":"WebSite","@id":"https:\/\/spb.dominarussia.com\/fr\/#website","url":"https:\/\/spb.dominarussia.com\/fr\/","name":"Domina St. Petersburg","description":"Just another ms.decms.eu site","potentialAction":[{"@type":"SearchAction","target":{"@type":"EntryPoint","urlTemplate":"https:\/\/spb.dominarussia.com\/fr\/?s={search_term_string}"},"query-input":{"@type":"PropertyValueSpecification","valueRequired":true,"valueName":"search_term_string"}}],"inLanguage":"fr-FR"}]}},"acf":[],"_links":{"self":[{"href":"https:\/\/spb.dominarussia.com\/fr\/wp-json\/wp\/v2\/pages\/308","targetHints":{"allow":["GET"]}}],"collection":[{"href":"https:\/\/spb.dominarussia.com\/fr\/wp-json\/wp\/v2\/pages"}],"about":[{"href":"https:\/\/spb.dominarussia.com\/fr\/wp-json\/wp\/v2\/types\/page"}],"author":[{"embeddable":true,"href":"https:\/\/spb.dominarussia.com\/fr\/wp-json\/wp\/v2\/users\/7"}],"replies":[{"embeddable":true,"href":"https:\/\/spb.dominarussia.com\/fr\/wp-json\/wp\/v2\/comments?post=308"}],"version-history":[{"count":0,"href":"https:\/\/spb.dominarussia.com\/fr\/wp-json\/wp\/v2\/pages\/308\/revisions"}],"wp:attachment":[{"href":"https:\/\/spb.dominarussia.com\/fr\/wp-json\/wp\/v2\/media?parent=308"}],"curies":[{"name":"wp","href":"https:\/\/api.w.org\/{rel}","templated":true}]}}