{"id":351,"date":"2022-04-05T15:38:19","date_gmt":"2022-04-05T15:38:19","guid":{"rendered":"https:\/\/domina-st-petersburg.ms.decms.eu\/?page_id=351"},"modified":"2024-12-02T09:30:59","modified_gmt":"2024-12-02T09:30:59","slug":"bar-a-cocktails-nove","status":"publish","type":"page","link":"https:\/\/spb.dominarussia.com\/fr\/restaurant-et-bar\/bar-a-cocktails-nove\/","title":{"rendered":"Bar \u00e0 cocktails Nove"},"content":{"rendered":"<p>Un bar italien au c\u0153ur de Saint-P\u00e9tersbourg qui vous propose une riche carte des vins, des limonades maison, sangria, antipasti g\u00e9n\u00e9reux et un espresso parfait. Le meilleur endroit pour prendre un cocktail avant d\u2019aller voir un ballet ou un op\u00e9ra au th\u00e9\u00e2tre Mari\u00efnski ou pour venir en t\u00eate-\u00e0-t\u00eate romantique. Nous vous donnons rendez-vous sur les canap\u00e9s orange dans les \u00e9tincelles de cristal sous le regard bienveillant de Marfa moustachue et de Dosto\u00efevski somnolant derri\u00e8re le comptoir.<\/p>\n<p><strong>On y trouve aussi une salle secr\u00e8te pour des r\u00e9unions particuli\u00e8rement importantes, avec une vue canonique p\u00e9tersbourgeoise sur la rivi\u00e8re depuis les fen\u00eatres.<\/strong><\/p>\n<p style=\"text-align: center\">R\u00e9servez votre table. T\u00e9l\u00e9phonez-nous: <a href=\"tel:+78123851565\">+7 (812) 385 15 65<\/a><\/p>\n<div class=\"responsive-iframe\"><iframe loading=\"lazy\" style=\"border: 0\" src=\"https:\/\/www.google.com\/maps\/embed?pb=!4v1681983926886!6m8!1m7!1sCAoSLEFGMVFpcE1FUFMwaTV4XzVnS0h1UUVTaDdkX193TDQ1VTRuN0lFSjk1WUM3!2m2!1d59.93110244919266!2d30.30421245767184!3f328.15!4f-5.109999999999999!5f0.5970117501821992\" width=\"600\" height=\"450\" allowfullscreen=\"allowfullscreen\"><\/iframe><\/div>\n","protected":false},"excerpt":{"rendered":"<p>Un bar italien au c\u0153ur de Saint-P\u00e9tersbourg qui vous propose une riche carte des vins, des limonades maison, sangria, antipasti g\u00e9n\u00e9reux et un espresso parfait. Le meilleur endroit pour prendre un cocktail avant d\u2019aller voir un ballet ou un op\u00e9ra au th\u00e9\u00e2tre Mari\u00efnski ou pour venir en t\u00eate-\u00e0-t\u00eate romantique. Nous vous donnons rendez-vous sur les [&hellip;]<\/p>\n","protected":false},"author":7,"featured_media":0,"parent":297,"menu_order":20,"comment_status":"closed","ping_status":"closed","template":"","meta":{"footnotes":""},"class_list":["post-351","page","type-page","status-publish","hentry"],"yoast_head":"<!-- This site is optimized with the Yoast SEO plugin v26.9 - https:\/\/yoast.com\/product\/yoast-seo-wordpress\/ -->\n<title>Bar \u00e0 cocktails Nove &#8211; Domina St. Petersburg &#8211;<\/title>\n<meta name=\"robots\" content=\"index, follow, max-snippet:-1, max-image-preview:large, max-video-preview:-1\" \/>\n<link rel=\"canonical\" href=\"https:\/\/spb.dominarussia.com\/fr\/restaurant-et-bar\/bar-a-cocktails-nove\/\" \/>\n<meta property=\"og:locale\" content=\"fr_FR\" \/>\n<meta property=\"og:type\" content=\"article\" \/>\n<meta property=\"og:title\" content=\"Bar \u00e0 cocktails Nove &#8211; Domina St. Petersburg &#8211;\" \/>\n<meta property=\"og:description\" content=\"Un bar italien au c\u0153ur de Saint-P\u00e9tersbourg qui vous propose une riche carte des vins, des limonades maison, sangria, antipasti g\u00e9n\u00e9reux et un espresso parfait. Le meilleur endroit pour prendre un cocktail avant d\u2019aller voir un ballet ou un op\u00e9ra au th\u00e9\u00e2tre Mari\u00efnski ou pour venir en t\u00eate-\u00e0-t\u00eate romantique. Nous vous donnons rendez-vous sur les [&hellip;]\" \/>\n<meta property=\"og:url\" content=\"https:\/\/spb.dominarussia.com\/fr\/restaurant-et-bar\/bar-a-cocktails-nove\/\" \/>\n<meta property=\"og:site_name\" content=\"Domina St. Petersburg\" \/>\n<meta property=\"article:modified_time\" content=\"2024-12-02T09:30:59+00:00\" \/>\n<meta name=\"twitter:card\" content=\"summary_large_image\" \/>\n<meta name=\"twitter:label1\" content=\"Dur\u00e9e de lecture estim\u00e9e\" \/>\n\t<meta name=\"twitter:data1\" content=\"1 minute\" \/>\n<script type=\"application\/ld+json\" class=\"yoast-schema-graph\">{\"@context\":\"https:\/\/schema.org\",\"@graph\":[{\"@type\":\"WebPage\",\"@id\":\"https:\/\/spb.dominarussia.com\/fr\/restaurant-et-bar\/bar-a-cocktails-nove\/\",\"url\":\"https:\/\/spb.dominarussia.com\/fr\/restaurant-et-bar\/bar-a-cocktails-nove\/\",\"name\":\"Bar \u00e0 cocktails Nove &#8211; Domina St. Petersburg &#8211;\",\"isPartOf\":{\"@id\":\"https:\/\/spb.dominarussia.com\/fr\/#website\"},\"datePublished\":\"2022-04-05T15:38:19+00:00\",\"dateModified\":\"2024-12-02T09:30:59+00:00\",\"breadcrumb\":{\"@id\":\"https:\/\/spb.dominarussia.com\/fr\/restaurant-et-bar\/bar-a-cocktails-nove\/#breadcrumb\"},\"inLanguage\":\"fr-FR\",\"potentialAction\":[{\"@type\":\"ReadAction\",\"target\":[\"https:\/\/spb.dominarussia.com\/fr\/restaurant-et-bar\/bar-a-cocktails-nove\/\"]}]},{\"@type\":\"BreadcrumbList\",\"@id\":\"https:\/\/spb.dominarussia.com\/fr\/restaurant-et-bar\/bar-a-cocktails-nove\/#breadcrumb\",\"itemListElement\":[{\"@type\":\"ListItem\",\"position\":1,\"name\":\"Home\",\"item\":\"https:\/\/spb.dominarussia.com\/fr\/\"},{\"@type\":\"ListItem\",\"position\":2,\"name\":\"Restaurant et Bar\",\"item\":\"https:\/\/spb.dominarussia.com\/fr\/restaurant-et-bar\/\"},{\"@type\":\"ListItem\",\"position\":3,\"name\":\"Bar \u00e0 cocktails Nove\"}]},{\"@type\":\"WebSite\",\"@id\":\"https:\/\/spb.dominarussia.com\/fr\/#website\",\"url\":\"https:\/\/spb.dominarussia.com\/fr\/\",\"name\":\"Domina St. Petersburg\",\"description\":\"Just another ms.decms.eu site\",\"potentialAction\":[{\"@type\":\"SearchAction\",\"target\":{\"@type\":\"EntryPoint\",\"urlTemplate\":\"https:\/\/spb.dominarussia.com\/fr\/?s={search_term_string}\"},\"query-input\":{\"@type\":\"PropertyValueSpecification\",\"valueRequired\":true,\"valueName\":\"search_term_string\"}}],\"inLanguage\":\"fr-FR\"}]}<\/script>\n<!-- \/ Yoast SEO plugin. -->","yoast_head_json":{"title":"Bar \u00e0 cocktails Nove &#8211; Domina St. Petersburg &#8211;","robots":{"index":"index","follow":"follow","max-snippet":"max-snippet:-1","max-image-preview":"max-image-preview:large","max-video-preview":"max-video-preview:-1"},"canonical":"https:\/\/spb.dominarussia.com\/fr\/restaurant-et-bar\/bar-a-cocktails-nove\/","og_locale":"fr_FR","og_type":"article","og_title":"Bar \u00e0 cocktails Nove &#8211; Domina St. Petersburg &#8211;","og_description":"Un bar italien au c\u0153ur de Saint-P\u00e9tersbourg qui vous propose une riche carte des vins, des limonades maison, sangria, antipasti g\u00e9n\u00e9reux et un espresso parfait. Le meilleur endroit pour prendre un cocktail avant d\u2019aller voir un ballet ou un op\u00e9ra au th\u00e9\u00e2tre Mari\u00efnski ou pour venir en t\u00eate-\u00e0-t\u00eate romantique. Nous vous donnons rendez-vous sur les [&hellip;]","og_url":"https:\/\/spb.dominarussia.com\/fr\/restaurant-et-bar\/bar-a-cocktails-nove\/","og_site_name":"Domina St. Petersburg","article_modified_time":"2024-12-02T09:30:59+00:00","twitter_card":"summary_large_image","twitter_misc":{"Dur\u00e9e de lecture estim\u00e9e":"1 minute"},"schema":{"@context":"https:\/\/schema.org","@graph":[{"@type":"WebPage","@id":"https:\/\/spb.dominarussia.com\/fr\/restaurant-et-bar\/bar-a-cocktails-nove\/","url":"https:\/\/spb.dominarussia.com\/fr\/restaurant-et-bar\/bar-a-cocktails-nove\/","name":"Bar \u00e0 cocktails Nove &#8211; Domina St. Petersburg &#8211;","isPartOf":{"@id":"https:\/\/spb.dominarussia.com\/fr\/#website"},"datePublished":"2022-04-05T15:38:19+00:00","dateModified":"2024-12-02T09:30:59+00:00","breadcrumb":{"@id":"https:\/\/spb.dominarussia.com\/fr\/restaurant-et-bar\/bar-a-cocktails-nove\/#breadcrumb"},"inLanguage":"fr-FR","potentialAction":[{"@type":"ReadAction","target":["https:\/\/spb.dominarussia.com\/fr\/restaurant-et-bar\/bar-a-cocktails-nove\/"]}]},{"@type":"BreadcrumbList","@id":"https:\/\/spb.dominarussia.com\/fr\/restaurant-et-bar\/bar-a-cocktails-nove\/#breadcrumb","itemListElement":[{"@type":"ListItem","position":1,"name":"Home","item":"https:\/\/spb.dominarussia.com\/fr\/"},{"@type":"ListItem","position":2,"name":"Restaurant et Bar","item":"https:\/\/spb.dominarussia.com\/fr\/restaurant-et-bar\/"},{"@type":"ListItem","position":3,"name":"Bar \u00e0 cocktails Nove"}]},{"@type":"WebSite","@id":"https:\/\/spb.dominarussia.com\/fr\/#website","url":"https:\/\/spb.dominarussia.com\/fr\/","name":"Domina St. Petersburg","description":"Just another ms.decms.eu site","potentialAction":[{"@type":"SearchAction","target":{"@type":"EntryPoint","urlTemplate":"https:\/\/spb.dominarussia.com\/fr\/?s={search_term_string}"},"query-input":{"@type":"PropertyValueSpecification","valueRequired":true,"valueName":"search_term_string"}}],"inLanguage":"fr-FR"}]}},"acf":[],"_links":{"self":[{"href":"https:\/\/spb.dominarussia.com\/fr\/wp-json\/wp\/v2\/pages\/351","targetHints":{"allow":["GET"]}}],"collection":[{"href":"https:\/\/spb.dominarussia.com\/fr\/wp-json\/wp\/v2\/pages"}],"about":[{"href":"https:\/\/spb.dominarussia.com\/fr\/wp-json\/wp\/v2\/types\/page"}],"author":[{"embeddable":true,"href":"https:\/\/spb.dominarussia.com\/fr\/wp-json\/wp\/v2\/users\/7"}],"replies":[{"embeddable":true,"href":"https:\/\/spb.dominarussia.com\/fr\/wp-json\/wp\/v2\/comments?post=351"}],"version-history":[{"count":0,"href":"https:\/\/spb.dominarussia.com\/fr\/wp-json\/wp\/v2\/pages\/351\/revisions"}],"up":[{"embeddable":true,"href":"https:\/\/spb.dominarussia.com\/fr\/wp-json\/wp\/v2\/pages\/297"}],"wp:attachment":[{"href":"https:\/\/spb.dominarussia.com\/fr\/wp-json\/wp\/v2\/media?parent=351"}],"curies":[{"name":"wp","href":"https:\/\/api.w.org\/{rel}","templated":true}]}}