{"id":378,"date":"2022-04-06T08:30:17","date_gmt":"2022-04-06T08:30:17","guid":{"rendered":"https:\/\/domina-st-petersburg.ms.decms.eu\/?page_id=378"},"modified":"2022-04-06T08:37:36","modified_gmt":"2022-04-06T08:37:36","slug":"evenements-a-lhotel","status":"publish","type":"page","link":"https:\/\/spb.dominarussia.com\/fr\/evenements-a-lhotel\/","title":{"rendered":"Ev\u00e9nements"},"content":{"rendered":"<p>Domina St. P\u00e9tersbourg accorde une attention particuli\u00e8re aux d\u00e9tails de chaque \u00e9v\u00e9nement. Nous sommes persuad\u00e9s que c\u2019est la cl\u00e9 de la satisfaction de nos clients.<\/p>\n<p>Le concept Domina vous offre une hospitalit\u00e9 sinc\u00e8re compl\u00e9t\u00e9e par l\u2019ambiance confortable de chez soi. Nous le savons bien : c\u2019est ce que cherchent ceux qui viennent \u00e0 Saint-P\u00e9tersbourg en qu\u00eate de nouvelles exp\u00e9riences et ceux qui viennent pour affaires. Que ce soit les affaires ou les vacances, vous avez votre chez soi dans la ville sur la Neva d\u2019o\u00f9 vous pouvez ais\u00e9ment r\u00e9soudre tous les probl\u00e8mes.<\/p>\n<p>Nous sommes pr\u00eats \u00e0 organiser un \u00e9v\u00e9nement qui sera le joyau de vos vacances ou deviendra un \u00e9l\u00e9ment efficace dans votre strat\u00e9gie d\u2019affaires.<\/p>\n","protected":false},"excerpt":{"rendered":"<p>Domina St. P\u00e9tersbourg accorde une attention particuli\u00e8re aux d\u00e9tails de chaque \u00e9v\u00e9nement. Nous sommes persuad\u00e9s que c\u2019est la cl\u00e9 de la satisfaction de nos clients. Le concept Domina vous offre une hospitalit\u00e9 sinc\u00e8re compl\u00e9t\u00e9e par l\u2019ambiance confortable de chez soi. Nous le savons bien : c\u2019est ce que cherchent ceux qui viennent \u00e0 Saint-P\u00e9tersbourg en [&hellip;]<\/p>\n","protected":false},"author":7,"featured_media":0,"parent":0,"menu_order":50,"comment_status":"closed","ping_status":"closed","template":"","meta":{"footnotes":""},"class_list":["post-378","page","type-page","status-publish","hentry"],"yoast_head":"<!-- This site is optimized with the Yoast SEO plugin v26.9 - https:\/\/yoast.com\/product\/yoast-seo-wordpress\/ -->\n<title>Ev\u00e9nements &#8211; Domina St. Petersburg &#8211;<\/title>\n<meta name=\"robots\" content=\"index, follow, max-snippet:-1, max-image-preview:large, max-video-preview:-1\" \/>\n<link rel=\"canonical\" href=\"https:\/\/spb.dominarussia.com\/fr\/evenements-a-lhotel\/\" \/>\n<meta property=\"og:locale\" content=\"fr_FR\" \/>\n<meta property=\"og:type\" content=\"article\" \/>\n<meta property=\"og:title\" content=\"Ev\u00e9nements &#8211; Domina St. Petersburg &#8211;\" \/>\n<meta property=\"og:description\" content=\"Domina St. P\u00e9tersbourg accorde une attention particuli\u00e8re aux d\u00e9tails de chaque \u00e9v\u00e9nement. Nous sommes persuad\u00e9s que c\u2019est la cl\u00e9 de la satisfaction de nos clients. Le concept Domina vous offre une hospitalit\u00e9 sinc\u00e8re compl\u00e9t\u00e9e par l\u2019ambiance confortable de chez soi. Nous le savons bien : c\u2019est ce que cherchent ceux qui viennent \u00e0 Saint-P\u00e9tersbourg en [&hellip;]\" \/>\n<meta property=\"og:url\" content=\"https:\/\/spb.dominarussia.com\/fr\/evenements-a-lhotel\/\" \/>\n<meta property=\"og:site_name\" content=\"Domina St. Petersburg\" \/>\n<meta property=\"article:modified_time\" content=\"2022-04-06T08:37:36+00:00\" \/>\n<meta name=\"twitter:card\" content=\"summary_large_image\" \/>\n<meta name=\"twitter:label1\" content=\"Dur\u00e9e de lecture estim\u00e9e\" \/>\n\t<meta name=\"twitter:data1\" content=\"1 minute\" \/>\n<script type=\"application\/ld+json\" class=\"yoast-schema-graph\">{\"@context\":\"https:\/\/schema.org\",\"@graph\":[{\"@type\":\"WebPage\",\"@id\":\"https:\/\/spb.dominarussia.com\/fr\/evenements-a-lhotel\/\",\"url\":\"https:\/\/spb.dominarussia.com\/fr\/evenements-a-lhotel\/\",\"name\":\"Ev\u00e9nements &#8211; Domina St. Petersburg &#8211;\",\"isPartOf\":{\"@id\":\"https:\/\/spb.dominarussia.com\/fr\/#website\"},\"datePublished\":\"2022-04-06T08:30:17+00:00\",\"dateModified\":\"2022-04-06T08:37:36+00:00\",\"breadcrumb\":{\"@id\":\"https:\/\/spb.dominarussia.com\/fr\/evenements-a-lhotel\/#breadcrumb\"},\"inLanguage\":\"fr-FR\",\"potentialAction\":[{\"@type\":\"ReadAction\",\"target\":[\"https:\/\/spb.dominarussia.com\/fr\/evenements-a-lhotel\/\"]}]},{\"@type\":\"BreadcrumbList\",\"@id\":\"https:\/\/spb.dominarussia.com\/fr\/evenements-a-lhotel\/#breadcrumb\",\"itemListElement\":[{\"@type\":\"ListItem\",\"position\":1,\"name\":\"Home\",\"item\":\"https:\/\/spb.dominarussia.com\/fr\/\"},{\"@type\":\"ListItem\",\"position\":2,\"name\":\"Ev\u00e9nements\"}]},{\"@type\":\"WebSite\",\"@id\":\"https:\/\/spb.dominarussia.com\/fr\/#website\",\"url\":\"https:\/\/spb.dominarussia.com\/fr\/\",\"name\":\"Domina St. Petersburg\",\"description\":\"Just another ms.decms.eu site\",\"potentialAction\":[{\"@type\":\"SearchAction\",\"target\":{\"@type\":\"EntryPoint\",\"urlTemplate\":\"https:\/\/spb.dominarussia.com\/fr\/?s={search_term_string}\"},\"query-input\":{\"@type\":\"PropertyValueSpecification\",\"valueRequired\":true,\"valueName\":\"search_term_string\"}}],\"inLanguage\":\"fr-FR\"}]}<\/script>\n<!-- \/ Yoast SEO plugin. -->","yoast_head_json":{"title":"Ev\u00e9nements &#8211; Domina St. Petersburg &#8211;","robots":{"index":"index","follow":"follow","max-snippet":"max-snippet:-1","max-image-preview":"max-image-preview:large","max-video-preview":"max-video-preview:-1"},"canonical":"https:\/\/spb.dominarussia.com\/fr\/evenements-a-lhotel\/","og_locale":"fr_FR","og_type":"article","og_title":"Ev\u00e9nements &#8211; Domina St. Petersburg &#8211;","og_description":"Domina St. P\u00e9tersbourg accorde une attention particuli\u00e8re aux d\u00e9tails de chaque \u00e9v\u00e9nement. Nous sommes persuad\u00e9s que c\u2019est la cl\u00e9 de la satisfaction de nos clients. Le concept Domina vous offre une hospitalit\u00e9 sinc\u00e8re compl\u00e9t\u00e9e par l\u2019ambiance confortable de chez soi. Nous le savons bien : c\u2019est ce que cherchent ceux qui viennent \u00e0 Saint-P\u00e9tersbourg en [&hellip;]","og_url":"https:\/\/spb.dominarussia.com\/fr\/evenements-a-lhotel\/","og_site_name":"Domina St. Petersburg","article_modified_time":"2022-04-06T08:37:36+00:00","twitter_card":"summary_large_image","twitter_misc":{"Dur\u00e9e de lecture estim\u00e9e":"1 minute"},"schema":{"@context":"https:\/\/schema.org","@graph":[{"@type":"WebPage","@id":"https:\/\/spb.dominarussia.com\/fr\/evenements-a-lhotel\/","url":"https:\/\/spb.dominarussia.com\/fr\/evenements-a-lhotel\/","name":"Ev\u00e9nements &#8211; Domina St. Petersburg &#8211;","isPartOf":{"@id":"https:\/\/spb.dominarussia.com\/fr\/#website"},"datePublished":"2022-04-06T08:30:17+00:00","dateModified":"2022-04-06T08:37:36+00:00","breadcrumb":{"@id":"https:\/\/spb.dominarussia.com\/fr\/evenements-a-lhotel\/#breadcrumb"},"inLanguage":"fr-FR","potentialAction":[{"@type":"ReadAction","target":["https:\/\/spb.dominarussia.com\/fr\/evenements-a-lhotel\/"]}]},{"@type":"BreadcrumbList","@id":"https:\/\/spb.dominarussia.com\/fr\/evenements-a-lhotel\/#breadcrumb","itemListElement":[{"@type":"ListItem","position":1,"name":"Home","item":"https:\/\/spb.dominarussia.com\/fr\/"},{"@type":"ListItem","position":2,"name":"Ev\u00e9nements"}]},{"@type":"WebSite","@id":"https:\/\/spb.dominarussia.com\/fr\/#website","url":"https:\/\/spb.dominarussia.com\/fr\/","name":"Domina St. Petersburg","description":"Just another ms.decms.eu site","potentialAction":[{"@type":"SearchAction","target":{"@type":"EntryPoint","urlTemplate":"https:\/\/spb.dominarussia.com\/fr\/?s={search_term_string}"},"query-input":{"@type":"PropertyValueSpecification","valueRequired":true,"valueName":"search_term_string"}}],"inLanguage":"fr-FR"}]}},"acf":[],"_links":{"self":[{"href":"https:\/\/spb.dominarussia.com\/fr\/wp-json\/wp\/v2\/pages\/378","targetHints":{"allow":["GET"]}}],"collection":[{"href":"https:\/\/spb.dominarussia.com\/fr\/wp-json\/wp\/v2\/pages"}],"about":[{"href":"https:\/\/spb.dominarussia.com\/fr\/wp-json\/wp\/v2\/types\/page"}],"author":[{"embeddable":true,"href":"https:\/\/spb.dominarussia.com\/fr\/wp-json\/wp\/v2\/users\/7"}],"replies":[{"embeddable":true,"href":"https:\/\/spb.dominarussia.com\/fr\/wp-json\/wp\/v2\/comments?post=378"}],"version-history":[{"count":0,"href":"https:\/\/spb.dominarussia.com\/fr\/wp-json\/wp\/v2\/pages\/378\/revisions"}],"wp:attachment":[{"href":"https:\/\/spb.dominarussia.com\/fr\/wp-json\/wp\/v2\/media?parent=378"}],"curies":[{"name":"wp","href":"https:\/\/api.w.org\/{rel}","templated":true}]}}