{"id":397,"date":"2022-03-21T13:35:00","date_gmt":"2022-03-21T13:35:00","guid":{"rendered":"https:\/\/domina-st-petersburg.ms.decms.eu\/evenements-a-lhotel\/%d0%ba%d0%be%d0%bd%d1%84%d0%b5%d1%80%d0%b5%d0%bd%d1%86%d0%b8%d0%b8\/"},"modified":"2024-04-19T15:21:14","modified_gmt":"2024-04-19T15:21:14","slug":"conference","status":"publish","type":"page","link":"https:\/\/spb.dominarussia.com\/fr\/evenements-a-lhotel\/conference\/","title":{"rendered":"Conf\u00e9rence"},"content":{"rendered":"<p>\u00c0 Domina St. P\u00e9tersbourg, vous pouvez non seulement vous d\u00e9tendre en toute tranquillit\u00e9 mais \u00e9galement travailler avec confort. Nous sommes heureux d\u2019organiser chez nous vos \u00e9v\u00e9nements d\u2019affaires \u2013 formations, s\u00e9minaires, conf\u00e9rences et r\u00e9unions d\u2019affaires.<\/p>\n","protected":false},"excerpt":{"rendered":"<p>\u00c0 Domina St. P\u00e9tersbourg, vous pouvez non seulement vous d\u00e9tendre en toute tranquillit\u00e9 mais \u00e9galement travailler avec confort. Nous sommes heureux d\u2019organiser chez nous vos \u00e9v\u00e9nements d\u2019affaires \u2013 formations, s\u00e9minaires, conf\u00e9rences et r\u00e9unions d\u2019affaires.<\/p>\n","protected":false},"author":17,"featured_media":0,"parent":378,"menu_order":10,"comment_status":"closed","ping_status":"closed","template":"template-diving-spa-casino.php","meta":{"footnotes":""},"class_list":["post-397","page","type-page","status-publish","hentry"],"yoast_head":"<!-- This site is optimized with the Yoast SEO plugin v26.9 - https:\/\/yoast.com\/product\/yoast-seo-wordpress\/ -->\n<title>Conf\u00e9rence &#8211; Domina St. Petersburg &#8211;<\/title>\n<meta name=\"robots\" content=\"index, follow, max-snippet:-1, max-image-preview:large, max-video-preview:-1\" \/>\n<link rel=\"canonical\" href=\"https:\/\/spb.dominarussia.com\/fr\/evenements-a-lhotel\/conference\/\" \/>\n<meta property=\"og:locale\" content=\"fr_FR\" \/>\n<meta property=\"og:type\" content=\"article\" \/>\n<meta property=\"og:title\" content=\"Conf\u00e9rence &#8211; Domina St. Petersburg &#8211;\" \/>\n<meta property=\"og:description\" content=\"\u00c0 Domina St. P\u00e9tersbourg, vous pouvez non seulement vous d\u00e9tendre en toute tranquillit\u00e9 mais \u00e9galement travailler avec confort. Nous sommes heureux d\u2019organiser chez nous vos \u00e9v\u00e9nements d\u2019affaires \u2013 formations, s\u00e9minaires, conf\u00e9rences et r\u00e9unions d\u2019affaires.\" \/>\n<meta property=\"og:url\" content=\"https:\/\/spb.dominarussia.com\/fr\/evenements-a-lhotel\/conference\/\" \/>\n<meta property=\"og:site_name\" content=\"Domina St. Petersburg\" \/>\n<meta property=\"article:modified_time\" content=\"2024-04-19T15:21:14+00:00\" \/>\n<meta name=\"twitter:card\" content=\"summary_large_image\" \/>\n<meta name=\"twitter:label1\" content=\"Dur\u00e9e de lecture estim\u00e9e\" \/>\n\t<meta name=\"twitter:data1\" content=\"1 minute\" \/>\n<script type=\"application\/ld+json\" class=\"yoast-schema-graph\">{\"@context\":\"https:\/\/schema.org\",\"@graph\":[{\"@type\":\"WebPage\",\"@id\":\"https:\/\/spb.dominarussia.com\/fr\/evenements-a-lhotel\/conference\/\",\"url\":\"https:\/\/spb.dominarussia.com\/fr\/evenements-a-lhotel\/conference\/\",\"name\":\"Conf\u00e9rence &#8211; Domina St. Petersburg &#8211;\",\"isPartOf\":{\"@id\":\"https:\/\/spb.dominarussia.com\/fr\/#website\"},\"datePublished\":\"2022-03-21T13:35:00+00:00\",\"dateModified\":\"2024-04-19T15:21:14+00:00\",\"breadcrumb\":{\"@id\":\"https:\/\/spb.dominarussia.com\/fr\/evenements-a-lhotel\/conference\/#breadcrumb\"},\"inLanguage\":\"fr-FR\",\"potentialAction\":[{\"@type\":\"ReadAction\",\"target\":[\"https:\/\/spb.dominarussia.com\/fr\/evenements-a-lhotel\/conference\/\"]}]},{\"@type\":\"BreadcrumbList\",\"@id\":\"https:\/\/spb.dominarussia.com\/fr\/evenements-a-lhotel\/conference\/#breadcrumb\",\"itemListElement\":[{\"@type\":\"ListItem\",\"position\":1,\"name\":\"Home\",\"item\":\"https:\/\/spb.dominarussia.com\/fr\/\"},{\"@type\":\"ListItem\",\"position\":2,\"name\":\"Ev\u00e9nements\",\"item\":\"https:\/\/spb.dominarussia.com\/fr\/evenements-a-lhotel\/\"},{\"@type\":\"ListItem\",\"position\":3,\"name\":\"Conf\u00e9rence\"}]},{\"@type\":\"WebSite\",\"@id\":\"https:\/\/spb.dominarussia.com\/fr\/#website\",\"url\":\"https:\/\/spb.dominarussia.com\/fr\/\",\"name\":\"Domina St. Petersburg\",\"description\":\"Just another ms.decms.eu site\",\"potentialAction\":[{\"@type\":\"SearchAction\",\"target\":{\"@type\":\"EntryPoint\",\"urlTemplate\":\"https:\/\/spb.dominarussia.com\/fr\/?s={search_term_string}\"},\"query-input\":{\"@type\":\"PropertyValueSpecification\",\"valueRequired\":true,\"valueName\":\"search_term_string\"}}],\"inLanguage\":\"fr-FR\"}]}<\/script>\n<!-- \/ Yoast SEO plugin. -->","yoast_head_json":{"title":"Conf\u00e9rence &#8211; Domina St. Petersburg &#8211;","robots":{"index":"index","follow":"follow","max-snippet":"max-snippet:-1","max-image-preview":"max-image-preview:large","max-video-preview":"max-video-preview:-1"},"canonical":"https:\/\/spb.dominarussia.com\/fr\/evenements-a-lhotel\/conference\/","og_locale":"fr_FR","og_type":"article","og_title":"Conf\u00e9rence &#8211; Domina St. Petersburg &#8211;","og_description":"\u00c0 Domina St. P\u00e9tersbourg, vous pouvez non seulement vous d\u00e9tendre en toute tranquillit\u00e9 mais \u00e9galement travailler avec confort. Nous sommes heureux d\u2019organiser chez nous vos \u00e9v\u00e9nements d\u2019affaires \u2013 formations, s\u00e9minaires, conf\u00e9rences et r\u00e9unions d\u2019affaires.","og_url":"https:\/\/spb.dominarussia.com\/fr\/evenements-a-lhotel\/conference\/","og_site_name":"Domina St. Petersburg","article_modified_time":"2024-04-19T15:21:14+00:00","twitter_card":"summary_large_image","twitter_misc":{"Dur\u00e9e de lecture estim\u00e9e":"1 minute"},"schema":{"@context":"https:\/\/schema.org","@graph":[{"@type":"WebPage","@id":"https:\/\/spb.dominarussia.com\/fr\/evenements-a-lhotel\/conference\/","url":"https:\/\/spb.dominarussia.com\/fr\/evenements-a-lhotel\/conference\/","name":"Conf\u00e9rence &#8211; Domina St. Petersburg &#8211;","isPartOf":{"@id":"https:\/\/spb.dominarussia.com\/fr\/#website"},"datePublished":"2022-03-21T13:35:00+00:00","dateModified":"2024-04-19T15:21:14+00:00","breadcrumb":{"@id":"https:\/\/spb.dominarussia.com\/fr\/evenements-a-lhotel\/conference\/#breadcrumb"},"inLanguage":"fr-FR","potentialAction":[{"@type":"ReadAction","target":["https:\/\/spb.dominarussia.com\/fr\/evenements-a-lhotel\/conference\/"]}]},{"@type":"BreadcrumbList","@id":"https:\/\/spb.dominarussia.com\/fr\/evenements-a-lhotel\/conference\/#breadcrumb","itemListElement":[{"@type":"ListItem","position":1,"name":"Home","item":"https:\/\/spb.dominarussia.com\/fr\/"},{"@type":"ListItem","position":2,"name":"Ev\u00e9nements","item":"https:\/\/spb.dominarussia.com\/fr\/evenements-a-lhotel\/"},{"@type":"ListItem","position":3,"name":"Conf\u00e9rence"}]},{"@type":"WebSite","@id":"https:\/\/spb.dominarussia.com\/fr\/#website","url":"https:\/\/spb.dominarussia.com\/fr\/","name":"Domina St. Petersburg","description":"Just another ms.decms.eu site","potentialAction":[{"@type":"SearchAction","target":{"@type":"EntryPoint","urlTemplate":"https:\/\/spb.dominarussia.com\/fr\/?s={search_term_string}"},"query-input":{"@type":"PropertyValueSpecification","valueRequired":true,"valueName":"search_term_string"}}],"inLanguage":"fr-FR"}]}},"acf":[],"_links":{"self":[{"href":"https:\/\/spb.dominarussia.com\/fr\/wp-json\/wp\/v2\/pages\/397","targetHints":{"allow":["GET"]}}],"collection":[{"href":"https:\/\/spb.dominarussia.com\/fr\/wp-json\/wp\/v2\/pages"}],"about":[{"href":"https:\/\/spb.dominarussia.com\/fr\/wp-json\/wp\/v2\/types\/page"}],"author":[{"embeddable":true,"href":"https:\/\/spb.dominarussia.com\/fr\/wp-json\/wp\/v2\/users\/17"}],"replies":[{"embeddable":true,"href":"https:\/\/spb.dominarussia.com\/fr\/wp-json\/wp\/v2\/comments?post=397"}],"version-history":[{"count":0,"href":"https:\/\/spb.dominarussia.com\/fr\/wp-json\/wp\/v2\/pages\/397\/revisions"}],"up":[{"embeddable":true,"href":"https:\/\/spb.dominarussia.com\/fr\/wp-json\/wp\/v2\/pages\/378"}],"wp:attachment":[{"href":"https:\/\/spb.dominarussia.com\/fr\/wp-json\/wp\/v2\/media?parent=397"}],"curies":[{"name":"wp","href":"https:\/\/api.w.org\/{rel}","templated":true}]}}