{"id":426,"date":"2022-03-21T13:35:20","date_gmt":"2022-03-21T13:35:20","guid":{"rendered":"https:\/\/domina-st-petersburg.ms.decms.eu\/evenements-a-lhotel\/%d0%b1%d0%b0%d0%bd%d0%ba%d0%b5%d1%82%d1%8b\/"},"modified":"2023-07-24T09:11:07","modified_gmt":"2023-07-24T09:11:07","slug":"louer-une-salle-de-banquet","status":"publish","type":"page","link":"https:\/\/spb.dominarussia.com\/fr\/evenements-a-lhotel\/louer-une-salle-de-banquet\/","title":{"rendered":"Banquet"},"content":{"rendered":"<p>L\u2019h\u00f4tel Domina est un espace \u00e9l\u00e9gant de style europ\u00e9en, tout aussi adapt\u00e9 aux \u00e9v\u00e9nements d\u2019affaires qu\u2019aux occasions sociales. Nous vous garantissons qu\u2019en pr\u00e9parant votre \u00e9v\u00e9nement, nous ne laisserons rien au hasard. Un service id\u00e9al, exactement comme on peut s\u2019y attendre quand il s\u2019agit d\u2019un \u00e9tablissement cinq \u00e9toiles. Notre personnel attentif est toujours \u00e0 votre \u00e9coute.<\/p>\n","protected":false},"excerpt":{"rendered":"<p>L\u2019h\u00f4tel Domina est un espace \u00e9l\u00e9gant de style europ\u00e9en, tout aussi adapt\u00e9 aux \u00e9v\u00e9nements d\u2019affaires qu\u2019aux occasions sociales. Nous vous garantissons qu\u2019en pr\u00e9parant votre \u00e9v\u00e9nement, nous ne laisserons rien au hasard. Un service id\u00e9al, exactement comme on peut s\u2019y attendre quand il s\u2019agit d\u2019un \u00e9tablissement cinq \u00e9toiles. Notre personnel attentif est toujours \u00e0 votre \u00e9coute.<\/p>\n","protected":false},"author":17,"featured_media":0,"parent":378,"menu_order":20,"comment_status":"closed","ping_status":"closed","template":"","meta":{"footnotes":""},"class_list":["post-426","page","type-page","status-publish","hentry"],"yoast_head":"<!-- This site is optimized with the Yoast SEO plugin v26.9 - https:\/\/yoast.com\/product\/yoast-seo-wordpress\/ -->\n<title>Banquet &#8211; Domina St. Petersburg &#8211;<\/title>\n<meta name=\"robots\" content=\"index, follow, max-snippet:-1, max-image-preview:large, max-video-preview:-1\" \/>\n<link rel=\"canonical\" href=\"https:\/\/spb.dominarussia.com\/fr\/evenements-a-lhotel\/louer-une-salle-de-banquet\/\" \/>\n<meta property=\"og:locale\" content=\"fr_FR\" \/>\n<meta property=\"og:type\" content=\"article\" \/>\n<meta property=\"og:title\" content=\"Banquet &#8211; Domina St. Petersburg &#8211;\" \/>\n<meta property=\"og:description\" content=\"L\u2019h\u00f4tel Domina est un espace \u00e9l\u00e9gant de style europ\u00e9en, tout aussi adapt\u00e9 aux \u00e9v\u00e9nements d\u2019affaires qu\u2019aux occasions sociales. Nous vous garantissons qu\u2019en pr\u00e9parant votre \u00e9v\u00e9nement, nous ne laisserons rien au hasard. Un service id\u00e9al, exactement comme on peut s\u2019y attendre quand il s\u2019agit d\u2019un \u00e9tablissement cinq \u00e9toiles. Notre personnel attentif est toujours \u00e0 votre \u00e9coute.\" \/>\n<meta property=\"og:url\" content=\"https:\/\/spb.dominarussia.com\/fr\/evenements-a-lhotel\/louer-une-salle-de-banquet\/\" \/>\n<meta property=\"og:site_name\" content=\"Domina St. Petersburg\" \/>\n<meta property=\"article:modified_time\" content=\"2023-07-24T09:11:07+00:00\" \/>\n<meta name=\"twitter:card\" content=\"summary_large_image\" \/>\n<script type=\"application\/ld+json\" class=\"yoast-schema-graph\">{\"@context\":\"https:\/\/schema.org\",\"@graph\":[{\"@type\":\"WebPage\",\"@id\":\"https:\/\/spb.dominarussia.com\/fr\/evenements-a-lhotel\/louer-une-salle-de-banquet\/\",\"url\":\"https:\/\/spb.dominarussia.com\/fr\/evenements-a-lhotel\/louer-une-salle-de-banquet\/\",\"name\":\"Banquet &#8211; Domina St. Petersburg &#8211;\",\"isPartOf\":{\"@id\":\"https:\/\/spb.dominarussia.com\/fr\/#website\"},\"datePublished\":\"2022-03-21T13:35:20+00:00\",\"dateModified\":\"2023-07-24T09:11:07+00:00\",\"breadcrumb\":{\"@id\":\"https:\/\/spb.dominarussia.com\/fr\/evenements-a-lhotel\/louer-une-salle-de-banquet\/#breadcrumb\"},\"inLanguage\":\"fr-FR\",\"potentialAction\":[{\"@type\":\"ReadAction\",\"target\":[\"https:\/\/spb.dominarussia.com\/fr\/evenements-a-lhotel\/louer-une-salle-de-banquet\/\"]}]},{\"@type\":\"BreadcrumbList\",\"@id\":\"https:\/\/spb.dominarussia.com\/fr\/evenements-a-lhotel\/louer-une-salle-de-banquet\/#breadcrumb\",\"itemListElement\":[{\"@type\":\"ListItem\",\"position\":1,\"name\":\"Home\",\"item\":\"https:\/\/spb.dominarussia.com\/fr\/\"},{\"@type\":\"ListItem\",\"position\":2,\"name\":\"Ev\u00e9nements\",\"item\":\"https:\/\/spb.dominarussia.com\/fr\/evenements-a-lhotel\/\"},{\"@type\":\"ListItem\",\"position\":3,\"name\":\"Banquet\"}]},{\"@type\":\"WebSite\",\"@id\":\"https:\/\/spb.dominarussia.com\/fr\/#website\",\"url\":\"https:\/\/spb.dominarussia.com\/fr\/\",\"name\":\"Domina St. Petersburg\",\"description\":\"Just another ms.decms.eu site\",\"potentialAction\":[{\"@type\":\"SearchAction\",\"target\":{\"@type\":\"EntryPoint\",\"urlTemplate\":\"https:\/\/spb.dominarussia.com\/fr\/?s={search_term_string}\"},\"query-input\":{\"@type\":\"PropertyValueSpecification\",\"valueRequired\":true,\"valueName\":\"search_term_string\"}}],\"inLanguage\":\"fr-FR\"}]}<\/script>\n<!-- \/ Yoast SEO plugin. -->","yoast_head_json":{"title":"Banquet &#8211; Domina St. Petersburg &#8211;","robots":{"index":"index","follow":"follow","max-snippet":"max-snippet:-1","max-image-preview":"max-image-preview:large","max-video-preview":"max-video-preview:-1"},"canonical":"https:\/\/spb.dominarussia.com\/fr\/evenements-a-lhotel\/louer-une-salle-de-banquet\/","og_locale":"fr_FR","og_type":"article","og_title":"Banquet &#8211; Domina St. Petersburg &#8211;","og_description":"L\u2019h\u00f4tel Domina est un espace \u00e9l\u00e9gant de style europ\u00e9en, tout aussi adapt\u00e9 aux \u00e9v\u00e9nements d\u2019affaires qu\u2019aux occasions sociales. Nous vous garantissons qu\u2019en pr\u00e9parant votre \u00e9v\u00e9nement, nous ne laisserons rien au hasard. Un service id\u00e9al, exactement comme on peut s\u2019y attendre quand il s\u2019agit d\u2019un \u00e9tablissement cinq \u00e9toiles. Notre personnel attentif est toujours \u00e0 votre \u00e9coute.","og_url":"https:\/\/spb.dominarussia.com\/fr\/evenements-a-lhotel\/louer-une-salle-de-banquet\/","og_site_name":"Domina St. Petersburg","article_modified_time":"2023-07-24T09:11:07+00:00","twitter_card":"summary_large_image","schema":{"@context":"https:\/\/schema.org","@graph":[{"@type":"WebPage","@id":"https:\/\/spb.dominarussia.com\/fr\/evenements-a-lhotel\/louer-une-salle-de-banquet\/","url":"https:\/\/spb.dominarussia.com\/fr\/evenements-a-lhotel\/louer-une-salle-de-banquet\/","name":"Banquet &#8211; Domina St. Petersburg &#8211;","isPartOf":{"@id":"https:\/\/spb.dominarussia.com\/fr\/#website"},"datePublished":"2022-03-21T13:35:20+00:00","dateModified":"2023-07-24T09:11:07+00:00","breadcrumb":{"@id":"https:\/\/spb.dominarussia.com\/fr\/evenements-a-lhotel\/louer-une-salle-de-banquet\/#breadcrumb"},"inLanguage":"fr-FR","potentialAction":[{"@type":"ReadAction","target":["https:\/\/spb.dominarussia.com\/fr\/evenements-a-lhotel\/louer-une-salle-de-banquet\/"]}]},{"@type":"BreadcrumbList","@id":"https:\/\/spb.dominarussia.com\/fr\/evenements-a-lhotel\/louer-une-salle-de-banquet\/#breadcrumb","itemListElement":[{"@type":"ListItem","position":1,"name":"Home","item":"https:\/\/spb.dominarussia.com\/fr\/"},{"@type":"ListItem","position":2,"name":"Ev\u00e9nements","item":"https:\/\/spb.dominarussia.com\/fr\/evenements-a-lhotel\/"},{"@type":"ListItem","position":3,"name":"Banquet"}]},{"@type":"WebSite","@id":"https:\/\/spb.dominarussia.com\/fr\/#website","url":"https:\/\/spb.dominarussia.com\/fr\/","name":"Domina St. Petersburg","description":"Just another ms.decms.eu site","potentialAction":[{"@type":"SearchAction","target":{"@type":"EntryPoint","urlTemplate":"https:\/\/spb.dominarussia.com\/fr\/?s={search_term_string}"},"query-input":{"@type":"PropertyValueSpecification","valueRequired":true,"valueName":"search_term_string"}}],"inLanguage":"fr-FR"}]}},"acf":[],"_links":{"self":[{"href":"https:\/\/spb.dominarussia.com\/fr\/wp-json\/wp\/v2\/pages\/426","targetHints":{"allow":["GET"]}}],"collection":[{"href":"https:\/\/spb.dominarussia.com\/fr\/wp-json\/wp\/v2\/pages"}],"about":[{"href":"https:\/\/spb.dominarussia.com\/fr\/wp-json\/wp\/v2\/types\/page"}],"author":[{"embeddable":true,"href":"https:\/\/spb.dominarussia.com\/fr\/wp-json\/wp\/v2\/users\/17"}],"replies":[{"embeddable":true,"href":"https:\/\/spb.dominarussia.com\/fr\/wp-json\/wp\/v2\/comments?post=426"}],"version-history":[{"count":0,"href":"https:\/\/spb.dominarussia.com\/fr\/wp-json\/wp\/v2\/pages\/426\/revisions"}],"up":[{"embeddable":true,"href":"https:\/\/spb.dominarussia.com\/fr\/wp-json\/wp\/v2\/pages\/378"}],"wp:attachment":[{"href":"https:\/\/spb.dominarussia.com\/fr\/wp-json\/wp\/v2\/media?parent=426"}],"curies":[{"name":"wp","href":"https:\/\/api.w.org\/{rel}","templated":true}]}}