{"id":440,"date":"2022-04-06T10:50:26","date_gmt":"2022-04-06T10:50:26","guid":{"rendered":"https:\/\/domina-st-petersburg.ms.decms.eu\/?page_id=440"},"modified":"2022-07-25T08:08:16","modified_gmt":"2022-07-25T08:08:16","slug":"mariages","status":"publish","type":"page","link":"https:\/\/spb.dominarussia.com\/fr\/evenements-a-lhotel\/mariages\/","title":{"rendered":"Mariages"},"content":{"rendered":"<p>\u00cates-vous \u00e0 la recherche d\u2019un endroit sp\u00e9cial pour votre mariage \u00e0 Saint-P\u00e9tersbourg ? Domina St. P\u00e9tersbourg, un charmant h\u00f4tel italien au c\u0153ur de la ville, satisfait \u00e0 toutes les exigences. Derri\u00e8re les fa\u00e7ades classiques de l\u2019h\u00f4tel particulier du 19\u00e8me si\u00e8cle se cachent des chambres et d\u00e9cors de couleurs \u00e9clatantes et lumineuses. Un d\u00e9cor parfait pour les s\u00e9ances photo de jeunes mari\u00e9s et pour une c\u00e9l\u00e9bration joyeuse, entour\u00e9s d\u2019amis et de famille. Les halls ex\u00e9cut\u00e9s dans des couleurs diff\u00e9rentes, des chambres avec des miroirs vintage, un atrium lumineux et des sculptures myst\u00e9rieuses qui se cachent dans les recoins de cet h\u00f4tel romantique cr\u00e9ent une ambiance vraiment magique et fabuleuse qui sera appr\u00e9ci\u00e9e par tous les participants.<\/p>\n","protected":false},"excerpt":{"rendered":"<p>\u00cates-vous \u00e0 la recherche d\u2019un endroit sp\u00e9cial pour votre mariage \u00e0 Saint-P\u00e9tersbourg ? Domina St. P\u00e9tersbourg, un charmant h\u00f4tel italien au c\u0153ur de la ville, satisfait \u00e0 toutes les exigences. Derri\u00e8re les fa\u00e7ades classiques de l\u2019h\u00f4tel particulier du 19\u00e8me si\u00e8cle se cachent des chambres et d\u00e9cors de couleurs \u00e9clatantes et lumineuses. Un d\u00e9cor parfait pour [&hellip;]<\/p>\n","protected":false},"author":7,"featured_media":0,"parent":378,"menu_order":30,"comment_status":"closed","ping_status":"closed","template":"","meta":{"footnotes":""},"class_list":["post-440","page","type-page","status-publish","hentry"],"yoast_head":"<!-- This site is optimized with the Yoast SEO plugin v26.9 - https:\/\/yoast.com\/product\/yoast-seo-wordpress\/ -->\n<title>Mariages &#8211; Domina St. Petersburg &#8211;<\/title>\n<meta name=\"robots\" content=\"index, follow, max-snippet:-1, max-image-preview:large, max-video-preview:-1\" \/>\n<link rel=\"canonical\" href=\"https:\/\/spb.dominarussia.com\/fr\/evenements-a-lhotel\/mariages\/\" \/>\n<meta property=\"og:locale\" content=\"fr_FR\" \/>\n<meta property=\"og:type\" content=\"article\" \/>\n<meta property=\"og:title\" content=\"Mariages &#8211; Domina St. Petersburg &#8211;\" \/>\n<meta property=\"og:description\" content=\"\u00cates-vous \u00e0 la recherche d\u2019un endroit sp\u00e9cial pour votre mariage \u00e0 Saint-P\u00e9tersbourg ? Domina St. P\u00e9tersbourg, un charmant h\u00f4tel italien au c\u0153ur de la ville, satisfait \u00e0 toutes les exigences. Derri\u00e8re les fa\u00e7ades classiques de l\u2019h\u00f4tel particulier du 19\u00e8me si\u00e8cle se cachent des chambres et d\u00e9cors de couleurs \u00e9clatantes et lumineuses. Un d\u00e9cor parfait pour [&hellip;]\" \/>\n<meta property=\"og:url\" content=\"https:\/\/spb.dominarussia.com\/fr\/evenements-a-lhotel\/mariages\/\" \/>\n<meta property=\"og:site_name\" content=\"Domina St. Petersburg\" \/>\n<meta property=\"article:modified_time\" content=\"2022-07-25T08:08:16+00:00\" \/>\n<meta name=\"twitter:card\" content=\"summary_large_image\" \/>\n<meta name=\"twitter:label1\" content=\"Dur\u00e9e de lecture estim\u00e9e\" \/>\n\t<meta name=\"twitter:data1\" content=\"1 minute\" \/>\n<script type=\"application\/ld+json\" class=\"yoast-schema-graph\">{\"@context\":\"https:\/\/schema.org\",\"@graph\":[{\"@type\":\"WebPage\",\"@id\":\"https:\/\/spb.dominarussia.com\/fr\/evenements-a-lhotel\/mariages\/\",\"url\":\"https:\/\/spb.dominarussia.com\/fr\/evenements-a-lhotel\/mariages\/\",\"name\":\"Mariages &#8211; Domina St. Petersburg &#8211;\",\"isPartOf\":{\"@id\":\"https:\/\/spb.dominarussia.com\/fr\/#website\"},\"datePublished\":\"2022-04-06T10:50:26+00:00\",\"dateModified\":\"2022-07-25T08:08:16+00:00\",\"breadcrumb\":{\"@id\":\"https:\/\/spb.dominarussia.com\/fr\/evenements-a-lhotel\/mariages\/#breadcrumb\"},\"inLanguage\":\"fr-FR\",\"potentialAction\":[{\"@type\":\"ReadAction\",\"target\":[\"https:\/\/spb.dominarussia.com\/fr\/evenements-a-lhotel\/mariages\/\"]}]},{\"@type\":\"BreadcrumbList\",\"@id\":\"https:\/\/spb.dominarussia.com\/fr\/evenements-a-lhotel\/mariages\/#breadcrumb\",\"itemListElement\":[{\"@type\":\"ListItem\",\"position\":1,\"name\":\"Home\",\"item\":\"https:\/\/spb.dominarussia.com\/fr\/\"},{\"@type\":\"ListItem\",\"position\":2,\"name\":\"Ev\u00e9nements\",\"item\":\"https:\/\/spb.dominarussia.com\/fr\/evenements-a-lhotel\/\"},{\"@type\":\"ListItem\",\"position\":3,\"name\":\"Mariages\"}]},{\"@type\":\"WebSite\",\"@id\":\"https:\/\/spb.dominarussia.com\/fr\/#website\",\"url\":\"https:\/\/spb.dominarussia.com\/fr\/\",\"name\":\"Domina St. Petersburg\",\"description\":\"Just another ms.decms.eu site\",\"potentialAction\":[{\"@type\":\"SearchAction\",\"target\":{\"@type\":\"EntryPoint\",\"urlTemplate\":\"https:\/\/spb.dominarussia.com\/fr\/?s={search_term_string}\"},\"query-input\":{\"@type\":\"PropertyValueSpecification\",\"valueRequired\":true,\"valueName\":\"search_term_string\"}}],\"inLanguage\":\"fr-FR\"}]}<\/script>\n<!-- \/ Yoast SEO plugin. -->","yoast_head_json":{"title":"Mariages &#8211; Domina St. Petersburg &#8211;","robots":{"index":"index","follow":"follow","max-snippet":"max-snippet:-1","max-image-preview":"max-image-preview:large","max-video-preview":"max-video-preview:-1"},"canonical":"https:\/\/spb.dominarussia.com\/fr\/evenements-a-lhotel\/mariages\/","og_locale":"fr_FR","og_type":"article","og_title":"Mariages &#8211; Domina St. Petersburg &#8211;","og_description":"\u00cates-vous \u00e0 la recherche d\u2019un endroit sp\u00e9cial pour votre mariage \u00e0 Saint-P\u00e9tersbourg ? Domina St. P\u00e9tersbourg, un charmant h\u00f4tel italien au c\u0153ur de la ville, satisfait \u00e0 toutes les exigences. Derri\u00e8re les fa\u00e7ades classiques de l\u2019h\u00f4tel particulier du 19\u00e8me si\u00e8cle se cachent des chambres et d\u00e9cors de couleurs \u00e9clatantes et lumineuses. Un d\u00e9cor parfait pour [&hellip;]","og_url":"https:\/\/spb.dominarussia.com\/fr\/evenements-a-lhotel\/mariages\/","og_site_name":"Domina St. Petersburg","article_modified_time":"2022-07-25T08:08:16+00:00","twitter_card":"summary_large_image","twitter_misc":{"Dur\u00e9e de lecture estim\u00e9e":"1 minute"},"schema":{"@context":"https:\/\/schema.org","@graph":[{"@type":"WebPage","@id":"https:\/\/spb.dominarussia.com\/fr\/evenements-a-lhotel\/mariages\/","url":"https:\/\/spb.dominarussia.com\/fr\/evenements-a-lhotel\/mariages\/","name":"Mariages &#8211; Domina St. Petersburg &#8211;","isPartOf":{"@id":"https:\/\/spb.dominarussia.com\/fr\/#website"},"datePublished":"2022-04-06T10:50:26+00:00","dateModified":"2022-07-25T08:08:16+00:00","breadcrumb":{"@id":"https:\/\/spb.dominarussia.com\/fr\/evenements-a-lhotel\/mariages\/#breadcrumb"},"inLanguage":"fr-FR","potentialAction":[{"@type":"ReadAction","target":["https:\/\/spb.dominarussia.com\/fr\/evenements-a-lhotel\/mariages\/"]}]},{"@type":"BreadcrumbList","@id":"https:\/\/spb.dominarussia.com\/fr\/evenements-a-lhotel\/mariages\/#breadcrumb","itemListElement":[{"@type":"ListItem","position":1,"name":"Home","item":"https:\/\/spb.dominarussia.com\/fr\/"},{"@type":"ListItem","position":2,"name":"Ev\u00e9nements","item":"https:\/\/spb.dominarussia.com\/fr\/evenements-a-lhotel\/"},{"@type":"ListItem","position":3,"name":"Mariages"}]},{"@type":"WebSite","@id":"https:\/\/spb.dominarussia.com\/fr\/#website","url":"https:\/\/spb.dominarussia.com\/fr\/","name":"Domina St. Petersburg","description":"Just another ms.decms.eu site","potentialAction":[{"@type":"SearchAction","target":{"@type":"EntryPoint","urlTemplate":"https:\/\/spb.dominarussia.com\/fr\/?s={search_term_string}"},"query-input":{"@type":"PropertyValueSpecification","valueRequired":true,"valueName":"search_term_string"}}],"inLanguage":"fr-FR"}]}},"acf":[],"_links":{"self":[{"href":"https:\/\/spb.dominarussia.com\/fr\/wp-json\/wp\/v2\/pages\/440","targetHints":{"allow":["GET"]}}],"collection":[{"href":"https:\/\/spb.dominarussia.com\/fr\/wp-json\/wp\/v2\/pages"}],"about":[{"href":"https:\/\/spb.dominarussia.com\/fr\/wp-json\/wp\/v2\/types\/page"}],"author":[{"embeddable":true,"href":"https:\/\/spb.dominarussia.com\/fr\/wp-json\/wp\/v2\/users\/7"}],"replies":[{"embeddable":true,"href":"https:\/\/spb.dominarussia.com\/fr\/wp-json\/wp\/v2\/comments?post=440"}],"version-history":[{"count":0,"href":"https:\/\/spb.dominarussia.com\/fr\/wp-json\/wp\/v2\/pages\/440\/revisions"}],"up":[{"embeddable":true,"href":"https:\/\/spb.dominarussia.com\/fr\/wp-json\/wp\/v2\/pages\/378"}],"wp:attachment":[{"href":"https:\/\/spb.dominarussia.com\/fr\/wp-json\/wp\/v2\/media?parent=440"}],"curies":[{"name":"wp","href":"https:\/\/api.w.org\/{rel}","templated":true}]}}