{"id":477,"date":"2022-04-06T13:12:53","date_gmt":"2022-04-06T13:12:53","guid":{"rendered":"https:\/\/domina-st-petersburg.ms.decms.eu\/?page_id=477"},"modified":"2022-04-06T13:12:53","modified_gmt":"2022-04-06T13:12:53","slug":"master-classes","status":"publish","type":"page","link":"https:\/\/spb.dominarussia.com\/fr\/evenements-a-lhotel\/master-classes\/","title":{"rendered":"Master classes"},"content":{"rendered":"<p>Souhaitez-vous am\u00e9liorer vos comp\u00e9tences culinaires ? Ou bien voulez-vous faciliter un consensus dans des n\u00e9gociations prolong\u00e9es ? Mieux appr\u00e9cier vos partenariats ? Ou encore, mieux souder votre \u00e9quipe ?<\/p>\n<p>Des cours de cuisine donn\u00e9s par l\u2019\u00e9quipe d\u2019Arcobaleno et les barmans de Nove vont certainement frapper votre imagination ! Nos chefs formateurs vont partager g\u00e9n\u00e9reusement avec vous les secrets d\u2019une cuisine facile et efficace. Nous vous apprendrons \u00e0 confectionner des d\u00e9jeuners gastronomiques de trois plats en une demi-heure tandis que nos barmans vous guideront dans la pr\u00e9paration d\u2019un Daquiri ou d\u2019un Cosmopolitan parfaits avec lesquels vous saurez toujours surprendre vos invit\u00e9s.<\/p>\n","protected":false},"excerpt":{"rendered":"<p>Souhaitez-vous am\u00e9liorer vos comp\u00e9tences culinaires ? Ou bien voulez-vous faciliter un consensus dans des n\u00e9gociations prolong\u00e9es ? Mieux appr\u00e9cier vos partenariats ? Ou encore, mieux souder votre \u00e9quipe ? Des cours de cuisine donn\u00e9s par l\u2019\u00e9quipe d\u2019Arcobaleno et les barmans de Nove vont certainement frapper votre imagination ! Nos chefs formateurs vont partager g\u00e9n\u00e9reusement avec [&hellip;]<\/p>\n","protected":false},"author":7,"featured_media":0,"parent":378,"menu_order":11,"comment_status":"closed","ping_status":"closed","template":"","meta":{"footnotes":""},"class_list":["post-477","page","type-page","status-publish","hentry"],"yoast_head":"<!-- This site is optimized with the Yoast SEO plugin v26.9 - https:\/\/yoast.com\/product\/yoast-seo-wordpress\/ -->\n<title>Master classes &#8211; Domina St. Petersburg &#8211;<\/title>\n<meta name=\"robots\" content=\"index, follow, max-snippet:-1, max-image-preview:large, max-video-preview:-1\" \/>\n<link rel=\"canonical\" href=\"https:\/\/spb.dominarussia.com\/fr\/evenements-a-lhotel\/master-classes\/\" \/>\n<meta property=\"og:locale\" content=\"fr_FR\" \/>\n<meta property=\"og:type\" content=\"article\" \/>\n<meta property=\"og:title\" content=\"Master classes &#8211; Domina St. Petersburg &#8211;\" \/>\n<meta property=\"og:description\" content=\"Souhaitez-vous am\u00e9liorer vos comp\u00e9tences culinaires ? Ou bien voulez-vous faciliter un consensus dans des n\u00e9gociations prolong\u00e9es ? Mieux appr\u00e9cier vos partenariats ? Ou encore, mieux souder votre \u00e9quipe ? Des cours de cuisine donn\u00e9s par l\u2019\u00e9quipe d\u2019Arcobaleno et les barmans de Nove vont certainement frapper votre imagination ! Nos chefs formateurs vont partager g\u00e9n\u00e9reusement avec [&hellip;]\" \/>\n<meta property=\"og:url\" content=\"https:\/\/spb.dominarussia.com\/fr\/evenements-a-lhotel\/master-classes\/\" \/>\n<meta property=\"og:site_name\" content=\"Domina St. Petersburg\" \/>\n<meta name=\"twitter:card\" content=\"summary_large_image\" \/>\n<meta name=\"twitter:label1\" content=\"Dur\u00e9e de lecture estim\u00e9e\" \/>\n\t<meta name=\"twitter:data1\" content=\"1 minute\" \/>\n<script type=\"application\/ld+json\" class=\"yoast-schema-graph\">{\"@context\":\"https:\/\/schema.org\",\"@graph\":[{\"@type\":\"WebPage\",\"@id\":\"https:\/\/spb.dominarussia.com\/fr\/evenements-a-lhotel\/master-classes\/\",\"url\":\"https:\/\/spb.dominarussia.com\/fr\/evenements-a-lhotel\/master-classes\/\",\"name\":\"Master classes &#8211; Domina St. Petersburg &#8211;\",\"isPartOf\":{\"@id\":\"https:\/\/spb.dominarussia.com\/fr\/#website\"},\"datePublished\":\"2022-04-06T13:12:53+00:00\",\"breadcrumb\":{\"@id\":\"https:\/\/spb.dominarussia.com\/fr\/evenements-a-lhotel\/master-classes\/#breadcrumb\"},\"inLanguage\":\"fr-FR\",\"potentialAction\":[{\"@type\":\"ReadAction\",\"target\":[\"https:\/\/spb.dominarussia.com\/fr\/evenements-a-lhotel\/master-classes\/\"]}]},{\"@type\":\"BreadcrumbList\",\"@id\":\"https:\/\/spb.dominarussia.com\/fr\/evenements-a-lhotel\/master-classes\/#breadcrumb\",\"itemListElement\":[{\"@type\":\"ListItem\",\"position\":1,\"name\":\"Home\",\"item\":\"https:\/\/spb.dominarussia.com\/fr\/\"},{\"@type\":\"ListItem\",\"position\":2,\"name\":\"Ev\u00e9nements\",\"item\":\"https:\/\/spb.dominarussia.com\/fr\/evenements-a-lhotel\/\"},{\"@type\":\"ListItem\",\"position\":3,\"name\":\"Master classes\"}]},{\"@type\":\"WebSite\",\"@id\":\"https:\/\/spb.dominarussia.com\/fr\/#website\",\"url\":\"https:\/\/spb.dominarussia.com\/fr\/\",\"name\":\"Domina St. Petersburg\",\"description\":\"Just another ms.decms.eu site\",\"potentialAction\":[{\"@type\":\"SearchAction\",\"target\":{\"@type\":\"EntryPoint\",\"urlTemplate\":\"https:\/\/spb.dominarussia.com\/fr\/?s={search_term_string}\"},\"query-input\":{\"@type\":\"PropertyValueSpecification\",\"valueRequired\":true,\"valueName\":\"search_term_string\"}}],\"inLanguage\":\"fr-FR\"}]}<\/script>\n<!-- \/ Yoast SEO plugin. -->","yoast_head_json":{"title":"Master classes &#8211; Domina St. Petersburg &#8211;","robots":{"index":"index","follow":"follow","max-snippet":"max-snippet:-1","max-image-preview":"max-image-preview:large","max-video-preview":"max-video-preview:-1"},"canonical":"https:\/\/spb.dominarussia.com\/fr\/evenements-a-lhotel\/master-classes\/","og_locale":"fr_FR","og_type":"article","og_title":"Master classes &#8211; Domina St. Petersburg &#8211;","og_description":"Souhaitez-vous am\u00e9liorer vos comp\u00e9tences culinaires ? Ou bien voulez-vous faciliter un consensus dans des n\u00e9gociations prolong\u00e9es ? Mieux appr\u00e9cier vos partenariats ? Ou encore, mieux souder votre \u00e9quipe ? Des cours de cuisine donn\u00e9s par l\u2019\u00e9quipe d\u2019Arcobaleno et les barmans de Nove vont certainement frapper votre imagination ! Nos chefs formateurs vont partager g\u00e9n\u00e9reusement avec [&hellip;]","og_url":"https:\/\/spb.dominarussia.com\/fr\/evenements-a-lhotel\/master-classes\/","og_site_name":"Domina St. Petersburg","twitter_card":"summary_large_image","twitter_misc":{"Dur\u00e9e de lecture estim\u00e9e":"1 minute"},"schema":{"@context":"https:\/\/schema.org","@graph":[{"@type":"WebPage","@id":"https:\/\/spb.dominarussia.com\/fr\/evenements-a-lhotel\/master-classes\/","url":"https:\/\/spb.dominarussia.com\/fr\/evenements-a-lhotel\/master-classes\/","name":"Master classes &#8211; Domina St. Petersburg &#8211;","isPartOf":{"@id":"https:\/\/spb.dominarussia.com\/fr\/#website"},"datePublished":"2022-04-06T13:12:53+00:00","breadcrumb":{"@id":"https:\/\/spb.dominarussia.com\/fr\/evenements-a-lhotel\/master-classes\/#breadcrumb"},"inLanguage":"fr-FR","potentialAction":[{"@type":"ReadAction","target":["https:\/\/spb.dominarussia.com\/fr\/evenements-a-lhotel\/master-classes\/"]}]},{"@type":"BreadcrumbList","@id":"https:\/\/spb.dominarussia.com\/fr\/evenements-a-lhotel\/master-classes\/#breadcrumb","itemListElement":[{"@type":"ListItem","position":1,"name":"Home","item":"https:\/\/spb.dominarussia.com\/fr\/"},{"@type":"ListItem","position":2,"name":"Ev\u00e9nements","item":"https:\/\/spb.dominarussia.com\/fr\/evenements-a-lhotel\/"},{"@type":"ListItem","position":3,"name":"Master classes"}]},{"@type":"WebSite","@id":"https:\/\/spb.dominarussia.com\/fr\/#website","url":"https:\/\/spb.dominarussia.com\/fr\/","name":"Domina St. Petersburg","description":"Just another ms.decms.eu site","potentialAction":[{"@type":"SearchAction","target":{"@type":"EntryPoint","urlTemplate":"https:\/\/spb.dominarussia.com\/fr\/?s={search_term_string}"},"query-input":{"@type":"PropertyValueSpecification","valueRequired":true,"valueName":"search_term_string"}}],"inLanguage":"fr-FR"}]}},"acf":[],"_links":{"self":[{"href":"https:\/\/spb.dominarussia.com\/fr\/wp-json\/wp\/v2\/pages\/477","targetHints":{"allow":["GET"]}}],"collection":[{"href":"https:\/\/spb.dominarussia.com\/fr\/wp-json\/wp\/v2\/pages"}],"about":[{"href":"https:\/\/spb.dominarussia.com\/fr\/wp-json\/wp\/v2\/types\/page"}],"author":[{"embeddable":true,"href":"https:\/\/spb.dominarussia.com\/fr\/wp-json\/wp\/v2\/users\/7"}],"replies":[{"embeddable":true,"href":"https:\/\/spb.dominarussia.com\/fr\/wp-json\/wp\/v2\/comments?post=477"}],"version-history":[{"count":0,"href":"https:\/\/spb.dominarussia.com\/fr\/wp-json\/wp\/v2\/pages\/477\/revisions"}],"up":[{"embeddable":true,"href":"https:\/\/spb.dominarussia.com\/fr\/wp-json\/wp\/v2\/pages\/378"}],"wp:attachment":[{"href":"https:\/\/spb.dominarussia.com\/fr\/wp-json\/wp\/v2\/media?parent=477"}],"curies":[{"name":"wp","href":"https:\/\/api.w.org\/{rel}","templated":true}]}}