{"id":5,"date":"2022-03-21T11:36:30","date_gmt":"2022-03-21T11:36:30","guid":{"rendered":"https:\/\/domina-st-petersburg.ms.decms.eu\/?page_id=5"},"modified":"2023-10-01T10:48:08","modified_gmt":"2023-10-01T10:48:08","slug":"lhotel-domina-en-plein-centre-de-saint-petersbourg","status":"publish","type":"page","link":"https:\/\/spb.dominarussia.com\/fr\/","title":{"rendered":"L\u2019H\u00f4tel Domina Saint-P\u00e9tersbourg"},"content":{"rendered":"<p>Le premier h\u00f4tel de la cha\u00eene italienne en plein centre de Saint-P\u00e9tersbourg. Internationale Domina en Russie, Domina St. P\u00e9tersbourg***** vous accueille au c\u0153ur de Saint-P\u00e9tersbourg avec une chaleur italienne et une hospitalit\u00e9 sinc\u00e8re. Situ\u00e9 sur le quai calme et pittoresque de la rivi\u00e8re Mo\u00efka \u00e0 quelques pas seulement de la cath\u00e9drale Saint-Isaac, l\u2019h\u00f4tel occupe un b\u00e2timent particulier du XIXe si\u00e8cle. Tout y est, un emplacement parfait et un design italien charismatique. On y sent bien chez soi. 109 chambres et suites de cat\u00e9gories et couleurs diff\u00e9rentes, des chambres en duplex donnant sur le quai, un concept int\u00e9ressant de 5D Lifestyle, un restaurant et un bar \u00e0 cocktails, un centre de bien-\u00eatre, les services de conciergerie \u2013 nous faisons tout pour rendre votre s\u00e9jour agr\u00e9able et exceptionnel.<\/p>\n<p>D\u00e9couvrez les cinq dimensions de la Venise du Nord avec Domina : choisissez la couleur et profitez de l\u2019aventure, elle sera certainement inoubliable !<\/p>\n<p>R\u00e9server une chambre \u2013 c\u2019est facile ! Consultez nos offres et choisissez celles qui vous conviennent le mieux !<\/p>\n","protected":false},"excerpt":{"rendered":"<p>Le premier h\u00f4tel de la cha\u00eene italienne en plein centre de Saint-P\u00e9tersbourg. Internationale Domina en Russie, Domina St. P\u00e9tersbourg***** vous accueille au c\u0153ur de Saint-P\u00e9tersbourg avec une chaleur italienne et une hospitalit\u00e9 sinc\u00e8re. Situ\u00e9 sur le quai calme et pittoresque de la rivi\u00e8re Mo\u00efka \u00e0 quelques pas seulement de la cath\u00e9drale Saint-Isaac, l\u2019h\u00f4tel occupe un [&hellip;]<\/p>\n","protected":false},"author":17,"featured_media":0,"parent":0,"menu_order":10,"comment_status":"closed","ping_status":"open","template":"","meta":{"footnotes":""},"class_list":["post-5","page","type-page","status-publish","hentry"],"yoast_head":"<!-- This site is optimized with the Yoast SEO plugin v26.9 - https:\/\/yoast.com\/product\/yoast-seo-wordpress\/ -->\n<title>L\u2019H\u00f4tel Domina Saint-P\u00e9tersbourg &#8211; Domina St. Petersburg &#8211;<\/title>\n<meta name=\"robots\" content=\"index, follow, max-snippet:-1, max-image-preview:large, max-video-preview:-1\" \/>\n<link rel=\"canonical\" href=\"https:\/\/spb.dominarussia.com\/fr\/\" \/>\n<meta property=\"og:locale\" content=\"fr_FR\" \/>\n<meta property=\"og:type\" content=\"article\" \/>\n<meta property=\"og:title\" content=\"L\u2019H\u00f4tel Domina Saint-P\u00e9tersbourg &#8211; Domina St. Petersburg &#8211;\" \/>\n<meta property=\"og:description\" content=\"Le premier h\u00f4tel de la cha\u00eene italienne en plein centre de Saint-P\u00e9tersbourg. Internationale Domina en Russie, Domina St. P\u00e9tersbourg***** vous accueille au c\u0153ur de Saint-P\u00e9tersbourg avec une chaleur italienne et une hospitalit\u00e9 sinc\u00e8re. Situ\u00e9 sur le quai calme et pittoresque de la rivi\u00e8re Mo\u00efka \u00e0 quelques pas seulement de la cath\u00e9drale Saint-Isaac, l\u2019h\u00f4tel occupe un [&hellip;]\" \/>\n<meta property=\"og:url\" content=\"https:\/\/spb.dominarussia.com\/fr\/\" \/>\n<meta property=\"og:site_name\" content=\"Domina St. Petersburg\" \/>\n<meta property=\"article:modified_time\" content=\"2023-10-01T10:48:08+00:00\" \/>\n<meta name=\"twitter:card\" content=\"summary_large_image\" \/>\n<meta name=\"twitter:label1\" content=\"Dur\u00e9e de lecture estim\u00e9e\" \/>\n\t<meta name=\"twitter:data1\" content=\"1 minute\" \/>\n<script type=\"application\/ld+json\" class=\"yoast-schema-graph\">{\"@context\":\"https:\/\/schema.org\",\"@graph\":[{\"@type\":\"WebPage\",\"@id\":\"https:\/\/spb.dominarussia.com\/fr\/\",\"url\":\"https:\/\/spb.dominarussia.com\/fr\/\",\"name\":\"L\u2019H\u00f4tel Domina Saint-P\u00e9tersbourg &#8211; Domina St. Petersburg &#8211;\",\"isPartOf\":{\"@id\":\"https:\/\/spb.dominarussia.com\/fr\/#website\"},\"datePublished\":\"2022-03-21T11:36:30+00:00\",\"dateModified\":\"2023-10-01T10:48:08+00:00\",\"breadcrumb\":{\"@id\":\"https:\/\/spb.dominarussia.com\/fr\/#breadcrumb\"},\"inLanguage\":\"fr-FR\",\"potentialAction\":[{\"@type\":\"ReadAction\",\"target\":[\"https:\/\/spb.dominarussia.com\/fr\/\"]}]},{\"@type\":\"BreadcrumbList\",\"@id\":\"https:\/\/spb.dominarussia.com\/fr\/#breadcrumb\",\"itemListElement\":[{\"@type\":\"ListItem\",\"position\":1,\"name\":\"Home\",\"item\":\"https:\/\/spb.dominarussia.com\/fr\/\"},{\"@type\":\"ListItem\",\"position\":2,\"name\":\"L\u2019H\u00f4tel Domina Saint-P\u00e9tersbourg\"}]},{\"@type\":\"WebSite\",\"@id\":\"https:\/\/spb.dominarussia.com\/fr\/#website\",\"url\":\"https:\/\/spb.dominarussia.com\/fr\/\",\"name\":\"Domina St. Petersburg\",\"description\":\"Just another ms.decms.eu site\",\"potentialAction\":[{\"@type\":\"SearchAction\",\"target\":{\"@type\":\"EntryPoint\",\"urlTemplate\":\"https:\/\/spb.dominarussia.com\/fr\/?s={search_term_string}\"},\"query-input\":{\"@type\":\"PropertyValueSpecification\",\"valueRequired\":true,\"valueName\":\"search_term_string\"}}],\"inLanguage\":\"fr-FR\"}]}<\/script>\n<!-- \/ Yoast SEO plugin. -->","yoast_head_json":{"title":"L\u2019H\u00f4tel Domina Saint-P\u00e9tersbourg &#8211; Domina St. Petersburg &#8211;","robots":{"index":"index","follow":"follow","max-snippet":"max-snippet:-1","max-image-preview":"max-image-preview:large","max-video-preview":"max-video-preview:-1"},"canonical":"https:\/\/spb.dominarussia.com\/fr\/","og_locale":"fr_FR","og_type":"article","og_title":"L\u2019H\u00f4tel Domina Saint-P\u00e9tersbourg &#8211; Domina St. Petersburg &#8211;","og_description":"Le premier h\u00f4tel de la cha\u00eene italienne en plein centre de Saint-P\u00e9tersbourg. Internationale Domina en Russie, Domina St. P\u00e9tersbourg***** vous accueille au c\u0153ur de Saint-P\u00e9tersbourg avec une chaleur italienne et une hospitalit\u00e9 sinc\u00e8re. Situ\u00e9 sur le quai calme et pittoresque de la rivi\u00e8re Mo\u00efka \u00e0 quelques pas seulement de la cath\u00e9drale Saint-Isaac, l\u2019h\u00f4tel occupe un [&hellip;]","og_url":"https:\/\/spb.dominarussia.com\/fr\/","og_site_name":"Domina St. Petersburg","article_modified_time":"2023-10-01T10:48:08+00:00","twitter_card":"summary_large_image","twitter_misc":{"Dur\u00e9e de lecture estim\u00e9e":"1 minute"},"schema":{"@context":"https:\/\/schema.org","@graph":[{"@type":"WebPage","@id":"https:\/\/spb.dominarussia.com\/fr\/","url":"https:\/\/spb.dominarussia.com\/fr\/","name":"L\u2019H\u00f4tel Domina Saint-P\u00e9tersbourg &#8211; Domina St. Petersburg &#8211;","isPartOf":{"@id":"https:\/\/spb.dominarussia.com\/fr\/#website"},"datePublished":"2022-03-21T11:36:30+00:00","dateModified":"2023-10-01T10:48:08+00:00","breadcrumb":{"@id":"https:\/\/spb.dominarussia.com\/fr\/#breadcrumb"},"inLanguage":"fr-FR","potentialAction":[{"@type":"ReadAction","target":["https:\/\/spb.dominarussia.com\/fr\/"]}]},{"@type":"BreadcrumbList","@id":"https:\/\/spb.dominarussia.com\/fr\/#breadcrumb","itemListElement":[{"@type":"ListItem","position":1,"name":"Home","item":"https:\/\/spb.dominarussia.com\/fr\/"},{"@type":"ListItem","position":2,"name":"L\u2019H\u00f4tel Domina Saint-P\u00e9tersbourg"}]},{"@type":"WebSite","@id":"https:\/\/spb.dominarussia.com\/fr\/#website","url":"https:\/\/spb.dominarussia.com\/fr\/","name":"Domina St. Petersburg","description":"Just another ms.decms.eu site","potentialAction":[{"@type":"SearchAction","target":{"@type":"EntryPoint","urlTemplate":"https:\/\/spb.dominarussia.com\/fr\/?s={search_term_string}"},"query-input":{"@type":"PropertyValueSpecification","valueRequired":true,"valueName":"search_term_string"}}],"inLanguage":"fr-FR"}]}},"acf":[],"_links":{"self":[{"href":"https:\/\/spb.dominarussia.com\/fr\/wp-json\/wp\/v2\/pages\/5","targetHints":{"allow":["GET"]}}],"collection":[{"href":"https:\/\/spb.dominarussia.com\/fr\/wp-json\/wp\/v2\/pages"}],"about":[{"href":"https:\/\/spb.dominarussia.com\/fr\/wp-json\/wp\/v2\/types\/page"}],"author":[{"embeddable":true,"href":"https:\/\/spb.dominarussia.com\/fr\/wp-json\/wp\/v2\/users\/17"}],"replies":[{"embeddable":true,"href":"https:\/\/spb.dominarussia.com\/fr\/wp-json\/wp\/v2\/comments?post=5"}],"version-history":[{"count":0,"href":"https:\/\/spb.dominarussia.com\/fr\/wp-json\/wp\/v2\/pages\/5\/revisions"}],"wp:attachment":[{"href":"https:\/\/spb.dominarussia.com\/fr\/wp-json\/wp\/v2\/media?parent=5"}],"curies":[{"name":"wp","href":"https:\/\/api.w.org\/{rel}","templated":true}]}}