{"id":151,"date":"2022-04-01T16:28:14","date_gmt":"2022-04-01T16:28:14","guid":{"rendered":"https:\/\/domina-st-petersburg.ms.decms.eu\/?page_id=151"},"modified":"2022-07-14T10:01:09","modified_gmt":"2022-07-14T10:01:09","slug":"camere","status":"publish","type":"page","link":"https:\/\/spb.dominarussia.com\/it\/camere\/","title":{"rendered":"Camere"},"content":{"rendered":"<p style=\"text-align: center;\">7 categorie di camere<\/p>\n<p>Camere spaziose ed eleganti<\/p>\n<p><strong>Prenotare una camera in hotel oggi \u00e8 pi\u00f9 semplice che mai<\/strong>. Le difficolt\u00e0 al Domina St. Petersburg possono sorgere solo al momento della scelta: offriamo ai nostri ospiti camere internamente molto diverse fra loro. Nell\u2019hotel ci sono in tutto 109 camere: si tratta in gran parte di spaziose Superior e confortevoli Mansarda. Ai viaggiatori a cui stanno a cuore la comodit\u00e0 e il comfort domestico, proponiamo le camere Lifestyle a due piani, in cui zona lavoro e riposo sono divise.<\/p>\n<p>Per gli ospiti che scelgono il lusso per una o pi\u00f9 notti, abbiamo preparato le spaziose Suites. Tutte le camere sono accomunate da un aspetto: il servizio di alta qualit\u00e0, il design vivace, i particolari accuratamente pensati in ogni dettaglio. I bambini fino a 6 anni alloggiano in hotel gratuitamente e, se necessario, mettiamo a disposizione dei piccoli viaggiatori un lettino.<\/p>\n<p><a href=\"\/it\/foto\/\" target=\"_blank\" rel=\"noopener\">Guardate le fotografie<\/a> della Galleria, <strong>e scegliete la vostra avventura all\u2019hotel Domina St. Petersburg<\/strong> dalla sezione Prenotazione o chiamando il numero <a href=\"tel:+78123859900\">+7 (812) 385 99 00<\/a><\/p>\n","protected":false},"excerpt":{"rendered":"<p>7 categorie di camere Camere spaziose ed eleganti Prenotare una camera in hotel oggi \u00e8 pi\u00f9 semplice che mai. Le difficolt\u00e0 al Domina St. Petersburg possono sorgere solo al momento della scelta: offriamo ai nostri ospiti camere internamente molto diverse fra loro. Nell\u2019hotel ci sono in tutto 109 camere: si tratta in gran parte di [&hellip;]<\/p>\n","protected":false},"author":7,"featured_media":0,"parent":0,"menu_order":30,"comment_status":"closed","ping_status":"closed","template":"template-rooms.php","meta":{"footnotes":""},"class_list":["post-151","page","type-page","status-publish","hentry"],"yoast_head":"<!-- This site is optimized with the Yoast SEO plugin v26.9 - https:\/\/yoast.com\/product\/yoast-seo-wordpress\/ -->\n<title>Camere &#8211; Domina St. Petersburg &#8211;<\/title>\n<meta name=\"robots\" content=\"index, follow, max-snippet:-1, max-image-preview:large, max-video-preview:-1\" \/>\n<link rel=\"canonical\" href=\"https:\/\/spb.dominarussia.com\/it\/camere\/\" \/>\n<meta property=\"og:locale\" content=\"it_IT\" \/>\n<meta property=\"og:type\" content=\"article\" \/>\n<meta property=\"og:title\" content=\"Camere &#8211; Domina St. Petersburg &#8211;\" \/>\n<meta property=\"og:description\" content=\"7 categorie di camere Camere spaziose ed eleganti Prenotare una camera in hotel oggi \u00e8 pi\u00f9 semplice che mai. Le difficolt\u00e0 al Domina St. Petersburg possono sorgere solo al momento della scelta: offriamo ai nostri ospiti camere internamente molto diverse fra loro. Nell\u2019hotel ci sono in tutto 109 camere: si tratta in gran parte di [&hellip;]\" \/>\n<meta property=\"og:url\" content=\"https:\/\/spb.dominarussia.com\/it\/camere\/\" \/>\n<meta property=\"og:site_name\" content=\"Domina St. Petersburg\" \/>\n<meta property=\"article:modified_time\" content=\"2022-07-14T10:01:09+00:00\" \/>\n<meta name=\"twitter:card\" content=\"summary_large_image\" \/>\n<meta name=\"twitter:label1\" content=\"Tempo di lettura stimato\" \/>\n\t<meta name=\"twitter:data1\" content=\"1 minuto\" \/>\n<script type=\"application\/ld+json\" class=\"yoast-schema-graph\">{\"@context\":\"https:\/\/schema.org\",\"@graph\":[{\"@type\":\"WebPage\",\"@id\":\"https:\/\/spb.dominarussia.com\/it\/camere\/\",\"url\":\"https:\/\/spb.dominarussia.com\/it\/camere\/\",\"name\":\"Camere &#8211; Domina St. Petersburg &#8211;\",\"isPartOf\":{\"@id\":\"https:\/\/spb.dominarussia.com\/it\/#website\"},\"datePublished\":\"2022-04-01T16:28:14+00:00\",\"dateModified\":\"2022-07-14T10:01:09+00:00\",\"breadcrumb\":{\"@id\":\"https:\/\/spb.dominarussia.com\/it\/camere\/#breadcrumb\"},\"inLanguage\":\"it-IT\",\"potentialAction\":[{\"@type\":\"ReadAction\",\"target\":[\"https:\/\/spb.dominarussia.com\/it\/camere\/\"]}]},{\"@type\":\"BreadcrumbList\",\"@id\":\"https:\/\/spb.dominarussia.com\/it\/camere\/#breadcrumb\",\"itemListElement\":[{\"@type\":\"ListItem\",\"position\":1,\"name\":\"Home\",\"item\":\"https:\/\/spb.dominarussia.com\/it\/\"},{\"@type\":\"ListItem\",\"position\":2,\"name\":\"Camere\"}]},{\"@type\":\"WebSite\",\"@id\":\"https:\/\/spb.dominarussia.com\/it\/#website\",\"url\":\"https:\/\/spb.dominarussia.com\/it\/\",\"name\":\"Domina St. Petersburg\",\"description\":\"Just another ms.decms.eu site\",\"potentialAction\":[{\"@type\":\"SearchAction\",\"target\":{\"@type\":\"EntryPoint\",\"urlTemplate\":\"https:\/\/spb.dominarussia.com\/it\/?s={search_term_string}\"},\"query-input\":{\"@type\":\"PropertyValueSpecification\",\"valueRequired\":true,\"valueName\":\"search_term_string\"}}],\"inLanguage\":\"it-IT\"}]}<\/script>\n<!-- \/ Yoast SEO plugin. -->","yoast_head_json":{"title":"Camere &#8211; Domina St. Petersburg &#8211;","robots":{"index":"index","follow":"follow","max-snippet":"max-snippet:-1","max-image-preview":"max-image-preview:large","max-video-preview":"max-video-preview:-1"},"canonical":"https:\/\/spb.dominarussia.com\/it\/camere\/","og_locale":"it_IT","og_type":"article","og_title":"Camere &#8211; Domina St. Petersburg &#8211;","og_description":"7 categorie di camere Camere spaziose ed eleganti Prenotare una camera in hotel oggi \u00e8 pi\u00f9 semplice che mai. Le difficolt\u00e0 al Domina St. Petersburg possono sorgere solo al momento della scelta: offriamo ai nostri ospiti camere internamente molto diverse fra loro. Nell\u2019hotel ci sono in tutto 109 camere: si tratta in gran parte di [&hellip;]","og_url":"https:\/\/spb.dominarussia.com\/it\/camere\/","og_site_name":"Domina St. Petersburg","article_modified_time":"2022-07-14T10:01:09+00:00","twitter_card":"summary_large_image","twitter_misc":{"Tempo di lettura stimato":"1 minuto"},"schema":{"@context":"https:\/\/schema.org","@graph":[{"@type":"WebPage","@id":"https:\/\/spb.dominarussia.com\/it\/camere\/","url":"https:\/\/spb.dominarussia.com\/it\/camere\/","name":"Camere &#8211; Domina St. Petersburg &#8211;","isPartOf":{"@id":"https:\/\/spb.dominarussia.com\/it\/#website"},"datePublished":"2022-04-01T16:28:14+00:00","dateModified":"2022-07-14T10:01:09+00:00","breadcrumb":{"@id":"https:\/\/spb.dominarussia.com\/it\/camere\/#breadcrumb"},"inLanguage":"it-IT","potentialAction":[{"@type":"ReadAction","target":["https:\/\/spb.dominarussia.com\/it\/camere\/"]}]},{"@type":"BreadcrumbList","@id":"https:\/\/spb.dominarussia.com\/it\/camere\/#breadcrumb","itemListElement":[{"@type":"ListItem","position":1,"name":"Home","item":"https:\/\/spb.dominarussia.com\/it\/"},{"@type":"ListItem","position":2,"name":"Camere"}]},{"@type":"WebSite","@id":"https:\/\/spb.dominarussia.com\/it\/#website","url":"https:\/\/spb.dominarussia.com\/it\/","name":"Domina St. Petersburg","description":"Just another ms.decms.eu site","potentialAction":[{"@type":"SearchAction","target":{"@type":"EntryPoint","urlTemplate":"https:\/\/spb.dominarussia.com\/it\/?s={search_term_string}"},"query-input":{"@type":"PropertyValueSpecification","valueRequired":true,"valueName":"search_term_string"}}],"inLanguage":"it-IT"}]}},"acf":[],"_links":{"self":[{"href":"https:\/\/spb.dominarussia.com\/it\/wp-json\/wp\/v2\/pages\/151","targetHints":{"allow":["GET"]}}],"collection":[{"href":"https:\/\/spb.dominarussia.com\/it\/wp-json\/wp\/v2\/pages"}],"about":[{"href":"https:\/\/spb.dominarussia.com\/it\/wp-json\/wp\/v2\/types\/page"}],"author":[{"embeddable":true,"href":"https:\/\/spb.dominarussia.com\/it\/wp-json\/wp\/v2\/users\/7"}],"replies":[{"embeddable":true,"href":"https:\/\/spb.dominarussia.com\/it\/wp-json\/wp\/v2\/comments?post=151"}],"version-history":[{"count":0,"href":"https:\/\/spb.dominarussia.com\/it\/wp-json\/wp\/v2\/pages\/151\/revisions"}],"wp:attachment":[{"href":"https:\/\/spb.dominarussia.com\/it\/wp-json\/wp\/v2\/media?parent=151"}],"curies":[{"name":"wp","href":"https:\/\/api.w.org\/{rel}","templated":true}]}}