{"id":160,"date":"2022-03-21T13:28:38","date_gmt":"2022-03-21T13:28:38","guid":{"rendered":"https:\/\/domina-st-petersburg.ms.decms.eu\/camere\/%d0%bc%d0%b0%d0%bd%d1%81%d0%b0%d1%80%d0%b4%d0%b0\/"},"modified":"2022-04-04T09:17:28","modified_gmt":"2022-04-04T09:17:28","slug":"mansarda","status":"publish","type":"page","link":"https:\/\/spb.dominarussia.com\/it\/camere\/mansarda\/","title":{"rendered":"Mansarda"},"content":{"rendered":"<p>Nelle nostre camere Mansarda potete guardare dentro di voi e immergervi nel vostro mondo interiore. Qui regnano pace e tranquillit\u00e0, e i vivaci colori degli interni stimolano l\u2019immaginazione. Forse \u00e8 proprio qui che si percepisce pi\u00f9 che in ogni altro luogo di essere a San Pietroburgo, la citt\u00e0 delle mansarde sotto le nuvole, dove vivono sognatori e artisti.<\/p>\n<p>Le Mansarda, dalla superficie di 20-25 mq, sono situate al secondo, terzo e quinto piano dell\u2019hotel Domina St. Petersburg. Nelle camere di questa categoria le finestre non sono apribili.<\/p>\n","protected":false},"excerpt":{"rendered":"<p>Nelle nostre camere Mansarda potete guardare dentro di voi e immergervi nel vostro mondo interiore. Qui regnano pace e tranquillit\u00e0, e i vivaci colori degli interni stimolano l\u2019immaginazione. Forse \u00e8 proprio qui che si percepisce pi\u00f9 che in ogni altro luogo di essere a San Pietroburgo, la citt\u00e0 delle mansarde sotto le nuvole, dove vivono [&hellip;]<\/p>\n","protected":false},"author":17,"featured_media":0,"parent":151,"menu_order":70,"comment_status":"closed","ping_status":"closed","template":"template-room.php","meta":{"footnotes":""},"class_list":["post-160","page","type-page","status-publish","hentry"],"yoast_head":"<!-- This site is optimized with the Yoast SEO plugin v26.9 - https:\/\/yoast.com\/product\/yoast-seo-wordpress\/ -->\n<title>Mansarda &#8211; Domina St. Petersburg &#8211;<\/title>\n<meta name=\"robots\" content=\"index, follow, max-snippet:-1, max-image-preview:large, max-video-preview:-1\" \/>\n<link rel=\"canonical\" href=\"https:\/\/spb.dominarussia.com\/it\/camere\/mansarda\/\" \/>\n<meta property=\"og:locale\" content=\"it_IT\" \/>\n<meta property=\"og:type\" content=\"article\" \/>\n<meta property=\"og:title\" content=\"Mansarda &#8211; Domina St. Petersburg &#8211;\" \/>\n<meta property=\"og:description\" content=\"Nelle nostre camere Mansarda potete guardare dentro di voi e immergervi nel vostro mondo interiore. Qui regnano pace e tranquillit\u00e0, e i vivaci colori degli interni stimolano l\u2019immaginazione. Forse \u00e8 proprio qui che si percepisce pi\u00f9 che in ogni altro luogo di essere a San Pietroburgo, la citt\u00e0 delle mansarde sotto le nuvole, dove vivono [&hellip;]\" \/>\n<meta property=\"og:url\" content=\"https:\/\/spb.dominarussia.com\/it\/camere\/mansarda\/\" \/>\n<meta property=\"og:site_name\" content=\"Domina St. Petersburg\" \/>\n<meta property=\"article:modified_time\" content=\"2022-04-04T09:17:28+00:00\" \/>\n<meta name=\"twitter:card\" content=\"summary_large_image\" \/>\n<meta name=\"twitter:label1\" content=\"Tempo di lettura stimato\" \/>\n\t<meta name=\"twitter:data1\" content=\"1 minuto\" \/>\n<script type=\"application\/ld+json\" class=\"yoast-schema-graph\">{\"@context\":\"https:\/\/schema.org\",\"@graph\":[{\"@type\":\"WebPage\",\"@id\":\"https:\/\/spb.dominarussia.com\/it\/camere\/mansarda\/\",\"url\":\"https:\/\/spb.dominarussia.com\/it\/camere\/mansarda\/\",\"name\":\"Mansarda &#8211; Domina St. Petersburg &#8211;\",\"isPartOf\":{\"@id\":\"https:\/\/spb.dominarussia.com\/it\/#website\"},\"datePublished\":\"2022-03-21T13:28:38+00:00\",\"dateModified\":\"2022-04-04T09:17:28+00:00\",\"breadcrumb\":{\"@id\":\"https:\/\/spb.dominarussia.com\/it\/camere\/mansarda\/#breadcrumb\"},\"inLanguage\":\"it-IT\",\"potentialAction\":[{\"@type\":\"ReadAction\",\"target\":[\"https:\/\/spb.dominarussia.com\/it\/camere\/mansarda\/\"]}]},{\"@type\":\"BreadcrumbList\",\"@id\":\"https:\/\/spb.dominarussia.com\/it\/camere\/mansarda\/#breadcrumb\",\"itemListElement\":[{\"@type\":\"ListItem\",\"position\":1,\"name\":\"Home\",\"item\":\"https:\/\/spb.dominarussia.com\/it\/\"},{\"@type\":\"ListItem\",\"position\":2,\"name\":\"Camere\",\"item\":\"https:\/\/spb.dominarussia.com\/it\/camere\/\"},{\"@type\":\"ListItem\",\"position\":3,\"name\":\"Mansarda\"}]},{\"@type\":\"WebSite\",\"@id\":\"https:\/\/spb.dominarussia.com\/it\/#website\",\"url\":\"https:\/\/spb.dominarussia.com\/it\/\",\"name\":\"Domina St. Petersburg\",\"description\":\"Just another ms.decms.eu site\",\"potentialAction\":[{\"@type\":\"SearchAction\",\"target\":{\"@type\":\"EntryPoint\",\"urlTemplate\":\"https:\/\/spb.dominarussia.com\/it\/?s={search_term_string}\"},\"query-input\":{\"@type\":\"PropertyValueSpecification\",\"valueRequired\":true,\"valueName\":\"search_term_string\"}}],\"inLanguage\":\"it-IT\"}]}<\/script>\n<!-- \/ Yoast SEO plugin. -->","yoast_head_json":{"title":"Mansarda &#8211; Domina St. Petersburg &#8211;","robots":{"index":"index","follow":"follow","max-snippet":"max-snippet:-1","max-image-preview":"max-image-preview:large","max-video-preview":"max-video-preview:-1"},"canonical":"https:\/\/spb.dominarussia.com\/it\/camere\/mansarda\/","og_locale":"it_IT","og_type":"article","og_title":"Mansarda &#8211; Domina St. Petersburg &#8211;","og_description":"Nelle nostre camere Mansarda potete guardare dentro di voi e immergervi nel vostro mondo interiore. Qui regnano pace e tranquillit\u00e0, e i vivaci colori degli interni stimolano l\u2019immaginazione. Forse \u00e8 proprio qui che si percepisce pi\u00f9 che in ogni altro luogo di essere a San Pietroburgo, la citt\u00e0 delle mansarde sotto le nuvole, dove vivono [&hellip;]","og_url":"https:\/\/spb.dominarussia.com\/it\/camere\/mansarda\/","og_site_name":"Domina St. Petersburg","article_modified_time":"2022-04-04T09:17:28+00:00","twitter_card":"summary_large_image","twitter_misc":{"Tempo di lettura stimato":"1 minuto"},"schema":{"@context":"https:\/\/schema.org","@graph":[{"@type":"WebPage","@id":"https:\/\/spb.dominarussia.com\/it\/camere\/mansarda\/","url":"https:\/\/spb.dominarussia.com\/it\/camere\/mansarda\/","name":"Mansarda &#8211; Domina St. Petersburg &#8211;","isPartOf":{"@id":"https:\/\/spb.dominarussia.com\/it\/#website"},"datePublished":"2022-03-21T13:28:38+00:00","dateModified":"2022-04-04T09:17:28+00:00","breadcrumb":{"@id":"https:\/\/spb.dominarussia.com\/it\/camere\/mansarda\/#breadcrumb"},"inLanguage":"it-IT","potentialAction":[{"@type":"ReadAction","target":["https:\/\/spb.dominarussia.com\/it\/camere\/mansarda\/"]}]},{"@type":"BreadcrumbList","@id":"https:\/\/spb.dominarussia.com\/it\/camere\/mansarda\/#breadcrumb","itemListElement":[{"@type":"ListItem","position":1,"name":"Home","item":"https:\/\/spb.dominarussia.com\/it\/"},{"@type":"ListItem","position":2,"name":"Camere","item":"https:\/\/spb.dominarussia.com\/it\/camere\/"},{"@type":"ListItem","position":3,"name":"Mansarda"}]},{"@type":"WebSite","@id":"https:\/\/spb.dominarussia.com\/it\/#website","url":"https:\/\/spb.dominarussia.com\/it\/","name":"Domina St. Petersburg","description":"Just another ms.decms.eu site","potentialAction":[{"@type":"SearchAction","target":{"@type":"EntryPoint","urlTemplate":"https:\/\/spb.dominarussia.com\/it\/?s={search_term_string}"},"query-input":{"@type":"PropertyValueSpecification","valueRequired":true,"valueName":"search_term_string"}}],"inLanguage":"it-IT"}]}},"acf":[],"_links":{"self":[{"href":"https:\/\/spb.dominarussia.com\/it\/wp-json\/wp\/v2\/pages\/160","targetHints":{"allow":["GET"]}}],"collection":[{"href":"https:\/\/spb.dominarussia.com\/it\/wp-json\/wp\/v2\/pages"}],"about":[{"href":"https:\/\/spb.dominarussia.com\/it\/wp-json\/wp\/v2\/types\/page"}],"author":[{"embeddable":true,"href":"https:\/\/spb.dominarussia.com\/it\/wp-json\/wp\/v2\/users\/17"}],"replies":[{"embeddable":true,"href":"https:\/\/spb.dominarussia.com\/it\/wp-json\/wp\/v2\/comments?post=160"}],"version-history":[{"count":0,"href":"https:\/\/spb.dominarussia.com\/it\/wp-json\/wp\/v2\/pages\/160\/revisions"}],"up":[{"embeddable":true,"href":"https:\/\/spb.dominarussia.com\/it\/wp-json\/wp\/v2\/pages\/151"}],"wp:attachment":[{"href":"https:\/\/spb.dominarussia.com\/it\/wp-json\/wp\/v2\/media?parent=160"}],"curies":[{"name":"wp","href":"https:\/\/api.w.org\/{rel}","templated":true}]}}