{"id":1604,"date":"2022-10-19T13:19:36","date_gmt":"2022-10-19T13:19:36","guid":{"rendered":"https:\/\/domina-st-petersburg.ms.decms.eu\/?page_id=1604"},"modified":"2022-10-19T13:19:36","modified_gmt":"2022-10-19T13:19:36","slug":"politica-sui-cookies","status":"publish","type":"page","link":"https:\/\/spb.dominarussia.com\/it\/politica-sui-cookies\/","title":{"rendered":"Politica sui cookies"},"content":{"rendered":"<p><strong>Uso dei cookie da parte di<\/strong> Domina Rus Limited Liability Company<\/p>\n<p>Si avvisa che Domina Rus Limited Liability Company utilizza i cookie o altri strumenti di tracciabilit\u00e0 sul suo sito web <a href=\"https:\/\/spb.dominarussia.com\" target=\"_blank\" rel=\"noopener\">https:\/\/spb.dominarussia.com<\/a><\/p>\n<p>Gli strumenti di tracciabilit\u00e0 possono essere installati sul dispositivo dell&#8217;utente in base alle preferenze gi\u00e0 espresse o che potr\u00e0 esprimere in qualsiasi momento in conformit\u00e0 alla presente politica.<\/p>\n<ol>\n<li><strong>A cosa serve la politica sui cookie?<\/strong><\/li>\n<\/ol>\n<p>Al fine di garantire la massima trasparenza, Domina Rus Limited Liability Company ha definito la presente politica per offrire all&#8217;utente maggiori informazioni su:<\/p>\n<ul>\n<li>Origine e finalit\u00e0 delle informazioni elaborate durante la navigazione dell&#8217;utente suhttps:\/\/spb.dominarussia.com<\/li>\n<li>Diritti dell&#8217;utente in relazione ai cookie e ad altri strumenti di tracciabilit\u00e0 utilizzati da Domina Rus Limited Liability Company.<\/li>\n<\/ul>\n<ol start=\"2\">\n<li><strong>Che cos&#8217;\u00e8 un cookie?<\/strong><\/li>\n<\/ol>\n<p>I cookie e altri strumenti di tracciabilit\u00e0 simili sono pacchetti di dati utilizzati dai server per trasmettere informazioni di stato al browser dell&#8217;utente e inviare informazioni di stato al server di origine attraverso lo stesso browser.<br \/>\nAlcuni esempi di informazioni di stato sono l&#8217;identificatore di una sessione, la lingua, la data di scadenza, il campo di risposta o altri tipi di informazioni.<br \/>\nDurante il loro periodo di validit\u00e0, i cookie sono utilizzati per archiviare informazioni di stato quando l&#8217;utente accede, tramite browser, alle varie pagine di un sito web o quando visita nuovamente lo stesso sito in un secondo momento.<\/p>\n<p>Esistono diversi tipi di cookie:<\/p>\n<ul>\n<li>I cookie di sessione vengono eliminati non appena l&#8217;utente chiude il browser o abbandona il sito web<\/li>\n<li>I cookie persistenti rimangono sul dispositivo dell&#8217;utente fino alla loro scadenza o fino a quando non vengono eliminati utilizzando le funzionalit\u00e0 del browser<\/li>\n<\/ul>\n<ol start=\"3\">\n<li><strong>Perch\u00e9 usiamo i cookie?<\/strong><\/li>\n<\/ol>\n<p>I cookie e altri strumenti di tracciabilit\u00e0 sono utilizzati principalmente per i seguenti motivi:<\/p>\n<p><em>I cookie sono indispensabili per navigare sul sito <\/em><a href=\"https:\/\/spb.dominarussia.com\">https:\/\/spb.dominarussia.com<\/a> <em>e utilizzarne appieno le funzionalit\u00e0 e consentono, nello specifico, di:<\/em><\/p>\n<ul>\n<li>gestire l&#8217;autenticazione dei visitatori sul sito web e le misure di sicurezza correlate e garantire il corretto funzionamento del modulo di autenticazione<\/li>\n<li>ottimizzare l&#8217;esperienza dell&#8217;utente e semplificare la navigazione, in particolare determinando &#8220;percorsi tecnici&#8221; per la navigazione<\/li>\n<li>memorizzare le informazioni relative al banner informativo \u201ccookie\u201d visto dai visitatori del sito web che poi continuano a navigare nel sito dopo aver accettato i cookie sul proprio dispositivo<\/li>\n<\/ul>\n<p>adottare misure di sicurezza (ad esempio, quando viene chiesto all&#8217;utente di effettuare nuovamente il login per accedere a contenuti o servizi dopo un dato intervallo di tempo o per garantire il funzionamento di base di <a href=\"https:\/\/spb.dominarussia.com\">https:\/\/spb.dominarussia.com<\/a> e l&#8217;utilizzo delle sue funzionalit\u00e0 principali, tra cui il monitoraggio di prestazioni ed errori di navigazione, la gestione delle sessioni dell&#8217;utente, ecc.)<\/p>\n<p>I cookie di funzionalit\u00e0 sono necessari soprattutto per:<\/p>\n<ul>\n<li>adattare <a href=\"https:\/\/spb.dominarussia.com\">https:\/\/spb.dominarussia.com<\/a> alle preferenze di visualizzazione del dispositivo dell&#8217;utente (lingua, valuta, risoluzione del display, sistema operativo utilizzato, configurazione e impostazioni di visualizzazione delle pagine web in base al dispositivo in uso e alla posizione dell&#8217;utente, ecc.)<\/li>\n<li>archiviare informazioni che l&#8217;utente immette su <a href=\"https:\/\/spb.dominarussia.com\">https:\/\/spb.dominarussia.com<\/a> per agevolare e personalizzare le sue successive visite agli stessi siti (inclusa la visualizzazione di nome e cognome del visitatore, se in possesso di un account utente)<\/li>\n<li>consentire all&#8217;utente di accedere pi\u00f9 rapidamente alle pagine personali memorizzando i dati o le informazioni di accesso inserite in precedenza<\/li>\n<\/ul>\n<p><em>I cookie per la tracciabilit\u00e0 dei visitatori hanno lo scopo di migliorare l&#8217;esperienza utente aiutandoci a capire come l&#8217;utente interagisce con<\/em> https:\/\/spb.dominarussia.com <em>(pagine pi\u00f9 visitate, applicazioni utilizzate, ecc.); questi cookie possono raccogliere dati statistici o testare le varie modalit\u00e0 di visualizzazione delle informazioni per migliorare la rilevanza e la facilit\u00e0 di utilizzo dei nostri servizi.<\/em><\/p>\n<p>I cookie a fini pubblicitari sono pensati per (i) proporre contenuti mirati all&#8217;interno di spazi pubblicitari che potrebbero interessare l&#8217;utente (migliori offerte, altre destinazioni, ecc.) in base ai suoi interessi, al comportamento di navigazione, alle preferenze e ad altri fattori; e (ii) ridurre il numero di visualizzazioni degli annunci pubblicitari.<\/p>\n<p><em>I cookie di affiliazione identificano il sito web di terze parti che ha reindirizzato un visitatore a<\/em> https:\/\/spb.dominarussia.com.<\/p>\n<p><em>I cookie dei social network, impostati da terzi, consentono all&#8217;utente di condividere sui social network la propria opinione e i contenuti di<\/em> https:\/\/spb.dominarussia.com <em>(ad esempio, tramite i pulsanti &#8220;Condividi&#8221; o &#8220;Mi piace&#8221; dei social network).<\/em><\/p>\n<p>In alcuni casi, le applicazioni dei social network su <a href=\"https:\/\/spb.dominarussia.com\">https:\/\/spb.dominarussia.com<\/a> sopra indicate possono consentire ai social network corrispondenti di identificare l&#8217;utente anche se non seleziona il pulsante di accesso all&#8217;applicazione. Questo tipo di pulsante pu\u00f2 consentire a un social network di monitorare l&#8217;attivit\u00e0 di navigazione dell&#8217;utente su <a href=\"https:\/\/spb.dominarussia.com\">https:\/\/spb.dominarussia.com<\/a> semplicemente perch\u00e9 l&#8217;account del social network \u00e8 abilitato sul dispositivo dell&#8217;utente (sessione aperta) durante la navigazione.<\/p>\n<p>Invitiamo l&#8217;utente a leggere le policy di utilizzo dei predetti social network per capire meglio come questi utilizzino le informazioni di navigazione che possono raccogliere, soprattutto in merito a fini promozionali. Tali policy devono consentire esplicitamente all&#8217;utente di effettuare delle scelte sui social network, in particolare configurando gli account utente per ciascuna applicazione.<\/p>\n<ol start=\"4\">\n<li><strong>Consenso<\/strong><\/li>\n<\/ol>\n<p>Per l&#8217;installazione di alcuni cookie \u00e8 richiesto il consenso dell&#8217;utente. Viene inoltre chiesto all&#8217;utente, nel momento in cui visita per la prima volta <a href=\"https:\/\/spb.dominarussia.com\">https:\/\/spb.dominarussia.com<\/a> , di autorizzare l&#8217;installazione di questo tipo di cookie, che vengono attivati solo dopo la sua accettazione.<\/p>\n<p>Questa procedura viene effettuata mediante un banner informativo sulla home page di <a href=\"https:\/\/spb.dominarussia.com\">https:\/\/spb.dominarussia.com<\/a> in cui si informa l&#8217;utente che, proseguendo la navigazione, accetta l&#8217;installazione sul proprio dispositivo dei cookie per i quali \u00e8 richiesta l&#8217;autorizzazione.<\/p>\n<p>L&#8217;utente pu\u00f2 modificare la propria scelta in qualsiasi momento utilizzando uno dei metodi descritti nella sezione &#8220;Eliminare e\/o bloccare i cookie&#8221;.<\/p>\n<p>&nbsp;<\/p>\n<div id=\"macaron_inline_cookie_box\"><\/div>\n<p>&nbsp;<\/p>\n<ol start=\"5\">\n<li><strong>Eliminare e\/o bloccare i cookie<\/strong><\/li>\n<\/ol>\n<p>Ci sono vari modi per eliminare i cookie e altri strumenti di tracciabilit\u00e0.<\/p>\n<p>Impostazioni del browser<\/p>\n<p>Anche se nella maggior parte dei browser i cookie vengono accettati per impostazione predefinita, l&#8217;utente pu\u00f2 decidere, se lo desidera, di accettare tutti i cookie, bloccare sempre i cookie o selezionare quali cookie accettare in base alla loro provenienza.<\/p>\n<p>\u00c8 inoltre possibile impostare il browser in modo da accettare o bloccare singolarmente i cookie prima che vengano installati. Il browser consente inoltre all&#8217;utente di eliminare regolarmente i cookie dal proprio dispositivo. \u00c8 importante ricordarsi di configurare tutti i browser installati sui vari dispositivi (tablet, smartphone, computer, ecc.).<\/p>\n<p>Per quanto riguarda la gestione dei cookie e delle preferenze dell&#8217;utente, la configurazione varia da un browser all&#8217;altro. Queste impostazioni sono descritte nel menu &#8220;guida&#8221; del browser in uso, da dove \u00e8 possibile modificare anche le preferenze relative ai cookie. Per esempio:<\/p>\n<ul>\n<li>Per Microsoft Edge\u2122:<br \/>\n<a href=\"https:\/\/support.microsoft.com\/en-us\/windows\/microsoft-edge-browsing-data-and-privacy-bb8174ba-9d73-dcf2-9b4a-c582b4e640dd\">https:\/\/support.microsoft.com\/en-us\/windows\/microsoft-edge-browsing-data-and-privacy-bb8174ba-9d73-dcf2-9b4a-c582b4e640dd<\/a><\/li>\n<li>Per Safari\u2122: <a href=\"https:\/\/support.apple.com\/guide\/safari\/manage-cookies-and-website-data-sfri11471\/mac\">https:\/\/support.apple.com\/guide\/safari\/manage-cookies-and-website-data-sfri11471\/mac<\/a><\/li>\n<li>Per Chrome\u2122:<br \/>\n<u>https:\/\/support.google.com\/chrome\/answer\/95647<\/u><\/li>\n<li>Per Firefox\u2122:<br \/>\n<a href=\"https:\/\/support.mozilla.org\/en-US\/kb\/block-websites-storing-cookies-site-data-firefox\">https:\/\/support.mozilla.org\/en-US\/kb\/block-websites-storing-cookies-site-data-firefox<\/a><\/li>\n<li>Per Opera\u2122:<br \/>\n<a href=\"https:\/\/help.opera.com\/en\/latest\/web-preferences\/#cookies\">https:\/\/help.opera.com\/en\/latest\/web-preferences\/#cookies<\/a><\/li>\n<\/ul>\n<p>L&#8217;utente ha la facolt\u00e0 di decidere se salvare o meno un cookie sul proprio dispositivo e pu\u00f2 modificare la propria scelta, in qualsiasi momento e gratuitamente, tramite le impostazioni disponibili nel software del proprio browser.<\/p>\n<p>Se il browser \u00e8 impostato per accettare i cookie sul dispositivo, i cookie integrati nelle pagine e nei contenuti visualizzati dall&#8217;utente potrebbero essere temporaneamente memorizzati in uno spazio dedicato del dispositivo dell&#8217;utente. I cookie sono leggibili solo dall&#8217;emittente.<\/p>\n<p>Tuttavia, l&#8217;utente pu\u00f2 impostare il proprio browser web in modo da bloccare i cookie. Si ricorda, tuttavia, che impostando il blocco dei cookie sul browser, non sar\u00e0 possibile accedere ad alcune funzionalit\u00e0, pagine e sezioni di <a href=\"https:\/\/spb.dominarussia.com\">https:\/\/spb.dominarussia.com<\/a> e, in questo caso, decliniamo ogni responsabilit\u00e0 in merito.<\/p>\n<p>Piattaforme pubblicitarie specializzate<\/p>\n<p>Varie piattaforme pubblicitarie professionali consentono all&#8217;utente di accettare o bloccare i cookie utilizzati dalle aziende di cui sono membri. Tali meccanismi centralizzati non bloccano la visualizzazione di annunci pubblicitari, ma si limitano a impedire l&#8217;installazione di cookie che personalizzano gli annunci pubblicitari in base agli interessi dell&#8217;utente.<\/p>\n<p>Ad esempio, \u00e8 possibile visitare il sito web <a href=\"http:\/\/www.youronlinechoices.com\/\">http:\/\/www.youronlinechoices.com<\/a> per impedire l&#8217;installazione dei cookie sul proprio dispositivo. Il sito web \u00e8 stato realizzato da professionisti del marketing digitale che aderiscono alla European Interactive Digital Advertising Alliance (EDAA) ed \u00e8 gestito in Francia da Interactive Advertising Bureau France.<\/p>\n","protected":false},"excerpt":{"rendered":"<p>Uso dei cookie da parte di Domina Rus Limited Liability Company Si avvisa che Domina Rus Limited Liability Company utilizza i cookie o altri strumenti di tracciabilit\u00e0 sul suo sito web https:\/\/spb.dominarussia.com Gli strumenti di tracciabilit\u00e0 possono essere installati sul dispositivo dell&#8217;utente in base alle preferenze gi\u00e0 espresse o che potr\u00e0 esprimere in qualsiasi momento [&hellip;]<\/p>\n","protected":false},"author":7,"featured_media":0,"parent":0,"menu_order":999,"comment_status":"closed","ping_status":"closed","template":"","meta":{"footnotes":""},"class_list":["post-1604","page","type-page","status-publish","hentry"],"yoast_head":"<!-- This site is optimized with the Yoast SEO plugin v26.9 - https:\/\/yoast.com\/product\/yoast-seo-wordpress\/ -->\n<title>Politica sui cookies &#8211; Domina St. Petersburg &#8211;<\/title>\n<meta name=\"robots\" content=\"index, follow, max-snippet:-1, max-image-preview:large, max-video-preview:-1\" \/>\n<link rel=\"canonical\" href=\"https:\/\/spb.dominarussia.com\/it\/politica-sui-cookies\/\" \/>\n<meta property=\"og:locale\" content=\"it_IT\" \/>\n<meta property=\"og:type\" content=\"article\" \/>\n<meta property=\"og:title\" content=\"Politica sui cookies &#8211; Domina St. Petersburg &#8211;\" \/>\n<meta property=\"og:description\" content=\"Uso dei cookie da parte di Domina Rus Limited Liability Company Si avvisa che Domina Rus Limited Liability Company utilizza i cookie o altri strumenti di tracciabilit\u00e0 sul suo sito web https:\/\/spb.dominarussia.com Gli strumenti di tracciabilit\u00e0 possono essere installati sul dispositivo dell&#8217;utente in base alle preferenze gi\u00e0 espresse o che potr\u00e0 esprimere in qualsiasi momento [&hellip;]\" \/>\n<meta property=\"og:url\" content=\"https:\/\/spb.dominarussia.com\/it\/politica-sui-cookies\/\" \/>\n<meta property=\"og:site_name\" content=\"Domina St. Petersburg\" \/>\n<meta name=\"twitter:card\" content=\"summary_large_image\" \/>\n<meta name=\"twitter:label1\" content=\"Tempo di lettura stimato\" \/>\n\t<meta name=\"twitter:data1\" content=\"6 minuti\" \/>\n<script type=\"application\/ld+json\" class=\"yoast-schema-graph\">{\"@context\":\"https:\/\/schema.org\",\"@graph\":[{\"@type\":\"WebPage\",\"@id\":\"https:\/\/spb.dominarussia.com\/it\/politica-sui-cookies\/\",\"url\":\"https:\/\/spb.dominarussia.com\/it\/politica-sui-cookies\/\",\"name\":\"Politica sui cookies &#8211; Domina St. Petersburg &#8211;\",\"isPartOf\":{\"@id\":\"https:\/\/spb.dominarussia.com\/it\/#website\"},\"datePublished\":\"2022-10-19T13:19:36+00:00\",\"breadcrumb\":{\"@id\":\"https:\/\/spb.dominarussia.com\/it\/politica-sui-cookies\/#breadcrumb\"},\"inLanguage\":\"it-IT\",\"potentialAction\":[{\"@type\":\"ReadAction\",\"target\":[\"https:\/\/spb.dominarussia.com\/it\/politica-sui-cookies\/\"]}]},{\"@type\":\"BreadcrumbList\",\"@id\":\"https:\/\/spb.dominarussia.com\/it\/politica-sui-cookies\/#breadcrumb\",\"itemListElement\":[{\"@type\":\"ListItem\",\"position\":1,\"name\":\"Home\",\"item\":\"https:\/\/spb.dominarussia.com\/it\/\"},{\"@type\":\"ListItem\",\"position\":2,\"name\":\"Politica sui cookies\"}]},{\"@type\":\"WebSite\",\"@id\":\"https:\/\/spb.dominarussia.com\/it\/#website\",\"url\":\"https:\/\/spb.dominarussia.com\/it\/\",\"name\":\"Domina St. Petersburg\",\"description\":\"Just another ms.decms.eu site\",\"potentialAction\":[{\"@type\":\"SearchAction\",\"target\":{\"@type\":\"EntryPoint\",\"urlTemplate\":\"https:\/\/spb.dominarussia.com\/it\/?s={search_term_string}\"},\"query-input\":{\"@type\":\"PropertyValueSpecification\",\"valueRequired\":true,\"valueName\":\"search_term_string\"}}],\"inLanguage\":\"it-IT\"}]}<\/script>\n<!-- \/ Yoast SEO plugin. -->","yoast_head_json":{"title":"Politica sui cookies &#8211; Domina St. Petersburg &#8211;","robots":{"index":"index","follow":"follow","max-snippet":"max-snippet:-1","max-image-preview":"max-image-preview:large","max-video-preview":"max-video-preview:-1"},"canonical":"https:\/\/spb.dominarussia.com\/it\/politica-sui-cookies\/","og_locale":"it_IT","og_type":"article","og_title":"Politica sui cookies &#8211; Domina St. Petersburg &#8211;","og_description":"Uso dei cookie da parte di Domina Rus Limited Liability Company Si avvisa che Domina Rus Limited Liability Company utilizza i cookie o altri strumenti di tracciabilit\u00e0 sul suo sito web https:\/\/spb.dominarussia.com Gli strumenti di tracciabilit\u00e0 possono essere installati sul dispositivo dell&#8217;utente in base alle preferenze gi\u00e0 espresse o che potr\u00e0 esprimere in qualsiasi momento [&hellip;]","og_url":"https:\/\/spb.dominarussia.com\/it\/politica-sui-cookies\/","og_site_name":"Domina St. Petersburg","twitter_card":"summary_large_image","twitter_misc":{"Tempo di lettura stimato":"6 minuti"},"schema":{"@context":"https:\/\/schema.org","@graph":[{"@type":"WebPage","@id":"https:\/\/spb.dominarussia.com\/it\/politica-sui-cookies\/","url":"https:\/\/spb.dominarussia.com\/it\/politica-sui-cookies\/","name":"Politica sui cookies &#8211; Domina St. Petersburg &#8211;","isPartOf":{"@id":"https:\/\/spb.dominarussia.com\/it\/#website"},"datePublished":"2022-10-19T13:19:36+00:00","breadcrumb":{"@id":"https:\/\/spb.dominarussia.com\/it\/politica-sui-cookies\/#breadcrumb"},"inLanguage":"it-IT","potentialAction":[{"@type":"ReadAction","target":["https:\/\/spb.dominarussia.com\/it\/politica-sui-cookies\/"]}]},{"@type":"BreadcrumbList","@id":"https:\/\/spb.dominarussia.com\/it\/politica-sui-cookies\/#breadcrumb","itemListElement":[{"@type":"ListItem","position":1,"name":"Home","item":"https:\/\/spb.dominarussia.com\/it\/"},{"@type":"ListItem","position":2,"name":"Politica sui cookies"}]},{"@type":"WebSite","@id":"https:\/\/spb.dominarussia.com\/it\/#website","url":"https:\/\/spb.dominarussia.com\/it\/","name":"Domina St. Petersburg","description":"Just another ms.decms.eu site","potentialAction":[{"@type":"SearchAction","target":{"@type":"EntryPoint","urlTemplate":"https:\/\/spb.dominarussia.com\/it\/?s={search_term_string}"},"query-input":{"@type":"PropertyValueSpecification","valueRequired":true,"valueName":"search_term_string"}}],"inLanguage":"it-IT"}]}},"acf":[],"_links":{"self":[{"href":"https:\/\/spb.dominarussia.com\/it\/wp-json\/wp\/v2\/pages\/1604","targetHints":{"allow":["GET"]}}],"collection":[{"href":"https:\/\/spb.dominarussia.com\/it\/wp-json\/wp\/v2\/pages"}],"about":[{"href":"https:\/\/spb.dominarussia.com\/it\/wp-json\/wp\/v2\/types\/page"}],"author":[{"embeddable":true,"href":"https:\/\/spb.dominarussia.com\/it\/wp-json\/wp\/v2\/users\/7"}],"replies":[{"embeddable":true,"href":"https:\/\/spb.dominarussia.com\/it\/wp-json\/wp\/v2\/comments?post=1604"}],"version-history":[{"count":0,"href":"https:\/\/spb.dominarussia.com\/it\/wp-json\/wp\/v2\/pages\/1604\/revisions"}],"wp:attachment":[{"href":"https:\/\/spb.dominarussia.com\/it\/wp-json\/wp\/v2\/media?parent=1604"}],"curies":[{"name":"wp","href":"https:\/\/api.w.org\/{rel}","templated":true}]}}